{"id":764135,"date":"2025-08-28T11:01:12","date_gmt":"2025-08-28T08:01:12","guid":{"rendered":"https:\/\/roveyayinevi.com.tr\/index.php\/urun\/degerler-egitimi-penceresinden-yusuf-ile-zuleyha-kissasi\/"},"modified":"2026-04-15T03:29:52","modified_gmt":"2026-04-15T00:29:52","slug":"degerler-egitimi-penceresinden-yusuf-ile-zuleyha-kissasi","status":"publish","type":"product","link":"https:\/\/roveyayinevi.com.tr\/index.php\/urun\/degerler-egitimi-penceresinden-yusuf-ile-zuleyha-kissasi\/","title":{"rendered":"De\u011ferler E\u011fitimi Penceresinden Yusuf \u0130le Z\u00fcleyha K\u0131ssas\u0131"},"content":{"rendered":"<p>De\u011ferleri \u00f6z\u00fcnde benimsemi\u015f ve hayat\u0131na yerle\u015ftirebilmi\u015f \u015fahsiyetler kendi d\u00f6nemlerine ve sonraki d\u00f6nemlere \u0131\u015f\u0131k tutmu\u015flard\u0131r. Ahlaki de\u011ferlerin insan i\u00e7in, insanl\u0131k i\u00e7in ne derece \u00f6nemli unsurlar oldu\u011funu g\u00fcn\u00fcm\u00fcz a\u011f toplumunda daha fazla m\u00fc\u015fahede etmekteyiz. Bu \u00e7al\u0131\u015fma \u00e7er\u00e7evesinde inceledi\u011fimiz Yusuf suresinde g\u00f6ze \u00e7arpan pek \u00e7ok de\u011fere bir de bu a\u00e7\u0131dan bak\u0131lmas\u0131 istenmektedir. \u00c7\u00fcnk\u00fc o, hayat\u0131 boyunca \u00e7e\u015fitli s\u0131k\u0131nt\u0131lardan ge\u00e7mi\u015f, Allah\u2019\u0131n imtihan etti\u011fi \u00f6rnek \u015fahsiyetlerden biridir. Onun g\u00fczelli\u011fi \u00e7e\u015fitli benzetmelere konu olmu\u015f, insanlar evlatlar\u0131n\u0131n, kad\u0131nlar e\u015flerinin Hz. Yusuf gibi g\u00fczel olmas\u0131n\u0131 talep etmi\u015flerdir. Hz. Yusuf, \u00c7etin imtihan\u0131na ra\u011fmen sahip oldu\u011fu \u00fcst\u00fcn ahlak vas\u0131tas\u0131yla Allah\u2019\u0131n (c.c) l\u00fctfuna nas\u0131l mazhar olunabildi\u011finin g\u00fczel bir \u00f6rne\u011fini sunmaktad\u0131r. Onun Z\u00fcleyha ile olan ileti\u015fiminin, ahlaki de\u011ferler a\u00e7\u0131s\u0131ndan tekrar merce\u011fe al\u0131nmas\u0131, de\u011fi\u015fen d\u00fcnya \u015fartlar\u0131nda maruz kal\u0131nan anlam kaymas\u0131 kar\u015f\u0131s\u0131nda bir de\u011fer olarak \u201ciffet\u201din \u00f6neminin anla\u015f\u0131lmas\u0131 a\u00e7\u0131s\u0131ndan da \u00f6nemlidir.<\/p>\n","protected":false},"excerpt":{"rendered":"<p>De\u011ferleri \u00f6z\u00fcnde benimsemi\u015f ve hayat\u0131na yerle\u015ftirebilmi\u015f \u015fahsiyetler kendi d\u00f6nemlerine ve sonraki d\u00f6nemlere \u0131\u015f\u0131k tutmu\u015flard\u0131r. Ahlaki de\u011ferlerin insan i\u00e7in, insanl\u0131k i\u00e7in ne derece \u00f6nemli unsurlar oldu\u011funu g\u00fcn\u00fcm\u00fcz<span class=\"excerpt-hellip\"> [\u2026]<\/span><\/p>\n","protected":false},"featured_media":0,"template":"","meta":{"_monsterinsights_skip_tracking":false,"_monsterinsights_sitenote_active":false,"_monsterinsights_sitenote_note":"","_monsterinsights_sitenote_category":0},"product_brand":[],"product_cat":[12718,12719],"product_tag":[],"class_list":{"0":"post-764135","1":"product","2":"type-product","3":"status-publish","5":"product_cat-din","6":"product_cat-islam","7":"pa_cilt-ciltsiz","8":"pa_tur-kitap","9":"pa_yayinevi-astana-yayinlari","10":"pa_yazar-aysegul-buyukbingol","12":"first","13":"instock","14":"sale","15":"shipping-taxable","16":"purchasable","17":"product-type-simple"},"_links":{"self":[{"href":"https:\/\/roveyayinevi.com.tr\/index.php\/wp-json\/wp\/v2\/product\/764135","targetHints":{"allow":["GET"]}}],"collection":[{"href":"https:\/\/roveyayinevi.com.tr\/index.php\/wp-json\/wp\/v2\/product"}],"about":[{"href":"https:\/\/roveyayinevi.com.tr\/index.php\/wp-json\/wp\/v2\/types\/product"}],"wp:attachment":[{"href":"https:\/\/roveyayinevi.com.tr\/index.php\/wp-json\/wp\/v2\/media?parent=764135"}],"wp:term":[{"taxonomy":"product_brand","embeddable":true,"href":"https:\/\/roveyayinevi.com.tr\/index.php\/wp-json\/wp\/v2\/product_brand?post=764135"},{"taxonomy":"product_cat","embeddable":true,"href":"https:\/\/roveyayinevi.com.tr\/index.php\/wp-json\/wp\/v2\/product_cat?post=764135"},{"taxonomy":"product_tag","embeddable":true,"href":"https:\/\/roveyayinevi.com.tr\/index.php\/wp-json\/wp\/v2\/product_tag?post=764135"}],"curies":[{"name":"wp","href":"https:\/\/api.w.org\/{rel}","templated":true}]}}