{"id":764132,"date":"2025-08-28T11:01:07","date_gmt":"2025-08-28T08:01:07","guid":{"rendered":"https:\/\/roveyayinevi.com.tr\/index.php\/urun\/saglik-hukuku-acisindan-gocmenlerin-is-barinma-ve-saglik-hakki-ulusal-ve-uluslararasi-boyutuyla\/"},"modified":"2026-04-15T03:29:52","modified_gmt":"2026-04-15T00:29:52","slug":"saglik-hukuku-acisindan-gocmenlerin-is-barinma-ve-saglik-hakki-ulusal-ve-uluslararasi-boyutuyla","status":"publish","type":"product","link":"https:\/\/roveyayinevi.com.tr\/index.php\/urun\/saglik-hukuku-acisindan-gocmenlerin-is-barinma-ve-saglik-hakki-ulusal-ve-uluslararasi-boyutuyla\/","title":{"rendered":"Sa\u011fl\u0131k Hukuku A\u00e7\u0131s\u0131ndan G\u00f6\u00e7menlerin \u0130\u015f\u2013Bar\u0131nma ve Sa\u011fl\u0131k Hakk\u0131 (Ulusal ve Uluslararas\u0131 Boyutuyla)"},"content":{"rendered":"<p>D\u00fcnyada \u00e7e\u015fitli nedenlerle g\u00f6\u00e7men, m\u00fclteci ve s\u0131\u011f\u0131nmac\u0131 olmak durumunda kalm\u0131\u015f insanlar\u0131n, kaynak \u00fclkeden transit ya da hedef \u00fclkede bulunduklar\u0131 s\u00fcrece ya\u015fam\u0131n\u0131 s\u00fcrd\u00fcrebilmek i\u00e7in beslenmek, ihtiya\u00e7 halinde sa\u011fl\u0131k hakk\u0131ndan yararlanmak, sa\u011fl\u0131\u011fa uygun konutlarda bar\u0131nmak, temiz suya eri\u015fmek, g\u00fcvenli i\u015fte ve i\u015fyerinde \u00e7al\u0131\u015fmak gibi ya\u015fama hakk\u0131n\u0131 olu\u015fturan haklardan, ilgili \u00fclkelerin idarecileri taraf\u0131ndan yararland\u0131r\u0131lmal\u0131d\u0131rlar. Zira bu haklar her insan\u0131n insan olmas\u0131ndan kaynakl\u0131 do\u011fal haklar\u0131d\u0131r. G\u00f6\u00e7men haklar\u0131na ili\u015fkin \u00fclkemizin de taraf\u0131 oldu\u011fu, bir\u00e7ok uluslararas\u0131 s\u00f6zle\u015fme bulunmaktad\u0131r. 18.12.1990 tarihinde Birle\u015fmi\u015f Milletler Genel Kurulu taraf\u0131ndan kabul edilen 01.07.2003 tarihinde y\u00fcr\u00fcrl\u00fc\u011fe giren T\u00fcm G\u00f6\u00e7men \u0130\u015f\u00e7ilerin ve Aile Fertlerinin Haklar\u0131n\u0131n Korunmas\u0131na Dair Uluslararas\u0131 S\u00f6zleme bunlardan biridir. S\u00f6zle\u015fme gere\u011fince G\u00f6\u00e7men i\u015f\u00e7iler ve ailelerinin korunmas\u0131, uluslararas\u0131 toplumun sorumlulu\u011fundad\u0131r. G\u00f6\u00e7menlerin ya\u015famlar\u0131n\u0131n korunmas\u0131n\u0131n sorumlulu\u011fu g\u00f6\u00e7 eyleminin ba\u015flamas\u0131ndan var\u0131lmak istenen g\u00f6\u00e7 noktas\u0131na kadar devam etmelidir. \u00dclkeler taraf\u0131ndan yasa d\u0131\u015f\u0131 g\u00f6\u00e7\u00fcn \u00f6nlenmesi i\u00e7in al\u0131nan tedbirlerin temel insan haklar\u0131na ayk\u0131r\u0131 olamamas\u0131na dikkat edilmelidir.<\/p>\n","protected":false},"excerpt":{"rendered":"<p>D\u00fcnyada \u00e7e\u015fitli nedenlerle g\u00f6\u00e7men, m\u00fclteci ve s\u0131\u011f\u0131nmac\u0131 olmak durumunda kalm\u0131\u015f insanlar\u0131n, kaynak \u00fclkeden transit ya da hedef \u00fclkede bulunduklar\u0131 s\u00fcrece ya\u015fam\u0131n\u0131 s\u00fcrd\u00fcrebilmek i\u00e7in beslenmek, ihtiya\u00e7 halinde<span class=\"excerpt-hellip\"> [\u2026]<\/span><\/p>\n","protected":false},"featured_media":0,"template":"","meta":{"_monsterinsights_skip_tracking":false,"_monsterinsights_sitenote_active":false,"_monsterinsights_sitenote_note":"","_monsterinsights_sitenote_category":0},"product_brand":[],"product_cat":[20333,13043],"product_tag":[],"class_list":{"0":"post-764132","1":"product","2":"type-product","3":"status-publish","5":"product_cat-diger-ekonomi","6":"product_cat-ekonomi","7":"pa_cilt-ciltsiz","8":"pa_tur-kitap","9":"pa_yayinevi-astana-yayinlari","10":"pa_yazar-dr-hakife-aktas-belek","12":"first","13":"instock","14":"sale","15":"shipping-taxable","16":"purchasable","17":"product-type-simple"},"_links":{"self":[{"href":"https:\/\/roveyayinevi.com.tr\/index.php\/wp-json\/wp\/v2\/product\/764132","targetHints":{"allow":["GET"]}}],"collection":[{"href":"https:\/\/roveyayinevi.com.tr\/index.php\/wp-json\/wp\/v2\/product"}],"about":[{"href":"https:\/\/roveyayinevi.com.tr\/index.php\/wp-json\/wp\/v2\/types\/product"}],"wp:attachment":[{"href":"https:\/\/roveyayinevi.com.tr\/index.php\/wp-json\/wp\/v2\/media?parent=764132"}],"wp:term":[{"taxonomy":"product_brand","embeddable":true,"href":"https:\/\/roveyayinevi.com.tr\/index.php\/wp-json\/wp\/v2\/product_brand?post=764132"},{"taxonomy":"product_cat","embeddable":true,"href":"https:\/\/roveyayinevi.com.tr\/index.php\/wp-json\/wp\/v2\/product_cat?post=764132"},{"taxonomy":"product_tag","embeddable":true,"href":"https:\/\/roveyayinevi.com.tr\/index.php\/wp-json\/wp\/v2\/product_tag?post=764132"}],"curies":[{"name":"wp","href":"https:\/\/api.w.org\/{rel}","templated":true}]}}