{"id":764131,"date":"2025-08-28T11:01:06","date_gmt":"2025-08-28T08:01:06","guid":{"rendered":"https:\/\/roveyayinevi.com.tr\/index.php\/urun\/gecici-koruma-kapsamindaki-suriyelilerin-uyum-ve-iskan-sorunlari-ve-cozum-onerileri-dogu-marmara-illeri-uzerine-bir-arastirma\/"},"modified":"2026-04-15T03:29:52","modified_gmt":"2026-04-15T00:29:52","slug":"gecici-koruma-kapsamindaki-suriyelilerin-uyum-ve-iskan-sorunlari-ve-cozum-onerileri-dogu-marmara-illeri-uzerine-bir-arastirma","status":"publish","type":"product","link":"https:\/\/roveyayinevi.com.tr\/index.php\/urun\/gecici-koruma-kapsamindaki-suriyelilerin-uyum-ve-iskan-sorunlari-ve-cozum-onerileri-dogu-marmara-illeri-uzerine-bir-arastirma\/","title":{"rendered":"Ge\u00e7ici Koruma Kapsam\u0131ndaki Suriyelilerin Uyum ve \u0130skan Sorunlar\u0131 ve \u00c7\u00f6z\u00fcm \u00d6nerileri: Do\u011fu Marmara \u0130lleri \u00dczerine Bir Ara\u015ft\u0131rma"},"content":{"rendered":"<p>21. y\u00fczy\u0131l\u0131n en b\u00fcy\u00fck sosyal sorunlar\u0131ndan biri olan uluslararas\u0131 g\u00f6\u00e7, hem geli\u015fmekte olan \u00fclkeleri hem de geli\u015fmi\u015f \u00fclkeleri etkileyen sosyal bir olgudur. 2011 y\u0131l\u0131nda Suriye\u2019de ya\u015fanan i\u00e7 sava\u015f nedeniyle \u00fclkelerinden ayr\u0131lmak zorunda kalan ve T\u00fcrkiye ba\u015fta olmak \u00fczere farkl\u0131 \u00fclkelere s\u0131\u011f\u0131nan Suriyeliler bu y\u00fczy\u0131l\u0131n en b\u00fcy\u00fck kitlesel g\u00f6\u00e7 hareketini ba\u015flatt\u0131klar\u0131n\u0131n fark\u0131nda de\u011fillerdi. Aradan ge\u00e7en on bir y\u0131l\u0131n sonunda T\u00fcrkiye\u2019deki Suriyeli s\u0131\u011f\u0131nmac\u0131 say\u0131s\u0131, \u00fclkedeki yabanc\u0131lar\u0131n b\u00fcy\u00fck bir \u00e7o\u011funlu\u011funu olu\u015fturmu\u015ftur. T\u00fcrkiye\u2019de Suriyelilere y\u00f6nelik yap\u0131lan \u00e7al\u0131\u015fmalar daha \u00e7ok uyum konusunda olmu\u015ftur. Bu \u00e7al\u0131\u015fma Suriyeli s\u0131\u011f\u0131nmac\u0131lar\u0131n ya\u015fad\u0131klar\u0131 uyum konusunun yan\u0131 s\u0131ra ve isk\u00e2n ve konut sorunlar\u0131n\u0131n belirlenmesi a\u00e7\u0131s\u0131ndan da \u00f6nem ta\u015f\u0131maktad\u0131r. Ayr\u0131ca \u00e7al\u0131\u015fman\u0131n b\u00f6lgesel d\u00fczeyde ger\u00e7ekle\u015fmesi ve G\u00f6\u00e7 \u0130daresi Ba\u015fkanl\u0131\u011f\u0131 ile ortak hareket edilerek yap\u0131lmas\u0131 bu konunun \u00f6zg\u00fcnl\u00fc\u011f\u00fcn\u00fc ortaya \u00e7\u0131karmaktad\u0131r. Alan ara\u015ft\u0131rmas\u0131, Do\u011fu Marmara illeri kapsam\u0131nda olan Yalova, Kocaeli, Sakarya, Bolu ve D\u00fczce illerinde ya\u015fayan toplam 1.144 ki\u015fiye uygulanm\u0131\u015f ve toplanan veriler, frekans ve y\u00fczde analizi, ki-kare uygunluk testi ve ba\u011f\u0131ms\u0131z ki-kare testi arac\u0131l\u0131\u011f\u0131 ile analiz edilmi\u015ftir.<\/p>\n","protected":false},"excerpt":{"rendered":"<p>21. y\u00fczy\u0131l\u0131n en b\u00fcy\u00fck sosyal sorunlar\u0131ndan biri olan uluslararas\u0131 g\u00f6\u00e7, hem geli\u015fmekte olan \u00fclkeleri hem de geli\u015fmi\u015f \u00fclkeleri etkileyen sosyal bir olgudur. 2011 y\u0131l\u0131nda Suriye\u2019de ya\u015fanan<span class=\"excerpt-hellip\"> [\u2026]<\/span><\/p>\n","protected":false},"featured_media":0,"template":"","meta":{"_monsterinsights_skip_tracking":false,"_monsterinsights_sitenote_active":false,"_monsterinsights_sitenote_note":"","_monsterinsights_sitenote_category":0},"product_brand":[],"product_cat":[12370,12304],"product_tag":[],"class_list":{"0":"post-764131","1":"product","2":"type-product","3":"status-publish","5":"product_cat-arastirma-inceleme","6":"product_cat-tarih","7":"pa_cilt-ciltsiz","8":"pa_tur-kitap","9":"pa_yayinevi-astana-yayinlari","10":"pa_yazar-dr-mehmet-ercorumlu","12":"first","13":"instock","14":"sale","15":"shipping-taxable","16":"purchasable","17":"product-type-simple"},"_links":{"self":[{"href":"https:\/\/roveyayinevi.com.tr\/index.php\/wp-json\/wp\/v2\/product\/764131","targetHints":{"allow":["GET"]}}],"collection":[{"href":"https:\/\/roveyayinevi.com.tr\/index.php\/wp-json\/wp\/v2\/product"}],"about":[{"href":"https:\/\/roveyayinevi.com.tr\/index.php\/wp-json\/wp\/v2\/types\/product"}],"wp:attachment":[{"href":"https:\/\/roveyayinevi.com.tr\/index.php\/wp-json\/wp\/v2\/media?parent=764131"}],"wp:term":[{"taxonomy":"product_brand","embeddable":true,"href":"https:\/\/roveyayinevi.com.tr\/index.php\/wp-json\/wp\/v2\/product_brand?post=764131"},{"taxonomy":"product_cat","embeddable":true,"href":"https:\/\/roveyayinevi.com.tr\/index.php\/wp-json\/wp\/v2\/product_cat?post=764131"},{"taxonomy":"product_tag","embeddable":true,"href":"https:\/\/roveyayinevi.com.tr\/index.php\/wp-json\/wp\/v2\/product_tag?post=764131"}],"curies":[{"name":"wp","href":"https:\/\/api.w.org\/{rel}","templated":true}]}}