{"id":764130,"date":"2025-08-28T11:01:05","date_gmt":"2025-08-28T08:01:05","guid":{"rendered":"https:\/\/roveyayinevi.com.tr\/index.php\/urun\/genel-kamu-hukukuna-emek-verenler\/"},"modified":"2026-04-15T03:29:52","modified_gmt":"2026-04-15T00:29:52","slug":"genel-kamu-hukukuna-emek-verenler","status":"publish","type":"product","link":"https:\/\/roveyayinevi.com.tr\/index.php\/urun\/genel-kamu-hukukuna-emek-verenler\/","title":{"rendered":"Genel Kamu Hukukuna Emek Verenler"},"content":{"rendered":"<p>\u00dclkemizin \u00fcniversiteleri, geli\u015fmi\u015f \u00fclkelerdeki kadar kurumsalla\u015fabilmi\u015f de\u011fildir. Bunun tarihi nedenlerin yan\u0131 s\u0131ra bir\u00e7ok toplumsal ve k\u00fclt\u00fcrel sebep rol oynam\u0131\u015ft\u0131r. Devlet Osmanl\u0131 d\u00f6neminde medreseleri, Cumhuriyet d\u00f6neminde de \u00fcniversiteleri bir ideoloji \u00fcretme kurumu, bir iktidar \u00fcretme arac\u0131 olarak g\u00f6rm\u00fc\u015ft\u00fcr. Bunda g\u00fc\u00e7l\u00fc bir sivil toplumun yoklu\u011fu, farkl\u0131 siyasi, tarihi ve ekonomik sebepler, sorgulay\u0131c\u0131 bir e\u011fitim modelinden yoksunluk ve daha bir\u00e7ok etken rol oynam\u0131\u015ft\u0131r.<\/p><\/div>\n<p><\/div>\n<p>\u00dcniversiteler her \u015feye ra\u011fmen kendilerince gelenekler \u00fcretebilir. Bu gelenekler uzun d\u00f6nemde kurumsal k\u00fclt\u00fcr\u00fcn temelini olu\u015fturacakt\u0131r. Biz de genel kamu hukukuna akademik eme\u011fiyle katk\u0131da bulunan bilim insanlar\u0131m\u0131z\u0131n hem hat\u0131rlanmalar\u0131 hem de bu alanda \u00f6\u011fretinin izledi\u011fi geli\u015fim s\u00fcre\u00e7lerine b\u00fct\u00fcnc\u00fcl bir bak\u0131\u015f a\u00e7\u0131s\u0131 kazand\u0131rmay\u0131 hedefledik. 1982\u2019ye kadar sadece \u0130stanbul ve Ankara Hukuk fak\u00fclteleri mevcut olsalar da aradan ge\u00e7en yakla\u015f\u0131k 40 y\u0131ll\u0131k s\u00fcre\u00e7te say\u0131 olduk\u00e7a artm\u0131\u015f durumdad\u0131r. Dolay\u0131s\u0131yla genel kamu hukuku anabilim dal\u0131 k\u00fcrs\u00fcleri de artm\u0131\u015f, sonu\u00e7ta ders i\u00e7eri\u011finde hangi konular\u0131n yer almas\u0131 gerekti\u011fi hususu daha da \u00f6nemli hale gelmi\u015ftir.<\/p>\n","protected":false},"excerpt":{"rendered":"<p>\u00dclkemizin \u00fcniversiteleri, geli\u015fmi\u015f \u00fclkelerdeki kadar kurumsalla\u015fabilmi\u015f de\u011fildir. Bunun tarihi nedenlerin yan\u0131 s\u0131ra bir\u00e7ok toplumsal ve k\u00fclt\u00fcrel sebep rol oynam\u0131\u015ft\u0131r. Devlet Osmanl\u0131 d\u00f6neminde medreseleri, Cumhuriyet d\u00f6neminde de<span class=\"excerpt-hellip\"> [\u2026]<\/span><\/p>\n","protected":false},"featured_media":0,"template":"","meta":{"_monsterinsights_skip_tracking":false,"_monsterinsights_sitenote_active":false,"_monsterinsights_sitenote_note":"","_monsterinsights_sitenote_category":0},"product_brand":[],"product_cat":[15350,17602],"product_tag":[],"class_list":{"0":"post-764130","1":"product","2":"type-product","3":"status-publish","5":"product_cat-hukuk","6":"product_cat-hukuk-uzerine","7":"pa_cilt-ciltsiz","8":"pa_tur-kitap","9":"pa_yayinevi-astana-yayinlari","10":"pa_yazar-prof-dr-ilyas-dogan","12":"first","13":"instock","14":"sale","15":"shipping-taxable","16":"purchasable","17":"product-type-simple"},"_links":{"self":[{"href":"https:\/\/roveyayinevi.com.tr\/index.php\/wp-json\/wp\/v2\/product\/764130","targetHints":{"allow":["GET"]}}],"collection":[{"href":"https:\/\/roveyayinevi.com.tr\/index.php\/wp-json\/wp\/v2\/product"}],"about":[{"href":"https:\/\/roveyayinevi.com.tr\/index.php\/wp-json\/wp\/v2\/types\/product"}],"wp:attachment":[{"href":"https:\/\/roveyayinevi.com.tr\/index.php\/wp-json\/wp\/v2\/media?parent=764130"}],"wp:term":[{"taxonomy":"product_brand","embeddable":true,"href":"https:\/\/roveyayinevi.com.tr\/index.php\/wp-json\/wp\/v2\/product_brand?post=764130"},{"taxonomy":"product_cat","embeddable":true,"href":"https:\/\/roveyayinevi.com.tr\/index.php\/wp-json\/wp\/v2\/product_cat?post=764130"},{"taxonomy":"product_tag","embeddable":true,"href":"https:\/\/roveyayinevi.com.tr\/index.php\/wp-json\/wp\/v2\/product_tag?post=764130"}],"curies":[{"name":"wp","href":"https:\/\/api.w.org\/{rel}","templated":true}]}}