{"id":764129,"date":"2025-08-28T11:01:04","date_gmt":"2025-08-28T08:01:04","guid":{"rendered":"https:\/\/roveyayinevi.com.tr\/index.php\/urun\/hazar-denizi-ve-karadenizde-kuresel-enerji-mucadelesi\/"},"modified":"2026-04-15T03:29:52","modified_gmt":"2026-04-15T00:29:52","slug":"hazar-denizi-ve-karadenizde-kuresel-enerji-mucadelesi","status":"publish","type":"product","link":"https:\/\/roveyayinevi.com.tr\/index.php\/urun\/hazar-denizi-ve-karadenizde-kuresel-enerji-mucadelesi\/","title":{"rendered":"Hazar Denizi ve Karadeniz&#8217;de K\u00fcresel Enerji M\u00fccadelesi"},"content":{"rendered":"<p>Devletler aras\u0131 m\u00fccadeleler kimi zaman yeni topraklar\u0131n s\u0131n\u0131rlara dahil edilmesi i\u00e7in olabilirken, kimi zaman o topraklar\u0131n alt\u0131ndaki ya da \u00fcst\u00fcndeki nimetlere sahip olmak ve kontrol g\u00fcc\u00fc kazanmak i\u00e7in olabilir. G\u00fcn\u00fcm\u00fczde bu nimetlerden en \u00f6nemlilerinden biri ve stratejik de\u011fere sahip olan\u0131 ise enerji kaynaklar\u0131d\u0131r. Bu kaynaklara sahip olmak ve \u00fcretmek, g\u00fc\u00e7 sa\u011flayabilece\u011fi gibi sahip olunmayan kaynaklar\u0131 da kontrol ederek k\u00fcresel g\u00fc\u00e7 kazanmak, b\u00fcy\u00fck devletler aras\u0131nda bir m\u00fccadele alan\u0131 yaratmaktad\u0131r. Avrupa&#8217;dan \u00c7in&#8217;e uzanan geni\u015f co\u011frafyan\u0131n ortas\u0131nda ise Karadeniz ve Hazar Denizi sadece \u00e7evrelerindeki \u00fclkeler i\u00e7in de\u011fil, enerji \u00fczerinde n\u00fcfuz sa\u011flay\u0131p g\u00fc\u00e7 kazanmak isteyen devletler i\u00e7in de bir jeopolitik rekabet alanlar\u0131d\u0131r.<\/p>\n","protected":false},"excerpt":{"rendered":"<p>Devletler aras\u0131 m\u00fccadeleler kimi zaman yeni topraklar\u0131n s\u0131n\u0131rlara dahil edilmesi i\u00e7in olabilirken, kimi zaman o topraklar\u0131n alt\u0131ndaki ya da \u00fcst\u00fcndeki nimetlere sahip olmak ve kontrol g\u00fcc\u00fc<span class=\"excerpt-hellip\"> [\u2026]<\/span><\/p>\n","protected":false},"featured_media":0,"template":"","meta":{"_monsterinsights_skip_tracking":false,"_monsterinsights_sitenote_active":false,"_monsterinsights_sitenote_note":"","_monsterinsights_sitenote_category":0},"product_brand":[],"product_cat":[31194,12337],"product_tag":[],"class_list":{"0":"post-764129","1":"product","2":"type-product","3":"status-publish","5":"product_cat-guncel-siyaset","6":"product_cat-politika-siyaset","7":"pa_cilt-ciltsiz","8":"pa_tur-kitap","9":"pa_yayinevi-astana-yayinlari","10":"pa_yazar-ahmet-aydin","12":"first","13":"instock","14":"sale","15":"shipping-taxable","16":"purchasable","17":"product-type-simple"},"_links":{"self":[{"href":"https:\/\/roveyayinevi.com.tr\/index.php\/wp-json\/wp\/v2\/product\/764129","targetHints":{"allow":["GET"]}}],"collection":[{"href":"https:\/\/roveyayinevi.com.tr\/index.php\/wp-json\/wp\/v2\/product"}],"about":[{"href":"https:\/\/roveyayinevi.com.tr\/index.php\/wp-json\/wp\/v2\/types\/product"}],"wp:attachment":[{"href":"https:\/\/roveyayinevi.com.tr\/index.php\/wp-json\/wp\/v2\/media?parent=764129"}],"wp:term":[{"taxonomy":"product_brand","embeddable":true,"href":"https:\/\/roveyayinevi.com.tr\/index.php\/wp-json\/wp\/v2\/product_brand?post=764129"},{"taxonomy":"product_cat","embeddable":true,"href":"https:\/\/roveyayinevi.com.tr\/index.php\/wp-json\/wp\/v2\/product_cat?post=764129"},{"taxonomy":"product_tag","embeddable":true,"href":"https:\/\/roveyayinevi.com.tr\/index.php\/wp-json\/wp\/v2\/product_tag?post=764129"}],"curies":[{"name":"wp","href":"https:\/\/api.w.org\/{rel}","templated":true}]}}