{"id":764128,"date":"2025-08-28T11:01:02","date_gmt":"2025-08-28T08:01:02","guid":{"rendered":"https:\/\/roveyayinevi.com.tr\/index.php\/urun\/calisan-adanmisligi-employee-engagement\/"},"modified":"2026-04-15T03:29:52","modified_gmt":"2026-04-15T00:29:52","slug":"calisan-adanmisligi-employee-engagement","status":"publish","type":"product","link":"https:\/\/roveyayinevi.com.tr\/index.php\/urun\/calisan-adanmisligi-employee-engagement\/","title":{"rendered":"\u00c7al\u0131\u015fan Adanm\u0131\u015fl\u0131\u011f\u0131 (Employee Engagement)"},"content":{"rendered":"<p>K\u00fcreselle\u015fme, ileti\u015fim, bili\u015fim teknolojisinde meydana gelen h\u0131zl\u0131 de\u011fi\u015fiklikler ve m\u00fc\u015fteri beklentilerinin karma\u015f\u0131k bir hal almas\u0131 gibi nedenlerden dolay\u0131 \u015firketlerin rekabet \u00fcst\u00fcnl\u00fc\u011f\u00fc elde edebilmeleri ve s\u00fcrd\u00fcr\u00fclebilirli\u011fini sa\u011flayabilmeleri her ge\u00e7en g\u00fcn zorla\u015fmaktad\u0131r. Bu durum \u015firketlerin adanm\u0131\u015f \u00e7al\u0131\u015fanlara olan ihtiyac\u0131n\u0131 art\u0131rmaktad\u0131r. \u00c7\u00fcnk\u00fc adanm\u0131\u015f \u00e7al\u0131\u015fanlar i\u015flerini iyi yapabilmek i\u00e7in \u00e7ok \u00e7al\u0131\u015fmakta, \u015firkete kar\u015f\u0131 g\u00fc\u00e7l\u00fc duygusal ba\u011f hissetmekte, daha iyi hizmet ve m\u00fc\u015fteri odakl\u0131 olmakta, \u00e7al\u0131\u015fma arkada\u015flar\u0131 ile uyum i\u00e7inde \u00e7al\u0131\u015fmakta, \u015firketin ba\u015far\u0131s\u0131na katk\u0131 sa\u011flamak i\u00e7in kendi istekleri do\u011frultusunda ekstra \u00e7aba g\u00f6stermekte ve \u015firket \u00fcyeli\u011fine istekli bir \u015fekilde devam etmektedir. Adanm\u0131\u015f \u00e7al\u0131\u015fanlar daha \u00fcretken ve sad\u0131k olduklar\u0131ndan adanm\u0131\u015f \u00e7al\u0131\u015fanlara sahip olmak \u015firketlere b\u00fcy\u00fck fayda sa\u011flamaktad\u0131r. B\u00f6ylece adanm\u0131\u015fl\u0131k ile birlikte i\u00e7 g\u00fcc\u00fc devir h\u0131z\u0131 oran\u0131 d\u00fc\u015fmekte ve \u00f6rg\u00fctsel performans artmaktad\u0131r. Bundan dolay\u0131 \u015firketlerin, adanm\u0131\u015fl\u0131\u011f\u0131 etkileyen fakt\u00f6rleri bilmeleri ve bu do\u011frultuda \u00e7al\u0131\u015fanlar\u0131n adanm\u0131\u015fl\u0131\u011f\u0131n\u0131 g\u00fc\u00e7lendirmeye yat\u0131r\u0131m yapmalar\u0131 gerekmektedir.<\/p>\n","protected":false},"excerpt":{"rendered":"<p>K\u00fcreselle\u015fme, ileti\u015fim, bili\u015fim teknolojisinde meydana gelen h\u0131zl\u0131 de\u011fi\u015fiklikler ve m\u00fc\u015fteri beklentilerinin karma\u015f\u0131k bir hal almas\u0131 gibi nedenlerden dolay\u0131 \u015firketlerin rekabet \u00fcst\u00fcnl\u00fc\u011f\u00fc elde edebilmeleri ve s\u00fcrd\u00fcr\u00fclebilirli\u011fini sa\u011flayabilmeleri<span class=\"excerpt-hellip\"> [\u2026]<\/span><\/p>\n","protected":false},"featured_media":0,"template":"","meta":{"_monsterinsights_skip_tracking":false,"_monsterinsights_sitenote_active":false,"_monsterinsights_sitenote_note":"","_monsterinsights_sitenote_category":0},"product_brand":[],"product_cat":[13043,17647],"product_tag":[],"class_list":{"0":"post-764128","1":"product","2":"type-product","3":"status-publish","5":"product_cat-ekonomi","6":"product_cat-is-dunyasi","7":"pa_cilt-ciltsiz","8":"pa_tur-kitap","9":"pa_yayinevi-astana-yayinlari","10":"pa_yazar-dr-nilgun-agyuz","12":"first","13":"instock","14":"sale","15":"shipping-taxable","16":"purchasable","17":"product-type-simple"},"_links":{"self":[{"href":"https:\/\/roveyayinevi.com.tr\/index.php\/wp-json\/wp\/v2\/product\/764128","targetHints":{"allow":["GET"]}}],"collection":[{"href":"https:\/\/roveyayinevi.com.tr\/index.php\/wp-json\/wp\/v2\/product"}],"about":[{"href":"https:\/\/roveyayinevi.com.tr\/index.php\/wp-json\/wp\/v2\/types\/product"}],"wp:attachment":[{"href":"https:\/\/roveyayinevi.com.tr\/index.php\/wp-json\/wp\/v2\/media?parent=764128"}],"wp:term":[{"taxonomy":"product_brand","embeddable":true,"href":"https:\/\/roveyayinevi.com.tr\/index.php\/wp-json\/wp\/v2\/product_brand?post=764128"},{"taxonomy":"product_cat","embeddable":true,"href":"https:\/\/roveyayinevi.com.tr\/index.php\/wp-json\/wp\/v2\/product_cat?post=764128"},{"taxonomy":"product_tag","embeddable":true,"href":"https:\/\/roveyayinevi.com.tr\/index.php\/wp-json\/wp\/v2\/product_tag?post=764128"}],"curies":[{"name":"wp","href":"https:\/\/api.w.org\/{rel}","templated":true}]}}