{"id":764127,"date":"2025-08-28T11:01:01","date_gmt":"2025-08-28T08:01:01","guid":{"rendered":"https:\/\/roveyayinevi.com.tr\/index.php\/urun\/dijital-para\/"},"modified":"2026-04-15T03:29:52","modified_gmt":"2026-04-15T00:29:52","slug":"dijital-para","status":"publish","type":"product","link":"https:\/\/roveyayinevi.com.tr\/index.php\/urun\/dijital-para\/","title":{"rendered":"Dijital Para"},"content":{"rendered":"<p>\u2018Dijital Para\u2019 kitab\u0131nda son d\u00f6nemin pop\u00fcler konular\u0131ndan olan dijital paralar ile ilgili do\u011fru bilinen yanl\u0131\u015flar d\u00fczeltilirken, eksik bilgilerin de tamamlanmas\u0131na arac\u0131l\u0131k edilmektedir. Kitap kapsam\u0131nda dijital paralar\u0131n ge\u00e7mi\u015ften g\u00fcn\u00fcm\u00fcze tecr\u00fcbe edilen para sistemleri i\u00e7indeki konumunun anla\u015f\u0131lmas\u0131 hedeflenmekte ve iktisat teorileri \u00e7er\u00e7evesinde konuya \u0131\u015f\u0131k tutulmaktad\u0131r. Dijital paran\u0131n tan\u0131m\u0131ndan, \u00f6zelliklerine, ihra\u00e7\u00e7\u0131s\u0131na, tasar\u0131mlar\u0131na, t\u00fcrlerine, kripto paralar ile merkez bankas\u0131 dijital paralar\u0131na ili\u015fkin konulara de\u011finilmekte ve T\u00fcrkiye ile di\u011fer \u00fclke uygulamalar\u0131 payla\u015f\u0131l\u0131p gelecek beklentilerine ili\u015fkin derin ancak \u00f6zl\u00fc bir aktar\u0131m yap\u0131lmaktad\u0131r.Okuyucunun k\u0131sa ve \u00f6z bir aktar\u0131m ile konu hakk\u0131nda bilgi ve birikim sahibi olmas\u0131na, konuya ili\u015fkin mevcut bilgisini artt\u0131rmas\u0131na destek olunmas\u0131 ama\u00e7lanmaktad\u0131r.<\/p>\n","protected":false},"excerpt":{"rendered":"<p>\u2018Dijital Para\u2019 kitab\u0131nda son d\u00f6nemin pop\u00fcler konular\u0131ndan olan dijital paralar ile ilgili do\u011fru bilinen yanl\u0131\u015flar d\u00fczeltilirken, eksik bilgilerin de tamamlanmas\u0131na arac\u0131l\u0131k edilmektedir. Kitap kapsam\u0131nda dijital paralar\u0131n<span class=\"excerpt-hellip\"> [\u2026]<\/span><\/p>\n","protected":false},"featured_media":0,"template":"","meta":{"_monsterinsights_skip_tracking":false,"_monsterinsights_sitenote_active":false,"_monsterinsights_sitenote_note":"","_monsterinsights_sitenote_category":0},"product_brand":[],"product_cat":[13489,13488],"product_tag":[],"class_list":{"0":"post-764127","1":"product","2":"type-product","3":"status-publish","5":"product_cat-populer-kultur","6":"product_cat-toplum-ve-insan","7":"pa_cilt-ciltsiz","8":"pa_tur-kitap","9":"pa_yayinevi-astana-yayinlari","10":"pa_yazar-dr-arzu-nese-bakkaloglu","12":"first","13":"instock","14":"sale","15":"shipping-taxable","16":"purchasable","17":"product-type-simple"},"_links":{"self":[{"href":"https:\/\/roveyayinevi.com.tr\/index.php\/wp-json\/wp\/v2\/product\/764127","targetHints":{"allow":["GET"]}}],"collection":[{"href":"https:\/\/roveyayinevi.com.tr\/index.php\/wp-json\/wp\/v2\/product"}],"about":[{"href":"https:\/\/roveyayinevi.com.tr\/index.php\/wp-json\/wp\/v2\/types\/product"}],"wp:attachment":[{"href":"https:\/\/roveyayinevi.com.tr\/index.php\/wp-json\/wp\/v2\/media?parent=764127"}],"wp:term":[{"taxonomy":"product_brand","embeddable":true,"href":"https:\/\/roveyayinevi.com.tr\/index.php\/wp-json\/wp\/v2\/product_brand?post=764127"},{"taxonomy":"product_cat","embeddable":true,"href":"https:\/\/roveyayinevi.com.tr\/index.php\/wp-json\/wp\/v2\/product_cat?post=764127"},{"taxonomy":"product_tag","embeddable":true,"href":"https:\/\/roveyayinevi.com.tr\/index.php\/wp-json\/wp\/v2\/product_tag?post=764127"}],"curies":[{"name":"wp","href":"https:\/\/api.w.org\/{rel}","templated":true}]}}