{"id":764126,"date":"2025-08-28T11:01:00","date_gmt":"2025-08-28T08:01:00","guid":{"rendered":"https:\/\/roveyayinevi.com.tr\/index.php\/urun\/anayasa-mahkemesince-yururlugun-durdurulmasinda-almanya-ve-turkiye-modeli\/"},"modified":"2026-04-15T03:29:52","modified_gmt":"2026-04-15T00:29:52","slug":"anayasa-mahkemesince-yururlugun-durdurulmasinda-almanya-ve-turkiye-modeli","status":"publish","type":"product","link":"https:\/\/roveyayinevi.com.tr\/index.php\/urun\/anayasa-mahkemesince-yururlugun-durdurulmasinda-almanya-ve-turkiye-modeli\/","title":{"rendered":"Anayasa Mahkemesince Y\u00fcr\u00fcrl\u00fc\u011f\u00fcn Durdurulmas\u0131nda Almanya ve T\u00fcrkiye Modeli"},"content":{"rendered":"<p>1924 Anayasas\u0131na her ne kadar tek parti siyasi iktidar d\u00f6neminde kanunlar\u0131n anayasaya uygunlu\u011fu teorik olarak k\u0131smen tart\u0131lm\u0131\u015f olsa da konu sadece bu d\u00fczeyde kalm\u0131\u015ft\u0131r. 1961 Anayasas\u0131ndan itibaren kanunun anayasal d\u00fczeyde anayasaya uygunluk a\u00e7\u0131k\u00e7a benimsenmi\u015ftir. Bu kural 1982 Anayasas\u0131nda da devam etmi\u015ftir. G\u00fcn\u00fcm\u00fczde de Anayasa Mahkemesi kanun hakk\u0131nda ayk\u0131r\u0131l\u0131k karar\u0131 verse bile, bu karar Resm\u00ee Gazetede yay\u0131nlan\u0131ncaya kadar hukuksal ba\u011fl\u0131l\u0131k olu\u015fturmaz. Bu durum kanunun anayasaya uygunlu\u011funu etkisizle\u015ftirmektedir. Siyasal iktidar bu durumu \u00e7ok iyi bilmekte ve ayk\u0131r\u0131l\u0131k karar\u0131 verilmi\u015f olsa bile ilgili kanunu uygulamaya devam etmektedir. Anayasa Mahkememiz, 2002 y\u0131l\u0131 \u00f6ncesinde siyasi iktidar\u0131n anayasaya ayk\u0131r\u0131 tutumu a\u015fmak i\u00e7in bir yorum geli\u015ftirmi\u015ftir. Bu ba\u011flamda siyasal iktidar\u0131n anayasaya ayk\u0131r\u0131 bu tutumunu etkili \u015fekilde engellemek i\u00e7in baz\u0131 \u00f6nemli kanunlar hen\u00fcz iptal karar vermemi\u015f ya da hen\u00fcz karar\u0131n\u0131 a\u00e7\u0131klanmam\u0131\u015f olsa bile belirli s\u00fcreye kadar veya nihai kadara kanun kanunun k\u0131smen veya t\u00fcm\u00fcyle durdurma karar\u0131 verebilmi\u015ftir. T\u00fcrk Anayasa Mahkemesi kanunu durdurmaya ili\u015fkin karar\u0131nda Alman Anayasa Mahkemesini \u00f6rnek alm\u0131\u015ft\u0131r. Ancak bu yetkinin Alman Anayasas\u0131nda kanun d\u00fczeyde a\u00e7\u0131k\u00e7a d\u00fczenlenmi\u015ftir. Buna kar\u015f\u0131l\u0131k T\u00fcrk Anayasa Sisteminde bu karar yorumla geli\u015ftirilmi\u015ftir. B\u00f6yle olsa da bu yorum tek iktidar d\u00f6neminden beri uygulanamamaktad\u0131r.<\/p>\n","protected":false},"excerpt":{"rendered":"<p>1924 Anayasas\u0131na her ne kadar tek parti siyasi iktidar d\u00f6neminde kanunlar\u0131n anayasaya uygunlu\u011fu teorik olarak k\u0131smen tart\u0131lm\u0131\u015f olsa da konu sadece bu d\u00fczeyde kalm\u0131\u015ft\u0131r. 1961 Anayasas\u0131ndan<span class=\"excerpt-hellip\"> [\u2026]<\/span><\/p>\n","protected":false},"featured_media":0,"template":"","meta":{"_monsterinsights_skip_tracking":false,"_monsterinsights_sitenote_active":false,"_monsterinsights_sitenote_note":"","_monsterinsights_sitenote_category":0},"product_brand":[],"product_cat":[15350,17583],"product_tag":[],"class_list":{"0":"post-764126","1":"product","2":"type-product","3":"status-publish","5":"product_cat-hukuk","6":"product_cat-kanun-ve-uygulama-kitaplari","7":"pa_cilt-ciltsiz","8":"pa_tur-kitap","9":"pa_yayinevi-astana-yayinlari","10":"pa_yazar-prof-dr-ilyas-dogan","12":"first","13":"instock","14":"sale","15":"shipping-taxable","16":"purchasable","17":"product-type-simple"},"_links":{"self":[{"href":"https:\/\/roveyayinevi.com.tr\/index.php\/wp-json\/wp\/v2\/product\/764126","targetHints":{"allow":["GET"]}}],"collection":[{"href":"https:\/\/roveyayinevi.com.tr\/index.php\/wp-json\/wp\/v2\/product"}],"about":[{"href":"https:\/\/roveyayinevi.com.tr\/index.php\/wp-json\/wp\/v2\/types\/product"}],"wp:attachment":[{"href":"https:\/\/roveyayinevi.com.tr\/index.php\/wp-json\/wp\/v2\/media?parent=764126"}],"wp:term":[{"taxonomy":"product_brand","embeddable":true,"href":"https:\/\/roveyayinevi.com.tr\/index.php\/wp-json\/wp\/v2\/product_brand?post=764126"},{"taxonomy":"product_cat","embeddable":true,"href":"https:\/\/roveyayinevi.com.tr\/index.php\/wp-json\/wp\/v2\/product_cat?post=764126"},{"taxonomy":"product_tag","embeddable":true,"href":"https:\/\/roveyayinevi.com.tr\/index.php\/wp-json\/wp\/v2\/product_tag?post=764126"}],"curies":[{"name":"wp","href":"https:\/\/api.w.org\/{rel}","templated":true}]}}