{"id":764125,"date":"2025-08-28T11:00:59","date_gmt":"2025-08-28T08:00:59","guid":{"rendered":"https:\/\/roveyayinevi.com.tr\/index.php\/urun\/yaptirimlar-altinda-iranin-ekonomi-politigi-uluslararasi-ticaretini-gelistirme-yontemleri\/"},"modified":"2026-04-15T03:29:52","modified_gmt":"2026-04-15T00:29:52","slug":"yaptirimlar-altinda-iranin-ekonomi-politigi-uluslararasi-ticaretini-gelistirme-yontemleri","status":"publish","type":"product","link":"https:\/\/roveyayinevi.com.tr\/index.php\/urun\/yaptirimlar-altinda-iranin-ekonomi-politigi-uluslararasi-ticaretini-gelistirme-yontemleri\/","title":{"rendered":"Yapt\u0131r\u0131mlar Alt\u0131nda \u0130ran\u2019\u0131n Ekonomi Politi\u011fi: Uluslararas\u0131 Ticaretini Geli\u015ftirme Y\u00f6ntemleri"},"content":{"rendered":"<p>Y\u00fczy\u0131llard\u0131r g\u00fc\u00e7l\u00fc \u00fclkeler taraf\u0131ndan, kendilerinden daha zay\u0131f olan \u00fclkelerin politika davran\u0131\u015flar\u0131nda de\u011fi\u015fim yaratmak amac\u0131 ile hayata ge\u00e7irilen yapt\u0131r\u0131mlar, So\u011fuk Sava\u015f\u2019\u0131n bitimi sonras\u0131nda d\u00fcnya siyasetinde tek hegemon g\u00fc\u00e7 olarak ortaya \u00e7\u0131kan ve ayn\u0131 zamanda II. D\u00fcnya Sava\u015f\u0131 sonras\u0131ndan bu yana D\u00fcnya Bankas\u0131, IMF ve ABD dolar\u0131 \u00fczerinden k\u00fcresel ekonomi ve finans sisteminin kontrol\u00fcn\u00fc elinde bulunduran ABD taraf\u0131ndan \u00f6zellikle son otuz y\u0131ld\u0131r a\u015f\u0131r\u0131 \u015fekilde kullan\u0131lm\u0131\u015ft\u0131r. 21.yy.dan itibaren ekonomik yapt\u0131mlar\u0131 tek ba\u015f\u0131na yeterli derecede etkili g\u00f6rmeyip finansal yapt\u0131r\u0131mlarla da desteklemeye ba\u015flamas\u0131, yapt\u0131r\u0131mlar tarihindeki en \u00f6nemli geli\u015fmelerden birisi olmu\u015ftur. Fakat yine 2000\u2019lerin ba\u015f\u0131ndan itibaren d\u00fcnya siyasetinin \u00e7ok kutuplulu\u011fa evrilmesi ve ABD kar\u015f\u0131s\u0131nda yeni olu\u015fumlar i\u00e7erisine giren b\u00f6lgesel yap\u0131lar\u0131n artan ekonomik g\u00fcce paralel \u015fekilde d\u00fcnya finansal mimarisini de yeniden in\u015fa etme \u00e7abalar\u0131, ABD\u2019nin ekonomik ve finansal yapt\u0131r\u0131mlar\u0131na do\u011frudan negatif y\u00f6nde etki etmektedir. Bu kitapta, 1979 devriminden beri neredeyse kesintisiz olarak ABD yapt\u0131r\u0131mlar\u0131na maruz kalan \u0130ran\u2019\u0131n, 2000\u2019lerin ba\u015flar\u0131ndan itibaren n\u00fckleer \u00e7al\u0131\u015fmalar\u0131 gerek\u00e7esi ile uygulanan ve 2018 y\u0131l\u0131nda Trump y\u00f6netimi taraf\u0131ndan tekrar ba\u015flat\u0131lan ekonomik ve finansal yapt\u0131r\u0131mlar kar\u015f\u0131s\u0131nda ekonomik aktivitesini s\u00fcrd\u00fcrebilmek i\u00e7in izledi\u011fi politikalar ile yapt\u0131r\u0131mlar\u0131n \u0130ran siyasetine ve d\u0131\u015f politika davran\u0131\u015flar\u0131na olan etkisi incelenmektedir. Bir taraftan da \u00e7ok kutuplu yeni d\u00fcnya d\u00fczeninde, \u00f6zellikle 2010\u2019lu y\u0131llardan itibaren k\u00fcresel finans sisteminde ya\u015fanan geli\u015fmelerle birlikte ABD ekonomik ve finansal yapt\u0131r\u0131mlar\u0131n\u0131n giderek azalan g\u00fcc\u00fc \u0130ran \u00f6rne\u011fi \u00fczerinden de\u011ferlendirilmektedir.<\/p>\n","protected":false},"excerpt":{"rendered":"<p>Y\u00fczy\u0131llard\u0131r g\u00fc\u00e7l\u00fc \u00fclkeler taraf\u0131ndan, kendilerinden daha zay\u0131f olan \u00fclkelerin politika davran\u0131\u015flar\u0131nda de\u011fi\u015fim yaratmak amac\u0131 ile hayata ge\u00e7irilen yapt\u0131r\u0131mlar, So\u011fuk Sava\u015f\u2019\u0131n bitimi sonras\u0131nda d\u00fcnya siyasetinde tek hegemon<span class=\"excerpt-hellip\"> [\u2026]<\/span><\/p>\n","protected":false},"featured_media":0,"template":"","meta":{"_monsterinsights_skip_tracking":false,"_monsterinsights_sitenote_active":false,"_monsterinsights_sitenote_note":"","_monsterinsights_sitenote_category":0},"product_brand":[],"product_cat":[12337],"product_tag":[],"class_list":{"0":"post-764125","1":"product","2":"type-product","3":"status-publish","5":"product_cat-politika-siyaset","6":"pa_cilt-ciltsiz","7":"pa_tur-kitap","8":"pa_yayinevi-astana-yayinlari","9":"pa_yazar-dr-derya-tuglu","11":"first","12":"instock","13":"sale","14":"shipping-taxable","15":"purchasable","16":"product-type-simple"},"_links":{"self":[{"href":"https:\/\/roveyayinevi.com.tr\/index.php\/wp-json\/wp\/v2\/product\/764125","targetHints":{"allow":["GET"]}}],"collection":[{"href":"https:\/\/roveyayinevi.com.tr\/index.php\/wp-json\/wp\/v2\/product"}],"about":[{"href":"https:\/\/roveyayinevi.com.tr\/index.php\/wp-json\/wp\/v2\/types\/product"}],"wp:attachment":[{"href":"https:\/\/roveyayinevi.com.tr\/index.php\/wp-json\/wp\/v2\/media?parent=764125"}],"wp:term":[{"taxonomy":"product_brand","embeddable":true,"href":"https:\/\/roveyayinevi.com.tr\/index.php\/wp-json\/wp\/v2\/product_brand?post=764125"},{"taxonomy":"product_cat","embeddable":true,"href":"https:\/\/roveyayinevi.com.tr\/index.php\/wp-json\/wp\/v2\/product_cat?post=764125"},{"taxonomy":"product_tag","embeddable":true,"href":"https:\/\/roveyayinevi.com.tr\/index.php\/wp-json\/wp\/v2\/product_tag?post=764125"}],"curies":[{"name":"wp","href":"https:\/\/api.w.org\/{rel}","templated":true}]}}