{"id":764124,"date":"2025-08-28T11:00:58","date_gmt":"2025-08-28T08:00:58","guid":{"rendered":"https:\/\/roveyayinevi.com.tr\/index.php\/urun\/cin-ve-turk-dunyasi-iliskileri-1991den-gunumuze\/"},"modified":"2026-04-15T03:29:52","modified_gmt":"2026-04-15T00:29:52","slug":"cin-ve-turk-dunyasi-iliskileri-1991den-gunumuze","status":"publish","type":"product","link":"https:\/\/roveyayinevi.com.tr\/index.php\/urun\/cin-ve-turk-dunyasi-iliskileri-1991den-gunumuze\/","title":{"rendered":"\u00c7in ve T\u00fcrk D\u00fcnyas\u0131 \u0130li\u015fkileri 1991\u2019den G\u00fcn\u00fcm\u00fcze"},"content":{"rendered":"<p>So\u011fuk Sava\u015f sonras\u0131 ya\u015fanan geli\u015fmeler T\u00fcrk D\u00fcnyas\u0131n\u0131n \u00f6n\u00fcn\u00fc a\u00e7m\u0131\u015f ve ba\u011f\u0131ms\u0131zl\u0131klar\u0131n\u0131 kazanan T\u00fcrk devletleri bir arada hareket etme imk\u00e2n\u0131 yakalam\u0131\u015flard\u0131r. Aralar\u0131nda ortak tarih, dil, k\u00fclt\u00fcr ve din bulunan T\u00fcrk Devletleri hayal olarak tasavvur edilen fakat T\u00fcrk Devletleri Te\u015fkilat\u0131 ile ger\u00e7e\u011fe d\u00f6n\u00fc\u015fen \u00c7in Seddinden Adriyatik Denizine bir arada olma ve uluslararas\u0131 sisteme etki etme noktas\u0131na ula\u015fm\u0131\u015flard\u0131r.T\u00fcrk devletlerinin bu s\u00fcre\u00e7 i\u00e7erisinde b\u00fcy\u00fck bir g\u00fc\u00e7 olarak \u00f6n plana \u00e7\u0131kmaya ba\u015flayan \u00c7in ile olan ili\u015fkileri tarih boyunca var olmu\u015f ve ba\u011f\u0131ms\u0131zl\u0131k sonras\u0131 daha da \u00f6nemli hale gelmi\u015ftir. Rusya-\u00c7in-ABD ba\u011flam\u0131nda ili\u015fkilerin incelenmesi T\u00fcrk devletlerinin gelecekteki politikalar\u0131n\u0131n belirlenmesi a\u00e7\u0131s\u0131ndan \u00f6nemlidir. \u00c7in-T\u00fcrk d\u00fcnyas\u0131 ili\u015fkilerini belirleyen fakt\u00f6rler nelerdir? \u00c7in kendi k\u00fclt\u00fcr\u00fcn\u00fcn yayg\u0131nla\u015ft\u0131r\u0131lmas\u0131 i\u00e7in hangi stratejileri kullanmaktad\u0131r? Rusya\u2019n\u0131n T\u00fcrk devletleri ile olan ili\u015fkisi \u00c7in\u2019in b\u00f6lge \u00fclkeleri ile olan ili\u015fkilerini nas\u0131l etkilemektedir? Ku\u015fak-Yol projesi T\u00fcrk D\u00fcnyas\u0131 i\u00e7in f\u0131rsat m\u0131 yoksa tehdit mi? Bu kitap bu sorular\u0131n cevaplar\u0131n\u0131 arayarak okuyucular\u0131n T\u00fcrk D\u00fcnyas\u0131 hakk\u0131nda fikir sahibi olmas\u0131n\u0131 ama\u00e7lamaktad\u0131r.<\/p>\n","protected":false},"excerpt":{"rendered":"<p>So\u011fuk Sava\u015f sonras\u0131 ya\u015fanan geli\u015fmeler T\u00fcrk D\u00fcnyas\u0131n\u0131n \u00f6n\u00fcn\u00fc a\u00e7m\u0131\u015f ve ba\u011f\u0131ms\u0131zl\u0131klar\u0131n\u0131 kazanan T\u00fcrk devletleri bir arada hareket etme imk\u00e2n\u0131 yakalam\u0131\u015flard\u0131r. Aralar\u0131nda ortak tarih, dil, k\u00fclt\u00fcr ve<span class=\"excerpt-hellip\"> [\u2026]<\/span><\/p>\n","protected":false},"featured_media":0,"template":"","meta":{"_monsterinsights_skip_tracking":false,"_monsterinsights_sitenote_active":false,"_monsterinsights_sitenote_note":"","_monsterinsights_sitenote_category":0},"product_brand":[],"product_cat":[12337,14543],"product_tag":[],"class_list":{"0":"post-764124","1":"product","2":"type-product","3":"status-publish","5":"product_cat-politika-siyaset","6":"product_cat-turkiye-siyaseti-ve-politikasi","7":"pa_cilt-ciltsiz","8":"pa_tur-kitap","9":"pa_yayinevi-astana-yayinlari","10":"pa_yazar-r-kutay-karaca-m-emin-erendor","12":"first","13":"instock","14":"sale","15":"shipping-taxable","16":"purchasable","17":"product-type-simple"},"_links":{"self":[{"href":"https:\/\/roveyayinevi.com.tr\/index.php\/wp-json\/wp\/v2\/product\/764124","targetHints":{"allow":["GET"]}}],"collection":[{"href":"https:\/\/roveyayinevi.com.tr\/index.php\/wp-json\/wp\/v2\/product"}],"about":[{"href":"https:\/\/roveyayinevi.com.tr\/index.php\/wp-json\/wp\/v2\/types\/product"}],"wp:attachment":[{"href":"https:\/\/roveyayinevi.com.tr\/index.php\/wp-json\/wp\/v2\/media?parent=764124"}],"wp:term":[{"taxonomy":"product_brand","embeddable":true,"href":"https:\/\/roveyayinevi.com.tr\/index.php\/wp-json\/wp\/v2\/product_brand?post=764124"},{"taxonomy":"product_cat","embeddable":true,"href":"https:\/\/roveyayinevi.com.tr\/index.php\/wp-json\/wp\/v2\/product_cat?post=764124"},{"taxonomy":"product_tag","embeddable":true,"href":"https:\/\/roveyayinevi.com.tr\/index.php\/wp-json\/wp\/v2\/product_tag?post=764124"}],"curies":[{"name":"wp","href":"https:\/\/api.w.org\/{rel}","templated":true}]}}