{"id":764123,"date":"2025-08-28T11:00:56","date_gmt":"2025-08-28T08:00:56","guid":{"rendered":"https:\/\/roveyayinevi.com.tr\/index.php\/urun\/uluslararasi-hukuk-bakimindan-siber-terorizm\/"},"modified":"2026-04-12T03:21:26","modified_gmt":"2026-04-12T00:21:26","slug":"uluslararasi-hukuk-bakimindan-siber-terorizm","status":"publish","type":"product","link":"https:\/\/roveyayinevi.com.tr\/index.php\/urun\/uluslararasi-hukuk-bakimindan-siber-terorizm\/","title":{"rendered":"Uluslararas\u0131 Hukuk Bak\u0131m\u0131ndan Siber Ter\u00f6rizm"},"content":{"rendered":"<p>D\u00fcnya, yirminci y\u00fczy\u0131l\u0131n sonlar\u0131nda yeni bir teknoloji devrimi ile kar\u015f\u0131 kar\u015f\u0131ya kalm\u0131\u015ft\u0131r. Bu yeni d\u00f6nemin ad\u0131 \u201cbilgi \u00e7a\u011f\u0131\u201dd\u0131r. Bilgisayarlar, internet ve di\u011fer yeni bilgi ve ileti\u015fim teknolojileri, insan hayat\u0131n\u0131n en \u00f6nemli ve en etkili bulu\u015flar\u0131 aras\u0131na girmi\u015ftir. Ge\u00e7mi\u015fte bilgisayar ve teknoloji; belirli ama\u00e7lar i\u00e7in se\u00e7ici bir ara\u00e7 olarak kullan\u0131l\u0131rken, g\u00fcn\u00fcm\u00fczde bilgi teknolojisi, siber (sanal) alemdeki geli\u015fmelerle beraber; sosyal, siyasal, sa\u011fl\u0131k ve askeri t\u00fcm altyap\u0131lar\u0131 bilgisayarlara ba\u011f\u0131ml\u0131 hale gelmi\u015ftir. Finansal a\u011flar, haberle\u015fme sistemleri, elektronik transfer merkezleri, n\u00fckleer santraller, havaalanlar\u0131n\u0131n kontrol\u00fc, hastaneler, okullar, devlet kurumlar\u0131, sa\u011fl\u0131k merkezleri, su kaynaklar\u0131, elektrik \u015febekeleri, ula\u015f\u0131m, askeri cihazlar gibi kritik altyap\u0131lar bilgisayarlara ba\u011fl\u0131d\u0131r. Yine bankalar, para ve sermaye piyasas\u0131, \u00e7al\u0131\u015fmalar\u0131nda tamamen bilgisayar sistemlerini temel almaktad\u0131r. B\u00f6ylece, teknoloji hayat\u0131m\u0131z\u0131n t\u00fcm alanlar\u0131na girmi\u015f ve art\u0131k hayat\u0131m\u0131z\u0131n vazge\u00e7ilmez bir par\u00e7as\u0131 haline gelmi\u015ftir. Bilgi teknolojileri ile ilgili bu b\u00fcy\u00fck ba\u011f\u0131ml\u0131l\u0131k, insan ya\u015fam\u0131na bir\u00e7ok farkl\u0131 a\u00e7\u0131dan olumlu de\u011fi\u015fiklikler ve say\u0131s\u0131z avantajlar\u0131n\u0131n yan\u0131 s\u0131ra, yeni tehditler de olu\u015fturmaktad\u0131r ve farkl\u0131 t\u00fcrlerde siber eylemler (cyber attack) ger\u00e7ekle\u015fmektedir. Bu tehditler bilgisayar korsanlar\u0131 ve ter\u00f6ristler i\u00e7in f\u0131rsatlar yaratmaktad\u0131r. Yine ter\u00f6ristler kendi siyasal veya ideolojik ama\u00e7lar\u0131na ula\u015fmak i\u00e7in bilgi teknolojisini birer ama\u00e7 veya ara\u00e7 olarak tesbip edebilmektedir. B\u00f6ylece, bir devletin teknolojiye ba\u011f\u0131ml\u0131l\u0131\u011f\u0131 artt\u0131k\u00e7a, siber eylem tehditleri ile kar\u015f\u0131 kar\u015f\u0131ya kalma riskleri de artacakt\u0131r. Bu ba\u011flamda siber ter\u00f6rizm, yeni olu\u015fan bir kavramd\u0131r ve ya\u015fad\u0131\u011f\u0131m\u0131z d\u00f6nemin bir ger\u00e7e\u011fidir. G\u00fcn\u00fcm\u00fczde siber ter\u00f6rizm, klasik ter\u00f6rizmden daha tehlikeli hale gelmektedir. \u00c7\u00fcnk\u00fc bir\u00e7ok \u00fclkenin \u00f6nemli hizmetleri bilgi teknolojisi \u00fczerinden yap\u0131lmaktad\u0131r. Siber ter\u00f6rizm, bilgi teknolojisi kullan\u0131larak, \u00f6nceden belirlenmi\u015f siyasal, sosyal ve ideolojik hedeflere ula\u015fmak i\u00e7in ki\u015filere ve \u00fclkelerin kritik altyap\u0131lar\u0131na zarar vermek olarak yorumlanabilir. Ayr\u0131ca, siber ter\u00f6rizmi genel anlamda, bilgisayar ve bilgisayar sistemleri arac\u0131l\u0131\u011f\u0131yla ter\u00f6rist eylemler ger\u00e7ekle\u015ftirmek olarak da tan\u0131mlayabiliriz.<\/p>\n","protected":false},"excerpt":{"rendered":"<p>D\u00fcnya, yirminci y\u00fczy\u0131l\u0131n sonlar\u0131nda yeni bir teknoloji devrimi ile kar\u015f\u0131 kar\u015f\u0131ya kalm\u0131\u015ft\u0131r. Bu yeni d\u00f6nemin ad\u0131 \u201cbilgi \u00e7a\u011f\u0131\u201dd\u0131r. Bilgisayarlar, internet ve di\u011fer yeni bilgi ve ileti\u015fim<span class=\"excerpt-hellip\"> [\u2026]<\/span><\/p>\n","protected":false},"featured_media":0,"template":"","meta":{"_monsterinsights_skip_tracking":false,"_monsterinsights_sitenote_active":false,"_monsterinsights_sitenote_note":"","_monsterinsights_sitenote_category":0},"product_brand":[],"product_cat":[16058,12337],"product_tag":[],"class_list":{"0":"post-764123","1":"product","2":"type-product","3":"status-publish","5":"product_cat-kurumlar-orgutler","6":"product_cat-politika-siyaset","7":"pa_cilt-ciltsiz","8":"pa_tur-kitap","9":"pa_yayinevi-astana-yayinlari","10":"pa_yazar-qaisar-nasrat","12":"first","13":"instock","14":"sale","15":"shipping-taxable","16":"purchasable","17":"product-type-simple"},"_links":{"self":[{"href":"https:\/\/roveyayinevi.com.tr\/index.php\/wp-json\/wp\/v2\/product\/764123","targetHints":{"allow":["GET"]}}],"collection":[{"href":"https:\/\/roveyayinevi.com.tr\/index.php\/wp-json\/wp\/v2\/product"}],"about":[{"href":"https:\/\/roveyayinevi.com.tr\/index.php\/wp-json\/wp\/v2\/types\/product"}],"wp:attachment":[{"href":"https:\/\/roveyayinevi.com.tr\/index.php\/wp-json\/wp\/v2\/media?parent=764123"}],"wp:term":[{"taxonomy":"product_brand","embeddable":true,"href":"https:\/\/roveyayinevi.com.tr\/index.php\/wp-json\/wp\/v2\/product_brand?post=764123"},{"taxonomy":"product_cat","embeddable":true,"href":"https:\/\/roveyayinevi.com.tr\/index.php\/wp-json\/wp\/v2\/product_cat?post=764123"},{"taxonomy":"product_tag","embeddable":true,"href":"https:\/\/roveyayinevi.com.tr\/index.php\/wp-json\/wp\/v2\/product_tag?post=764123"}],"curies":[{"name":"wp","href":"https:\/\/api.w.org\/{rel}","templated":true}]}}