{"id":764118,"date":"2025-08-28T11:00:50","date_gmt":"2025-08-28T08:00:50","guid":{"rendered":"https:\/\/roveyayinevi.com.tr\/index.php\/urun\/chpde-milletvekili-adayligi-mucadeleleri\/"},"modified":"2026-04-15T03:29:52","modified_gmt":"2026-04-15T00:29:52","slug":"chpde-milletvekili-adayligi-mucadeleleri","status":"publish","type":"product","link":"https:\/\/roveyayinevi.com.tr\/index.php\/urun\/chpde-milletvekili-adayligi-mucadeleleri\/","title":{"rendered":"CHP&#8217;de Milletvekili Adayl\u0131\u011f\u0131 M\u00fccadeleleri"},"content":{"rendered":"<p>Bu \u00e7al\u0131\u015fma, Cumhuriyet Halk Partisi&#8217;nde milletvekili adaylar\u0131n\u0131n belirlenmesi s\u00fcrecinde ortaya \u00e7\u0131kan tahakk\u00fcm ve me\u015fruiyet ili\u015fkileri \u00fczerinedir. CHP&#8217;nin, 2007, 2011 ve 2015 se\u00e7imlerinde farkl\u0131 aday belirleme y\u00f6ntemleri kullanmas\u0131na ra\u011fmen, \u00e7o\u011funlu\u011fu parti profesyoneli olarak nitelendirilebilecek ki\u015filerin s\u00fcrekli se\u00e7ildi\u011fi ve farkl\u0131 y\u00f6ntemlerin aday ve milletvekili kompozisyonunda radikal bir de\u011fi\u015fiklik yaratmad\u0131\u011f\u0131 g\u00f6r\u00fclmektedir. Bu olgu, parti yay\u0131nlar\u0131 ve di\u011fer kaynaklardan yararlan\u0131larak toplan\u0131lan T\u00fcrkiye geneli istatistiklere dayanarak olu\u015fturulmu\u015f olan \u00e7oklu m\u00fctekabiliyet analizi diyagramlar\u0131yla ve K\u0131rklareli&#8217;de y\u00fcr\u00fct\u00fclen etnografik saha ara\u015ft\u0131rmas\u0131n\u0131n verileriyle ortaya koyulmaktad\u0131r. \u00d6rt\u00fcl\u00fc tahakk\u00fcm mekanizmalar\u0131n\u0131 incelemek \u00fczere Pierre Bourdieu&#8217;n\u00fcn sembolik \u015fiddet teorisi, Marksist &#8220;ideoloji&#8221; ve &#8220;hegemonya&#8221; kavramlar\u0131 ile klasik elit teorilerinin de\u011ferlendirmeleri ile kar\u015f\u0131la\u015ft\u0131r\u0131larak kullan\u0131lmaktad\u0131r. \u00c7al\u0131\u015fma, sembolik \u015fiddet teorisinden, kavramsal alet kutusunun &#8220;ideoloji&#8221; ve &#8220;hegemonya&#8221; kavramlar\u0131ndan farkl\u0131 baz\u0131 \u00f6zg\u00fcn a\u00e7\u0131l\u0131mlar sa\u011flad\u0131\u011f\u0131 d\u00fc\u015f\u00fcncesiyle faydalanmaktad\u0131r. \u00c7al\u0131\u015fma ayn\u0131 zamanda klasik elit teorilerinin genelleyici, i\u015flevsel, \u00f6zc\u00fc varsay\u0131mlar\u0131ndan farkl\u0131 olarak Bourdieu&#8217;n\u00fcn pratik teorisinin, tahakk\u00fcm mekanizmalar\u0131n\u0131 tarihsel ve ili\u015fkisel temelleriyle de\u011ferlendirerek ara\u015ft\u0131rma sorunsal\u0131n\u0131 analiz etmeye olanak sa\u011flad\u0131\u011f\u0131n\u0131 g\u00f6stermektedir. Bu \u00e7er\u00e7evede aday belirleme y\u00f6ntemlerinden merkez yoklamas\u0131n\u0131n &#8220;lider oligar\u015fisi&#8221;nin, \u00f6n se\u00e7imlerin de &#8220;parti i\u00e7i demokrasi&#8221;nin, g\u00f6stergesi oldu\u011fu yolundaki kan\u0131ksanm\u0131\u015f d\u00fc\u015f\u00fcnceleri ele\u015ftirel bir de\u011ferlendirmeye tabi tutmaktad\u0131r. Her \u00fc\u00e7 se\u00e7im d\u00f6neminde de farkl\u0131 se\u00e7ici organlara ra\u011fmen (parti genel merkezi, \u00fcyeler ve delegeler) parti taraf\u0131ndan aday g\u00f6sterilen ve milletvekili se\u00e7ilen ki\u015filerin ayn\u0131 pozisyonlar\u0131 i\u015fgal eden ki\u015filer oldu\u011funu istatistiki ve etnografik verilerle ortaya koymaktad\u0131r. B\u00f6ylelikle hem toplumsal teoriye hem de siyaset bilimi literat\u00fcr\u00fcne milletvekili adaylar\u0131n\u0131n belirlenmesi ve parti i\u00e7i demokrasi tart\u0131\u015fmalar\u0131 ba\u011flam\u0131nda teorik ve metodolojik d\u00fczeyde katk\u0131 sa\u011flamay\u0131 ama\u00e7lamaktad\u0131r.<\/p>\n","protected":false},"excerpt":{"rendered":"<p>Bu \u00e7al\u0131\u015fma, Cumhuriyet Halk Partisi&#8217;nde milletvekili adaylar\u0131n\u0131n belirlenmesi s\u00fcrecinde ortaya \u00e7\u0131kan tahakk\u00fcm ve me\u015fruiyet ili\u015fkileri \u00fczerinedir. CHP&#8217;nin, 2007, 2011 ve 2015 se\u00e7imlerinde farkl\u0131 aday belirleme y\u00f6ntemleri<span class=\"excerpt-hellip\"> [\u2026]<\/span><\/p>\n","protected":false},"featured_media":0,"template":"","meta":{"_monsterinsights_skip_tracking":false,"_monsterinsights_sitenote_active":false,"_monsterinsights_sitenote_note":"","_monsterinsights_sitenote_category":0},"product_brand":[],"product_cat":[13590,12337],"product_tag":[],"class_list":{"0":"post-764118","1":"product","2":"type-product","3":"status-publish","5":"product_cat-arastirma-inceleme-politika-siyaset","6":"product_cat-politika-siyaset","7":"pa_cilt-ciltsiz","8":"pa_tur-kitap","9":"pa_yayinevi-astana-yayinlari","10":"pa_yazar-dr-osman-kocaaga","12":"first","13":"instock","14":"sale","15":"shipping-taxable","16":"purchasable","17":"product-type-simple"},"_links":{"self":[{"href":"https:\/\/roveyayinevi.com.tr\/index.php\/wp-json\/wp\/v2\/product\/764118","targetHints":{"allow":["GET"]}}],"collection":[{"href":"https:\/\/roveyayinevi.com.tr\/index.php\/wp-json\/wp\/v2\/product"}],"about":[{"href":"https:\/\/roveyayinevi.com.tr\/index.php\/wp-json\/wp\/v2\/types\/product"}],"wp:attachment":[{"href":"https:\/\/roveyayinevi.com.tr\/index.php\/wp-json\/wp\/v2\/media?parent=764118"}],"wp:term":[{"taxonomy":"product_brand","embeddable":true,"href":"https:\/\/roveyayinevi.com.tr\/index.php\/wp-json\/wp\/v2\/product_brand?post=764118"},{"taxonomy":"product_cat","embeddable":true,"href":"https:\/\/roveyayinevi.com.tr\/index.php\/wp-json\/wp\/v2\/product_cat?post=764118"},{"taxonomy":"product_tag","embeddable":true,"href":"https:\/\/roveyayinevi.com.tr\/index.php\/wp-json\/wp\/v2\/product_tag?post=764118"}],"curies":[{"name":"wp","href":"https:\/\/api.w.org\/{rel}","templated":true}]}}