{"id":764117,"date":"2025-08-28T11:00:49","date_gmt":"2025-08-28T08:00:49","guid":{"rendered":"https:\/\/roveyayinevi.com.tr\/index.php\/urun\/azerbaycan-cokkulturlulugunun-jeopolitigi\/"},"modified":"2026-04-15T03:29:52","modified_gmt":"2026-04-15T00:29:52","slug":"azerbaycan-cokkulturlulugunun-jeopolitigi","status":"publish","type":"product","link":"https:\/\/roveyayinevi.com.tr\/index.php\/urun\/azerbaycan-cokkulturlulugunun-jeopolitigi\/","title":{"rendered":"Azerbaycan \u00c7okk\u00fclt\u00fcrl\u00fcl\u00fc\u011f\u00fcn\u00fcn Jeopoliti\u011fi"},"content":{"rendered":"<p>Din, dil, \u0131rk, etnik k\u00f6ken ve milliyet gibi sosyal kimlik sorunlar\u0131na dayal\u0131 \u00e7at\u0131\u015fmalar, geli\u015fmi\u015flik d\u00fczeyi ne olursa olsun d\u00fcnyan\u0131n her k\u00f6\u015fesindeki toplumlar\u0131 tehdit etmektedir. Toplumlar\u0131n \u00e7okk\u00fclt\u00fcrl\u00fcl\u00fck ve ho\u015fg\u00f6r\u00fc anlay\u0131\u015f\u0131, ileriki nesiller i\u00e7in g\u00fcvenli bir gelecek in\u015fa edebilmek ad\u0131na hayati \u00f6nem ta\u015f\u0131maktad\u0131r. Kitab\u0131n amac\u0131, bu t\u00fcr \u00e7at\u0131\u015fmalar\u0131n ya\u015fand\u0131\u011f\u0131 G\u00fcney Kafkasya\u2019da b\u00f6lgesel temel akt\u00f6r olan Azerbaycan&#8217;\u0131n \u00e7ok k\u00fclt\u00fcrl\u00fc toplum yakla\u015f\u0131m\u0131n\u0131n jeopolitik dinamiklerini ara\u015ft\u0131rmakt\u0131r. Kitab\u0131n T\u00fcrk\u00e7e literat\u00fcre \u00f6nemli bir katk\u0131 sa\u011flayaca\u011f\u0131 d\u00fc\u015f\u00fcn\u00fclmektedir.<\/p>\n","protected":false},"excerpt":{"rendered":"<p>Din, dil, \u0131rk, etnik k\u00f6ken ve milliyet gibi sosyal kimlik sorunlar\u0131na dayal\u0131 \u00e7at\u0131\u015fmalar, geli\u015fmi\u015flik d\u00fczeyi ne olursa olsun d\u00fcnyan\u0131n her k\u00f6\u015fesindeki toplumlar\u0131 tehdit etmektedir. Toplumlar\u0131n \u00e7okk\u00fclt\u00fcrl\u00fcl\u00fck<span class=\"excerpt-hellip\"> [\u2026]<\/span><\/p>\n","protected":false},"featured_media":0,"template":"","meta":{"_monsterinsights_skip_tracking":false,"_monsterinsights_sitenote_active":false,"_monsterinsights_sitenote_note":"","_monsterinsights_sitenote_category":0},"product_brand":[],"product_cat":[12324],"product_tag":[],"class_list":{"0":"post-764117","1":"product","2":"type-product","3":"status-publish","5":"product_cat-sosyoloji","6":"pa_cilt-ciltsiz","7":"pa_tur-kitap","8":"pa_yayinevi-astana-yayinlari","9":"pa_yazar-doc-dr-ulviyye-sanili-aydin","11":"first","12":"instock","13":"sale","14":"shipping-taxable","15":"purchasable","16":"product-type-simple"},"_links":{"self":[{"href":"https:\/\/roveyayinevi.com.tr\/index.php\/wp-json\/wp\/v2\/product\/764117","targetHints":{"allow":["GET"]}}],"collection":[{"href":"https:\/\/roveyayinevi.com.tr\/index.php\/wp-json\/wp\/v2\/product"}],"about":[{"href":"https:\/\/roveyayinevi.com.tr\/index.php\/wp-json\/wp\/v2\/types\/product"}],"wp:attachment":[{"href":"https:\/\/roveyayinevi.com.tr\/index.php\/wp-json\/wp\/v2\/media?parent=764117"}],"wp:term":[{"taxonomy":"product_brand","embeddable":true,"href":"https:\/\/roveyayinevi.com.tr\/index.php\/wp-json\/wp\/v2\/product_brand?post=764117"},{"taxonomy":"product_cat","embeddable":true,"href":"https:\/\/roveyayinevi.com.tr\/index.php\/wp-json\/wp\/v2\/product_cat?post=764117"},{"taxonomy":"product_tag","embeddable":true,"href":"https:\/\/roveyayinevi.com.tr\/index.php\/wp-json\/wp\/v2\/product_tag?post=764117"}],"curies":[{"name":"wp","href":"https:\/\/api.w.org\/{rel}","templated":true}]}}