{"id":764115,"date":"2025-08-28T11:00:47","date_gmt":"2025-08-28T08:00:47","guid":{"rendered":"https:\/\/roveyayinevi.com.tr\/index.php\/urun\/realizm-perspektifinden-kuresel-bir-guvenlik-aktoru-olarak-avrupa-birligi-kapasite-kabiliyet-ve-isbirliginin-sinirlari\/"},"modified":"2026-04-15T03:29:52","modified_gmt":"2026-04-15T00:29:52","slug":"realizm-perspektifinden-kuresel-bir-guvenlik-aktoru-olarak-avrupa-birligi-kapasite-kabiliyet-ve-isbirliginin-sinirlari","status":"publish","type":"product","link":"https:\/\/roveyayinevi.com.tr\/index.php\/urun\/realizm-perspektifinden-kuresel-bir-guvenlik-aktoru-olarak-avrupa-birligi-kapasite-kabiliyet-ve-isbirliginin-sinirlari\/","title":{"rendered":"Realizm Perspektifinden K\u00fcresel Bir G\u00fcvenlik Akt\u00f6r\u00fc Olarak Avrupa Birli\u011fi: Kapasite, Kabiliyet Ve \u0130\u015fbirli\u011finin S\u0131n\u0131rlar\u0131"},"content":{"rendered":"<p>Bu kitap, Avrupa Birli\u011fi (AB)\u2019nin realizm kuram\u0131n\u0131n varsay\u0131mlar\u0131 \u00e7er\u00e7evesinde k\u00fcresel g\u00fcvenlik akt\u00f6rl\u00fc\u011f\u00fcn\u00fcsorgulamaktad\u0131r. Realist kuram, \u00f6zellikle g\u00fcvenlik ve savunma alan\u0131na girenkonularda ulus-devletlerin, kendilerinden ba\u015fkas\u0131na yetki devri yapmas\u0131n\u0131nolduk\u00e7a g\u00fc\u00e7 hatta kimi zaman olanaks\u0131z oldu\u011funu varsaymaktad\u0131r. Bu ba\u011flamda ABgibi uluslar\u00fcst\u00fc bir kurulu\u015fun da g\u00fcvenlik ve savunma alan\u0131nda \u00f6zerk bir akt\u00f6rolarak g\u00fcndem belirlemesi, kendisini olu\u015fturan ulus-devletlerden ba\u011f\u0131ms\u0131zhareket edebilmesi olduk\u00e7a zordur. 21. y\u00fczy\u0131lda g\u00fcvenlik kavram\u0131nay\u00fcklenen anlam\u0131n giderek geni\u015flemesi, g\u00fcvenli\u011fin hayat\u0131n her alan\u0131ndakid\u00fczenlemelerde \u00f6n plana \u00e7\u0131kmas\u0131na neden olmu\u015ftur. AB de \u00f6zellikle Rusya\u2019n\u0131nK\u0131r\u0131m\u2019\u0131 ilhak\u0131, ABD\u2019nin Afganistan\u2019dan \u00e7ekilmesi ve Rusya-Ukrayna Sava\u015f\u0131 gibig\u00fcncel geli\u015fmeler kar\u015f\u0131s\u0131nda savunma kapasitesini ve bu alandaki stratejik\u00f6zerkli\u011fini artt\u0131rmak zorunda kalm\u0131\u015ft\u0131r. \u00d6zellikle savunma sanayininliberalle\u015fmesi ve savunma ve silah teknolojisindeki h\u0131zl\u0131 geli\u015fmeler ve bugeli\u015fmeler kar\u015f\u0131s\u0131nda AB\u2019nin savunma kapasitesinin yetersiz kalmas\u0131, TrumpBa\u015fkanl\u0131\u011f\u0131ndaki ABD\u2019nin AB\u2019ye savunma harcamalar\u0131n\u0131 artt\u0131rmas\u0131 y\u00f6n\u00fcnde bask\u0131yapmas\u0131 AB\u2019nin bu alandaki \u00e7abalar\u0131n\u0131n itici g\u00fcc\u00fc olmu\u015ftur.  Bu \u00e7al\u0131\u015fmada AB\u2019nin, b\u00fcrokratik,kurumsal ve fiili olarak ortak g\u00fcvenlik ve savunma politikas\u0131 alan\u0131nda bug\u00fcnekadar ortaya koydu\u011fu \u00e7abalar detayl\u0131 olarak de\u011ferlendirilmi\u015ftir. AB\u2019nin bu\u00e7abas\u0131nda Avrupa\u2019n\u0131n daima AB\u2019nin kurucu de\u011ferlerine ba\u011fl\u0131 sivil ve normatify\u00f6nleri a\u011f\u0131r basan \u00f6zerk bir akt\u00f6r olmas\u0131n\u0131 savunan Entegrasyoncu g\u00f6r\u00fc\u015f ileAB\u2019nin NATO\u2019nun \u00f6nemli bir m\u00fcttefiki olarak savunma kabiliyetlerine vestratejilerine s\u0131k\u0131 s\u0131k\u0131ya ba\u011fl\u0131 Atlantik\u00e7i g\u00f6r\u00fc\u015f\u00fcn farkl\u0131 yakla\u015f\u0131mlar\u0131belirleyici olmu\u015ftur. Kitapta vaka analizi olarak detayl\u0131 bir \u015fekilde incelenenPESCO s\u00fcreci de AB\u2019nin ortak savunma alan\u0131nda her zaman Atlantik\u00e7i e\u011filimlerinbask\u0131n olaca\u011f\u0131n\u0131 ve AB\u2019nin uluslararas\u0131 ili\u015fkilerde stratejik \u00f6zerkli\u011fe sahipbir k\u00fcresel g\u00fcvenlik akt\u00f6r\u00fc olmas\u0131n\u0131n ne denli g\u00fc\u00e7 olaca\u011f\u0131n\u0131 g\u00f6stermi\u015ftir.<\/p>\n","protected":false},"excerpt":{"rendered":"<p>Bu kitap, Avrupa Birli\u011fi (AB)\u2019nin realizm kuram\u0131n\u0131n varsay\u0131mlar\u0131 \u00e7er\u00e7evesinde k\u00fcresel g\u00fcvenlik akt\u00f6rl\u00fc\u011f\u00fcn\u00fcsorgulamaktad\u0131r. Realist kuram, \u00f6zellikle g\u00fcvenlik ve savunma alan\u0131na girenkonularda ulus-devletlerin, kendilerinden ba\u015fkas\u0131na yetki devri yapmas\u0131n\u0131nolduk\u00e7a<span class=\"excerpt-hellip\"> [\u2026]<\/span><\/p>\n","protected":false},"featured_media":0,"template":"","meta":{"_monsterinsights_skip_tracking":false,"_monsterinsights_sitenote_active":false,"_monsterinsights_sitenote_note":"","_monsterinsights_sitenote_category":0},"product_brand":[],"product_cat":[12337],"product_tag":[],"class_list":{"0":"post-764115","1":"product","2":"type-product","3":"status-publish","5":"product_cat-politika-siyaset","6":"pa_cilt-ciltsiz","7":"pa_tur-kitap","8":"pa_yayinevi-astana-yayinlari","9":"pa_yazar-senem-narin","11":"first","12":"instock","13":"sale","14":"shipping-taxable","15":"purchasable","16":"product-type-simple"},"_links":{"self":[{"href":"https:\/\/roveyayinevi.com.tr\/index.php\/wp-json\/wp\/v2\/product\/764115","targetHints":{"allow":["GET"]}}],"collection":[{"href":"https:\/\/roveyayinevi.com.tr\/index.php\/wp-json\/wp\/v2\/product"}],"about":[{"href":"https:\/\/roveyayinevi.com.tr\/index.php\/wp-json\/wp\/v2\/types\/product"}],"wp:attachment":[{"href":"https:\/\/roveyayinevi.com.tr\/index.php\/wp-json\/wp\/v2\/media?parent=764115"}],"wp:term":[{"taxonomy":"product_brand","embeddable":true,"href":"https:\/\/roveyayinevi.com.tr\/index.php\/wp-json\/wp\/v2\/product_brand?post=764115"},{"taxonomy":"product_cat","embeddable":true,"href":"https:\/\/roveyayinevi.com.tr\/index.php\/wp-json\/wp\/v2\/product_cat?post=764115"},{"taxonomy":"product_tag","embeddable":true,"href":"https:\/\/roveyayinevi.com.tr\/index.php\/wp-json\/wp\/v2\/product_tag?post=764115"}],"curies":[{"name":"wp","href":"https:\/\/api.w.org\/{rel}","templated":true}]}}