{"id":764114,"date":"2025-08-28T11:00:46","date_gmt":"2025-08-28T08:00:46","guid":{"rendered":"https:\/\/roveyayinevi.com.tr\/index.php\/urun\/hukuksal-ve-siyasal-baglamda-afrika-okumalari\/"},"modified":"2026-04-15T03:29:52","modified_gmt":"2026-04-15T00:29:52","slug":"hukuksal-ve-siyasal-baglamda-afrika-okumalari","status":"publish","type":"product","link":"https:\/\/roveyayinevi.com.tr\/index.php\/urun\/hukuksal-ve-siyasal-baglamda-afrika-okumalari\/","title":{"rendered":"Hukuksal ve Siyasal Ba\u011flamda Afrika Okumalar\u0131"},"content":{"rendered":"<p>T\u00fcrkiye d\u00f6n\u00fck olarak Afrika\u2019n\u0131n sahip oldu\u011fu sempati ve ilgiye ra\u011fmen bu alanda T\u00fcrk\u00e7e s\u0131n\u0131rl\u0131d\u0131r. Bu \u00fclkelerde olmas\u0131 gereken \u00f6l\u00e7\u00fcde hukuksal ve siyasal yap\u0131s\u0131 hakk\u0131nda yeterli bilgi sahip de\u011fildir. Hemen ifade edelim ki konu hakk\u0131nda T\u00fcrk\u00e7e kaynaklar son derece s\u0131n\u0131rl\u0131d\u0131r ve neredeyse yoktur. Bu manada konu hakk\u0131nda hukuki ve siyasal \u00e7al\u0131\u015fmalar\u0131n olmad\u0131\u011f\u0131na dikkat \u00e7ekmek isterim. B\u00f6yle bir sonucun do\u011fmas\u0131nda T\u00fcrk ticari \u00e7evreleri ve di\u011fer alanlardaki bilgi eklisi unutulmamal\u0131d\u0131r. Afrika hakk\u0131nda bilgi noksanl\u0131\u011f\u0131 g\u00f6z ard\u0131 edilmemeli, bu ba\u011flamda siyasi ve hukuk yap\u0131lar\u0131na ili\u015fkin bilgi eksikli\u011fi giderilmelidir. Farkl\u0131 Afrika devletlerinin siyasal, sosyal ve hukuksal y\u00f6nlerini irdelemeyi ama\u00e7layan bu eserdeki \u00e7al\u0131\u015fma benim \u00e7abalar\u0131m ve bilhassa y\u00fcksek lisans ve doktora \u00f6\u011frencilerimin \u00e7abalar\u0131yla ortaya \u00e7\u0131km\u0131\u015ft\u0131r. Bu ba\u011flamda \u00f6\u011frencilerimin gayretlerini bilhassa vurgulamak ve tebriklerimi bilmelerini vurgulamak isterim. Edit\u00f6r: Prof. Dr. \u0130lyas Do\u011fan<\/p>\n","protected":false},"excerpt":{"rendered":"<p>T\u00fcrkiye d\u00f6n\u00fck olarak Afrika\u2019n\u0131n sahip oldu\u011fu sempati ve ilgiye ra\u011fmen bu alanda T\u00fcrk\u00e7e s\u0131n\u0131rl\u0131d\u0131r. Bu \u00fclkelerde olmas\u0131 gereken \u00f6l\u00e7\u00fcde hukuksal ve siyasal yap\u0131s\u0131 hakk\u0131nda yeterli bilgi<span class=\"excerpt-hellip\"> [\u2026]<\/span><\/p>\n","protected":false},"featured_media":0,"template":"","meta":{"_monsterinsights_skip_tracking":false,"_monsterinsights_sitenote_active":false,"_monsterinsights_sitenote_note":"","_monsterinsights_sitenote_category":0},"product_brand":[],"product_cat":[12337],"product_tag":[],"class_list":{"0":"post-764114","1":"product","2":"type-product","3":"status-publish","5":"product_cat-politika-siyaset","6":"pa_cilt-ciltsiz","7":"pa_tur-kitap","8":"pa_yayinevi-astana-yayinlari","9":"pa_yazar-editor-prof-dr-ilyas-dogan","11":"first","12":"instock","13":"sale","14":"shipping-taxable","15":"purchasable","16":"product-type-simple"},"_links":{"self":[{"href":"https:\/\/roveyayinevi.com.tr\/index.php\/wp-json\/wp\/v2\/product\/764114","targetHints":{"allow":["GET"]}}],"collection":[{"href":"https:\/\/roveyayinevi.com.tr\/index.php\/wp-json\/wp\/v2\/product"}],"about":[{"href":"https:\/\/roveyayinevi.com.tr\/index.php\/wp-json\/wp\/v2\/types\/product"}],"wp:attachment":[{"href":"https:\/\/roveyayinevi.com.tr\/index.php\/wp-json\/wp\/v2\/media?parent=764114"}],"wp:term":[{"taxonomy":"product_brand","embeddable":true,"href":"https:\/\/roveyayinevi.com.tr\/index.php\/wp-json\/wp\/v2\/product_brand?post=764114"},{"taxonomy":"product_cat","embeddable":true,"href":"https:\/\/roveyayinevi.com.tr\/index.php\/wp-json\/wp\/v2\/product_cat?post=764114"},{"taxonomy":"product_tag","embeddable":true,"href":"https:\/\/roveyayinevi.com.tr\/index.php\/wp-json\/wp\/v2\/product_tag?post=764114"}],"curies":[{"name":"wp","href":"https:\/\/api.w.org\/{rel}","templated":true}]}}