{"id":764113,"date":"2025-08-28T11:00:44","date_gmt":"2025-08-28T08:00:44","guid":{"rendered":"https:\/\/roveyayinevi.com.tr\/index.php\/urun\/kanunilik-ilkesinin-uluslararasi-hukuktaki-yansimalari\/"},"modified":"2026-04-15T03:29:52","modified_gmt":"2026-04-15T00:29:52","slug":"kanunilik-ilkesinin-uluslararasi-hukuktaki-yansimalari","status":"publish","type":"product","link":"https:\/\/roveyayinevi.com.tr\/index.php\/urun\/kanunilik-ilkesinin-uluslararasi-hukuktaki-yansimalari\/","title":{"rendered":"Kanunilik \u0130lkesinin Uluslararas\u0131 Hukuktaki Yans\u0131malar\u0131"},"content":{"rendered":"<p>Kanunilik ilkesi g\u00fcn\u00fcm\u00fczde t\u00fcm toplumlarca kabul edilmi\u015f ve bir\u00e7ok yazarlarca hukukun genel ilkesi olarak kabul edilmi\u015ftir. Ayn\u0131 zamanda, kanunilik ilkesi 1948 tarihli \u0130nsan Haklar\u0131 Evrensel Bildirgesi, 1949 tarihli Cenevre S\u00f6zle\u015fmeleri ve 1977 tarihli Ek Protokoller, 1966 tarihli Medeni ve Siyasi Haklara \u0130li\u015fkin Uluslararas\u0131 S\u00f6zle\u015fme ve 1950 tarihli Avrupa \u0130nsan Haklar\u0131 S\u00f6zle\u015fmesi gibi bir\u00e7ok uluslararas\u0131 ve b\u00f6lgesel belgede yer alarak modern uluslararas\u0131 insan haklar\u0131na ili\u015fkin temel kaynaklar\u0131n bir par\u00e7as\u0131na d\u00f6n\u00fc\u015fm\u00fc\u015ft\u00fcr. Ancak hem ulusal mevzuatta hem de uluslararas\u0131 hukukun \u00f6nemli belgelerinde yerini bulmu\u015f olmas\u0131na ra\u011fmen kanunilik ilkesi \u00e7e\u015fitli hukuk sistemlerindeki kavramsal yakla\u015f\u0131mlar ve farkl\u0131 hukuk dallar\u0131nda ilkenin yorumlanmas\u0131 a\u00e7\u0131s\u0131ndan tart\u0131\u015fma konusu olmaya devam etmektedir. Ayr\u0131ca uluslararas\u0131 ceza hukukunda kaynaklar bak\u0131m\u0131nda team\u00fcl hukuku kurallar\u0131n\u0131n oynad\u0131\u011f\u0131 rolden dolay\u0131 kanunilik ilkesinin konumuna ili\u015fkin sorunlar a\u00e7\u0131\u011fa kavu\u015fturulmam\u0131\u015ft\u0131r. Bununla birlikte Uluslararas\u0131 Hukuk Komisyonu\u2019nca haz\u0131rlanan Devletlerin Sorumlulu\u011funa ili\u015fkin Maddeler Tasla\u011f\u0131\u2019n\u0131n haz\u0131rlanma s\u0131ras\u0131nda ortaya at\u0131lan \u201cdevletlerin cezai sorumlulu\u011fu\u201d kavram\u0131 \u00e7er\u00e7evesinde kanunilik ilkesinin uygulanmas\u0131na ili\u015fkin tart\u0131\u015fmalar\u0131n h\u00e2lihaz\u0131rda devam etmekte oldu\u011fu g\u00f6r\u00fclmektedir. Yukar\u0131da belirtilenlerden yola \u00e7\u0131karak \u00e7al\u0131\u015fmada kanunilik ilkesinin kavram\u0131 ve tarihsel geli\u015fimi, uluslararas\u0131 ceza hukukunda kanunilik ilkesi, uluslararas\u0131 insan haklar\u0131 hukukunda kanunilik ilkesi, uluslararas\u0131 hukukta devletlerin sorumlulu\u011fu a\u00e7\u0131s\u0131ndan kanunilik ilkesi olmak \u00fczere d\u00f6rt boyutu \u00fczerinde durulmu\u015ftur. Bug\u00fcne kadar kanunilik ilkesinin uluslararas\u0131 hukuktaki yans\u0131malar\u0131 konusunda yap\u0131lan ara\u015ft\u0131rmalar\u0131n \u00e7o\u011fu Avrupa \u0130nsan Haklar\u0131 S\u00f6zle\u015fmesi kapsam\u0131ndaki d\u00fczenlemelerle s\u0131n\u0131rl\u0131 kald\u0131\u011f\u0131 g\u00f6r\u00fclmektedir. Bu ba\u011flamda i\u015fbu \u00e7al\u0131\u015fman\u0131n uluslararas\u0131 ceza hukuku, uluslararas\u0131 insan haklar\u0131 hukuku ve uluslararas\u0131 hukukta devletlerin sorumlulu\u011fu a\u00e7\u0131s\u0131ndan kanunilik ilkesinin uygulanmas\u0131na ili\u015fkin T\u00fcrkiye\u2019deki ilk kapsaml\u0131 ara\u015ft\u0131rma oldu\u011fu s\u00f6ylenebilir.<\/p>\n","protected":false},"excerpt":{"rendered":"<p>Kanunilik ilkesi g\u00fcn\u00fcm\u00fczde t\u00fcm toplumlarca kabul edilmi\u015f ve bir\u00e7ok yazarlarca hukukun genel ilkesi olarak kabul edilmi\u015ftir. Ayn\u0131 zamanda, kanunilik ilkesi 1948 tarihli \u0130nsan Haklar\u0131 Evrensel Bildirgesi,<span class=\"excerpt-hellip\"> [\u2026]<\/span><\/p>\n","protected":false},"featured_media":0,"template":"","meta":{"_monsterinsights_skip_tracking":false,"_monsterinsights_sitenote_active":false,"_monsterinsights_sitenote_note":"","_monsterinsights_sitenote_category":0},"product_brand":[],"product_cat":[15350,17602],"product_tag":[],"class_list":{"0":"post-764113","1":"product","2":"type-product","3":"status-publish","5":"product_cat-hukuk","6":"product_cat-hukuk-uzerine","7":"pa_cilt-ciltsiz","8":"pa_tur-kitap","9":"pa_yayinevi-astana-yayinlari","10":"pa_yazar-dr-alim-sabir","12":"first","13":"instock","14":"sale","15":"shipping-taxable","16":"purchasable","17":"product-type-simple"},"_links":{"self":[{"href":"https:\/\/roveyayinevi.com.tr\/index.php\/wp-json\/wp\/v2\/product\/764113","targetHints":{"allow":["GET"]}}],"collection":[{"href":"https:\/\/roveyayinevi.com.tr\/index.php\/wp-json\/wp\/v2\/product"}],"about":[{"href":"https:\/\/roveyayinevi.com.tr\/index.php\/wp-json\/wp\/v2\/types\/product"}],"wp:attachment":[{"href":"https:\/\/roveyayinevi.com.tr\/index.php\/wp-json\/wp\/v2\/media?parent=764113"}],"wp:term":[{"taxonomy":"product_brand","embeddable":true,"href":"https:\/\/roveyayinevi.com.tr\/index.php\/wp-json\/wp\/v2\/product_brand?post=764113"},{"taxonomy":"product_cat","embeddable":true,"href":"https:\/\/roveyayinevi.com.tr\/index.php\/wp-json\/wp\/v2\/product_cat?post=764113"},{"taxonomy":"product_tag","embeddable":true,"href":"https:\/\/roveyayinevi.com.tr\/index.php\/wp-json\/wp\/v2\/product_tag?post=764113"}],"curies":[{"name":"wp","href":"https:\/\/api.w.org\/{rel}","templated":true}]}}