{"id":764112,"date":"2025-08-28T11:00:43","date_gmt":"2025-08-28T08:00:43","guid":{"rendered":"https:\/\/roveyayinevi.com.tr\/index.php\/urun\/kuresellesme-uluslararasi-goc-ve-kamu-yonetiminin-donusumu\/"},"modified":"2026-04-15T03:29:52","modified_gmt":"2026-04-15T00:29:52","slug":"kuresellesme-uluslararasi-goc-ve-kamu-yonetiminin-donusumu","status":"publish","type":"product","link":"https:\/\/roveyayinevi.com.tr\/index.php\/urun\/kuresellesme-uluslararasi-goc-ve-kamu-yonetiminin-donusumu\/","title":{"rendered":"K\u00fcreselle\u015fme, Uluslararas\u0131 G\u00f6\u00e7 ve Kamu Y\u00f6netiminin D\u00f6n\u00fc\u015f\u00fcm\u00fc"},"content":{"rendered":"<p>G\u00f6\u00e7, tarihin her d\u00f6neminde toplumsal, ekonomik ve siyasal sonu\u00e7lar do\u011furan ve tarihin ak\u0131\u015f\u0131na y\u00f6n veren bir olgu olmu\u015ftur. G\u00f6\u00e7\u00fcn bu \u00e7e\u015fitli etkilerinin toplumlar, medeniyetler a\u00e7\u0131s\u0131ndan yap\u0131c\u0131 veya y\u0131k\u0131c\u0131 sonu\u00e7lar meydana getirebildi\u011fi tarihsel \u00f6rneklerden g\u00f6r\u00fclebilmektedir. Bu bak\u0131mdan g\u00f6\u00e7, toplumlar i\u00e7in d\u00f6n\u00fc\u015ft\u00fcr\u00fcc\u00fc bir kuvvettir.G\u00f6\u00e7 yaln\u0131zca g\u00fcn\u00fcm\u00fcz\u00fcn de\u011fil insanl\u0131k tarihinin konusudur. Ancak g\u00f6\u00e7\u00fcn bir t\u00fcr\u00fc olan uluslararas\u0131 g\u00f6\u00e7 hareketleri ise yak\u0131n tarihimizin konusudur. Ulus devlet d\u00fczeninin bir neticesi olan uluslararas\u0131 g\u00f6\u00e7 olgusu k\u00fcreselle\u015fme s\u00fcrecinde kazand\u0131\u011f\u0131 ivmeyle \u201cG\u00f6\u00e7ler \u00c7a\u011f\u0131\u201dn\u0131 ba\u015flatm\u0131\u015ft\u0131r. Bu s\u00fcre\u00e7te, uluslararas\u0131 g\u00f6\u00e7 hareketlerinin ulus devlet d\u00fczeninde \u00f6nemli yap\u0131sal de\u011fi\u015fiklikler meydana getirdi\u011fi g\u00f6r\u00fclmektedir.Topluma dair her \u015fey \u015f\u00fcphesiz ki y\u00f6netimin de konusudur. Toplumsal alanda k\u00f6kl\u00fc etkileri olan g\u00f6\u00e7 olgusunun y\u00f6netimi devletler i\u00e7in kritik \u00f6nem arz etmektedir. \u00d6yle ki g\u00f6\u00e7 y\u00f6netimi ekonomi, sa\u011fl\u0131k, g\u00fcvenlik, kent y\u00f6netimi, adalet, diplomasi, n\u00fcfus hizmetleri gibi kamu y\u00f6netiminin neredeyse her alan\u0131yla ili\u015fkilidir. Bu durum \u201cG\u00f6\u00e7ler \u00c7a\u011f\u0131\u201dnda kamu y\u00f6netimini de etkilemekte ve d\u00f6n\u00fc\u015ft\u00fcrmektedir.T\u00fcrkiye, \u00f6zellikle son on y\u0131lda d\u00fcnya genelinde uluslararas\u0131 g\u00f6\u00e7 hareketlerinden en fazla etkilenen ve kayda de\u011fer say\u0131da g\u00f6\u00e7men n\u00fcfusa ev sahipli\u011fi yapan bir \u00fclke konumundad\u0131r. Bu durum T\u00fcrkiye\u2019de g\u00f6\u00e7 y\u00f6netimini temel bir siyaset ve siyasa konular\u0131ndan birisi haline getirmi\u015ftir. Bu kitap, uluslararas\u0131 g\u00f6\u00e7 olgununun y\u00f6netimi meselesini irdelemekle birlikte s\u0131n\u0131rlar aras\u0131 insan hareketliliklerinin genel olarak kamu y\u00f6netiminde \u00f6zel olarak ise T\u00fcrk Kamu Y\u00f6netiminde meydana getirdi\u011fi de\u011fi\u015fimleri konu edinmektedir.<\/p>\n","protected":false},"excerpt":{"rendered":"<p>G\u00f6\u00e7, tarihin her d\u00f6neminde toplumsal, ekonomik ve siyasal sonu\u00e7lar do\u011furan ve tarihin ak\u0131\u015f\u0131na y\u00f6n veren bir olgu olmu\u015ftur. G\u00f6\u00e7\u00fcn bu \u00e7e\u015fitli etkilerinin toplumlar, medeniyetler a\u00e7\u0131s\u0131ndan yap\u0131c\u0131<span class=\"excerpt-hellip\"> [\u2026]<\/span><\/p>\n","protected":false},"featured_media":0,"template":"","meta":{"_monsterinsights_skip_tracking":false,"_monsterinsights_sitenote_active":false,"_monsterinsights_sitenote_note":"","_monsterinsights_sitenote_category":0},"product_brand":[],"product_cat":[12324],"product_tag":[],"class_list":{"0":"post-764112","1":"product","2":"type-product","3":"status-publish","5":"product_cat-sosyoloji","6":"pa_cilt-ciltsiz","7":"pa_tur-kitap","8":"pa_yayinevi-astana-yayinlari","9":"pa_yazar-dr-senol-uzun","11":"first","12":"instock","13":"sale","14":"shipping-taxable","15":"purchasable","16":"product-type-simple"},"_links":{"self":[{"href":"https:\/\/roveyayinevi.com.tr\/index.php\/wp-json\/wp\/v2\/product\/764112","targetHints":{"allow":["GET"]}}],"collection":[{"href":"https:\/\/roveyayinevi.com.tr\/index.php\/wp-json\/wp\/v2\/product"}],"about":[{"href":"https:\/\/roveyayinevi.com.tr\/index.php\/wp-json\/wp\/v2\/types\/product"}],"wp:attachment":[{"href":"https:\/\/roveyayinevi.com.tr\/index.php\/wp-json\/wp\/v2\/media?parent=764112"}],"wp:term":[{"taxonomy":"product_brand","embeddable":true,"href":"https:\/\/roveyayinevi.com.tr\/index.php\/wp-json\/wp\/v2\/product_brand?post=764112"},{"taxonomy":"product_cat","embeddable":true,"href":"https:\/\/roveyayinevi.com.tr\/index.php\/wp-json\/wp\/v2\/product_cat?post=764112"},{"taxonomy":"product_tag","embeddable":true,"href":"https:\/\/roveyayinevi.com.tr\/index.php\/wp-json\/wp\/v2\/product_tag?post=764112"}],"curies":[{"name":"wp","href":"https:\/\/api.w.org\/{rel}","templated":true}]}}