{"id":764111,"date":"2025-08-28T11:00:42","date_gmt":"2025-08-28T08:00:42","guid":{"rendered":"https:\/\/roveyayinevi.com.tr\/index.php\/urun\/dis-ticaret-ve-doviz-kuru-iliskisi-gelismekte-olan-ulkeler-ve-turkiye-uzerine-bir-inceleme\/"},"modified":"2026-04-15T03:29:52","modified_gmt":"2026-04-15T00:29:52","slug":"dis-ticaret-ve-doviz-kuru-iliskisi-gelismekte-olan-ulkeler-ve-turkiye-uzerine-bir-inceleme","status":"publish","type":"product","link":"https:\/\/roveyayinevi.com.tr\/index.php\/urun\/dis-ticaret-ve-doviz-kuru-iliskisi-gelismekte-olan-ulkeler-ve-turkiye-uzerine-bir-inceleme\/","title":{"rendered":"D\u0131\u015f Ticaret ve D\u00f6viz Kuru \u0130li\u015fkisi: Geli\u015fmekte Olan \u00dclkeler ve T\u00fcrkiye \u00dczerine Bir \u0130nceleme"},"content":{"rendered":"<p>K\u00fcreselle\u015fmenin, bilgi-ileti\u015fim teknolojilerinin ve ula\u015f\u0131m\u0131n geli\u015fmesiyle, \u00fclkeler aras\u0131ndaki en etkin ekonomik ara\u00e7lardan biri d\u00f6viz kuru ve d\u00f6viz kuru politikalar\u0131 olmu\u015ftur. Uygulanan d\u00f6viz kuru politikalar\u0131 ba\u015fta d\u0131\u015f ticaret olmak \u00fczere di\u011fer makroekonomik de\u011fi\u015fkenler \u00fczerinde de b\u00fcy\u00fck etki yapmaktad\u0131r. Bu y\u00fczden d\u00f6viz kuru politikalar\u0131n\u0131n se\u00e7imi ve bu politikalar\u0131n uygulanmas\u0131 ile ilgili \u00fclke ekonomilerinde \u00f6nemli sorunlar ya\u015fanmaktad\u0131r. \u00dclkelerin \u00f6zellikle de d\u0131\u015f ticaret yap\u0131s\u0131na uygun d\u00f6viz kuru politikalar\u0131 belirlemesi ve d\u0131\u015f ticaretin di\u011fer \u00fclkeler \u00fczerindeki etkisinin \u00fclkeler taraf\u0131ndan iyi \u015fekilde anla\u015f\u0131lmas\u0131 b\u00fcy\u00fck \u00f6nem ta\u015f\u0131maktad\u0131r. Geli\u015fmekte olan \u00fclkeler daha \u00e7ok ihracatlar\u0131n\u0131 artt\u0131rmaya y\u00f6nelik politikalar uygularken, ihracat hacmini artt\u0131rmak i\u00e7in bir\u00e7ok makroekonomik de\u011fi\u015fkenleri de kontrol etmeye \u00e7al\u0131\u015fmaktad\u0131r. D\u00f6viz kurlar\u0131ndaki de\u011fi\u015fim oranlar\u0131 ve bu de\u011fi\u015fimlerin ekonomiler \u00fczerindeki etkileri her \u00fclke i\u00e7in ayn\u0131 seviyede olmamaktad\u0131r. Geli\u015fmekte olan \u00fclke ekonomileri, yap\u0131sal farkl\u0131l\u0131klar\u0131ndan dolay\u0131 d\u00f6viz kurunda ya\u015fanan de\u011fi\u015fimlerden daha y\u00fcksek oranda etkilenmektedir. Bu y\u00fczden kitapta \u00f6zellikle geli\u015fmekte olan \u00fclkeler \u00fczerinde durulmu\u015f ve panel veri analizi uygulamas\u0131 yap\u0131larak sonu\u00e7lar de\u011ferlendirilmi\u015ftir. Ayr\u0131ca T\u00fcrkiye i\u00e7in geli\u015fmekte olan \u00fclkelerde kullan\u0131lan makroekonomik de\u011fi\u015fkenler ve y\u0131llar ele al\u0131narak zaman serisi analizi yap\u0131lm\u0131\u015f ve elde edilen sonu\u00e7lar yorumlanm\u0131\u015ft\u0131r. Son olarak da T\u00fcrkiye ve geli\u015fmekte olan \u00fclkeler \u00fczerine yap\u0131lan analiz sonu\u00e7lar\u0131 kar\u015f\u0131la\u015ft\u0131r\u0131lm\u0131\u015ft\u0131r.<\/p>\n","protected":false},"excerpt":{"rendered":"<p>K\u00fcreselle\u015fmenin, bilgi-ileti\u015fim teknolojilerinin ve ula\u015f\u0131m\u0131n geli\u015fmesiyle, \u00fclkeler aras\u0131ndaki en etkin ekonomik ara\u00e7lardan biri d\u00f6viz kuru ve d\u00f6viz kuru politikalar\u0131 olmu\u015ftur. Uygulanan d\u00f6viz kuru politikalar\u0131 ba\u015fta d\u0131\u015f<span class=\"excerpt-hellip\"> [\u2026]<\/span><\/p>\n","protected":false},"featured_media":0,"template":"","meta":{"_monsterinsights_skip_tracking":false,"_monsterinsights_sitenote_active":false,"_monsterinsights_sitenote_note":"","_monsterinsights_sitenote_category":0},"product_brand":[],"product_cat":[14841,13043],"product_tag":[],"class_list":{"0":"post-764111","1":"product","2":"type-product","3":"status-publish","5":"product_cat-arastirma-inceleme-kuram","6":"product_cat-ekonomi","7":"pa_cilt-ciltsiz","8":"pa_tur-kitap","9":"pa_yayinevi-astana-yayinlari","10":"pa_yazar-ozlem-zeybek-tekin","12":"first","13":"instock","14":"sale","15":"shipping-taxable","16":"purchasable","17":"product-type-simple"},"_links":{"self":[{"href":"https:\/\/roveyayinevi.com.tr\/index.php\/wp-json\/wp\/v2\/product\/764111","targetHints":{"allow":["GET"]}}],"collection":[{"href":"https:\/\/roveyayinevi.com.tr\/index.php\/wp-json\/wp\/v2\/product"}],"about":[{"href":"https:\/\/roveyayinevi.com.tr\/index.php\/wp-json\/wp\/v2\/types\/product"}],"wp:attachment":[{"href":"https:\/\/roveyayinevi.com.tr\/index.php\/wp-json\/wp\/v2\/media?parent=764111"}],"wp:term":[{"taxonomy":"product_brand","embeddable":true,"href":"https:\/\/roveyayinevi.com.tr\/index.php\/wp-json\/wp\/v2\/product_brand?post=764111"},{"taxonomy":"product_cat","embeddable":true,"href":"https:\/\/roveyayinevi.com.tr\/index.php\/wp-json\/wp\/v2\/product_cat?post=764111"},{"taxonomy":"product_tag","embeddable":true,"href":"https:\/\/roveyayinevi.com.tr\/index.php\/wp-json\/wp\/v2\/product_tag?post=764111"}],"curies":[{"name":"wp","href":"https:\/\/api.w.org\/{rel}","templated":true}]}}