{"id":764108,"date":"2025-08-28T11:00:38","date_gmt":"2025-08-28T08:00:38","guid":{"rendered":"https:\/\/roveyayinevi.com.tr\/index.php\/urun\/hayat-boyle-yasanir\/"},"modified":"2026-04-08T03:26:14","modified_gmt":"2026-04-08T00:26:14","slug":"hayat-boyle-yasanir","status":"publish","type":"product","link":"https:\/\/roveyayinevi.com.tr\/index.php\/urun\/hayat-boyle-yasanir\/","title":{"rendered":"Hayat B\u00f6yle Ya\u015fan\u0131r"},"content":{"rendered":"<p>Hayatta her insan\u0131n en \u00f6nemli i\u015fi ya\u015famakt\u0131r, ya\u015famak bir sanatt\u0131r. Bu y\u00fczden hayatta sa\u011fl\u0131kl\u0131, ba\u015far\u0131l\u0131, huzurlu ve mutlu olmak; iyi ve kaliteli ya\u015famak i\u00e7in \u00f6ncelikle ya\u015fam\u0131 ve ya\u015famay\u0131 bilmek gereklidir. Bu Kitap&#8217;ta sa\u011fl\u0131kl\u0131, iyi ve kaliteli ya\u015faman\u0131n; ba\u015far\u0131l\u0131, huzurlu ve mutlu olman\u0131n ilke, kural ve ko\u015fullar\u0131 kaynaklara dayal\u0131 olarak \u00f6rneklerle a\u00e7\u0131klanm\u0131\u015ft\u0131r. Ya\u015fam boyu sa\u011fl\u0131kl\u0131, ba\u015far\u0131l\u0131, huzurlu ve mutlu olman\u0131z, iyi ve kaliteli ya\u015faman\u0131z en i\u00e7ten dile\u011fimizdir.<\/p>\n","protected":false},"excerpt":{"rendered":"<p>Hayatta her insan\u0131n en \u00f6nemli i\u015fi ya\u015famakt\u0131r, ya\u015famak bir sanatt\u0131r. Bu y\u00fczden hayatta sa\u011fl\u0131kl\u0131, ba\u015far\u0131l\u0131, huzurlu ve mutlu olmak; iyi ve kaliteli ya\u015famak i\u00e7in \u00f6ncelikle ya\u015fam\u0131<span class=\"excerpt-hellip\"> [\u2026]<\/span><\/p>\n","protected":false},"featured_media":0,"template":"","meta":{"_monsterinsights_skip_tracking":false,"_monsterinsights_sitenote_active":false,"_monsterinsights_sitenote_note":"","_monsterinsights_sitenote_category":0},"product_brand":[],"product_cat":[12364,12376],"product_tag":[],"class_list":{"0":"post-764108","1":"product","2":"type-product","3":"status-publish","5":"product_cat-genel-konular","6":"product_cat-kisisel-gelisim","7":"pa_cilt-ciltsiz","8":"pa_tur-kitap","9":"pa_yayinevi-astana-yayinlari","10":"pa_yazar-nihat-ayturk","12":"first","13":"instock","14":"sale","15":"shipping-taxable","16":"purchasable","17":"product-type-simple"},"_links":{"self":[{"href":"https:\/\/roveyayinevi.com.tr\/index.php\/wp-json\/wp\/v2\/product\/764108","targetHints":{"allow":["GET"]}}],"collection":[{"href":"https:\/\/roveyayinevi.com.tr\/index.php\/wp-json\/wp\/v2\/product"}],"about":[{"href":"https:\/\/roveyayinevi.com.tr\/index.php\/wp-json\/wp\/v2\/types\/product"}],"wp:attachment":[{"href":"https:\/\/roveyayinevi.com.tr\/index.php\/wp-json\/wp\/v2\/media?parent=764108"}],"wp:term":[{"taxonomy":"product_brand","embeddable":true,"href":"https:\/\/roveyayinevi.com.tr\/index.php\/wp-json\/wp\/v2\/product_brand?post=764108"},{"taxonomy":"product_cat","embeddable":true,"href":"https:\/\/roveyayinevi.com.tr\/index.php\/wp-json\/wp\/v2\/product_cat?post=764108"},{"taxonomy":"product_tag","embeddable":true,"href":"https:\/\/roveyayinevi.com.tr\/index.php\/wp-json\/wp\/v2\/product_tag?post=764108"}],"curies":[{"name":"wp","href":"https:\/\/api.w.org\/{rel}","templated":true}]}}