{"id":764107,"date":"2025-08-28T11:00:37","date_gmt":"2025-08-28T08:00:37","guid":{"rendered":"https:\/\/roveyayinevi.com.tr\/index.php\/urun\/iran-dis-politikasinda-imparatorluk-vizyonu-pers-yayilmaciligi\/"},"modified":"2026-04-15T03:29:52","modified_gmt":"2026-04-15T00:29:52","slug":"iran-dis-politikasinda-imparatorluk-vizyonu-pers-yayilmaciligi","status":"publish","type":"product","link":"https:\/\/roveyayinevi.com.tr\/index.php\/urun\/iran-dis-politikasinda-imparatorluk-vizyonu-pers-yayilmaciligi\/","title":{"rendered":"\u0130ran D\u0131\u015f Politikas\u0131nda \u0130mparatorluk Vizyonu: Pers Yay\u0131lmac\u0131l\u0131\u011f\u0131"},"content":{"rendered":"<p>Devletlerin kimliklerini tan\u0131mlay\u0131\u015f bi\u00e7imleri do\u011frultusunda ulusal \u00e7\u0131karlar\u0131n\u0131 da tan\u0131mlad\u0131klar\u0131 g\u00f6r\u00fclmektedir. Bu kapsamda 1979 y\u0131l\u0131nda ger\u00e7ekle\u015fen \u0130slam Devrimi&#8217;nin ard\u0131ndan \u0130ran, \u015eiilik ile Fars kimli\u011fini sentezleyen \u0130ranl\u0131l\u0131k olgusunu d\u0131\u015f politikas\u0131n\u0131n merkezine oturtmu\u015ftur. Bu durum, \u0130ran d\u0131\u015f politikas\u0131nda iki farkl\u0131 imparatorluk vizyonunu beraberinde getirmi\u015ftir. Nitekim Tahran hem \u015eii-\u0130slam D\u00fcnyas\u0131&#8217;n\u0131n siyasi ve dini k\u0131blesi olmak istemekte hem de Fars D\u00fcnyas\u0131&#8217;n\u0131n b\u00fcy\u00fck abisi olarak konumlanmaya \u00e7al\u0131\u015fmaktad\u0131r. Bu hedefler do\u011frultusunda imparatorluk vizyonunu \u015fekillendiren \u0130ran, Tahran&#8217;\u0131 merkez kararg\u00e2h olarak g\u00f6rmekte ve \u00e7evrenin merkeze itaat etmesini arzulamaktad\u0131r. Bu arzu ise \u0130ran&#8217;\u0131n tarihi Pers \u0130mparatorlu\u011fu ge\u00e7mi\u015fine dayanmaktad\u0131r. Zira \u0130ran&#8217;\u0131n imparatorluk vizyonunun \u00f6ncelik te\u015fkil etti\u011fi alanlara bak\u0131ld\u0131\u011f\u0131nda, tarihi Pers yay\u0131lmac\u0131l\u0131\u011f\u0131n\u0131n \u00f6rnek al\u0131nd\u0131\u011f\u0131 g\u00f6r\u00fclmektedir. Bu da \u0130ran&#8217;\u0131n iki farkl\u0131 uluslararas\u0131 sistem in\u015fa etmeye \u00e7al\u0131\u015ft\u0131\u011f\u0131 \u015eii-\u0130slam D\u00fcnyas\u0131 ve Fars D\u00fcnyas\u0131 projeksiyonlar\u0131yla birlikte ele al\u0131nd\u0131\u011f\u0131nda, Tahran y\u00f6netiminin ideolojik ve idealist \u00e7\u0131k\u0131\u015flar\u0131n\u0131n retorikten ibaret oldu\u011fu ve \u0130ran&#8217;\u0131n g\u00fcc\u00fcn\u00fc azami seviyeye ula\u015ft\u0131rmaya \u00e7al\u0131\u015fan pragmatik ve neorealist politikalar uygulad\u0131\u011f\u0131 g\u00f6r\u00fclmektedir. Bu eserde de \u0130ran d\u0131\u015f politikas\u0131ndaki imparatorluk vizyonu ve bu vizyonda milliyet\u00e7ili\u011fin yeri, \u0130ran yay\u0131lmac\u0131l\u0131\u011f\u0131 ba\u011flam\u0131nda incelenmektedir.<\/p>\n","protected":false},"excerpt":{"rendered":"<p>Devletlerin kimliklerini tan\u0131mlay\u0131\u015f bi\u00e7imleri do\u011frultusunda ulusal \u00e7\u0131karlar\u0131n\u0131 da tan\u0131mlad\u0131klar\u0131 g\u00f6r\u00fclmektedir. Bu kapsamda 1979 y\u0131l\u0131nda ger\u00e7ekle\u015fen \u0130slam Devrimi&#8217;nin ard\u0131ndan \u0130ran, \u015eiilik ile Fars kimli\u011fini sentezleyen \u0130ranl\u0131l\u0131k olgusunu<span class=\"excerpt-hellip\"> [\u2026]<\/span><\/p>\n","protected":false},"featured_media":0,"template":"","meta":{"_monsterinsights_skip_tracking":false,"_monsterinsights_sitenote_active":false,"_monsterinsights_sitenote_note":"","_monsterinsights_sitenote_category":0},"product_brand":[],"product_cat":[12370,12304],"product_tag":[],"class_list":{"0":"post-764107","1":"product","2":"type-product","3":"status-publish","5":"product_cat-arastirma-inceleme","6":"product_cat-tarih","7":"pa_cilt-ciltsiz","8":"pa_tur-kitap","9":"pa_yayinevi-astana-yayinlari","10":"pa_yazar-dr-dogacan-basaran","12":"first","13":"instock","14":"sale","15":"shipping-taxable","16":"purchasable","17":"product-type-simple"},"_links":{"self":[{"href":"https:\/\/roveyayinevi.com.tr\/index.php\/wp-json\/wp\/v2\/product\/764107","targetHints":{"allow":["GET"]}}],"collection":[{"href":"https:\/\/roveyayinevi.com.tr\/index.php\/wp-json\/wp\/v2\/product"}],"about":[{"href":"https:\/\/roveyayinevi.com.tr\/index.php\/wp-json\/wp\/v2\/types\/product"}],"wp:attachment":[{"href":"https:\/\/roveyayinevi.com.tr\/index.php\/wp-json\/wp\/v2\/media?parent=764107"}],"wp:term":[{"taxonomy":"product_brand","embeddable":true,"href":"https:\/\/roveyayinevi.com.tr\/index.php\/wp-json\/wp\/v2\/product_brand?post=764107"},{"taxonomy":"product_cat","embeddable":true,"href":"https:\/\/roveyayinevi.com.tr\/index.php\/wp-json\/wp\/v2\/product_cat?post=764107"},{"taxonomy":"product_tag","embeddable":true,"href":"https:\/\/roveyayinevi.com.tr\/index.php\/wp-json\/wp\/v2\/product_tag?post=764107"}],"curies":[{"name":"wp","href":"https:\/\/api.w.org\/{rel}","templated":true}]}}