{"id":764105,"date":"2025-08-28T11:00:35","date_gmt":"2025-08-28T08:00:35","guid":{"rendered":"https:\/\/roveyayinevi.com.tr\/index.php\/urun\/milli-jeopolitika-ve-jeostratejinin-insa-zihniyeti-21-yuzyil-turkiyesi\/"},"modified":"2026-04-15T03:29:52","modified_gmt":"2026-04-15T00:29:52","slug":"milli-jeopolitika-ve-jeostratejinin-insa-zihniyeti-21-yuzyil-turkiyesi","status":"publish","type":"product","link":"https:\/\/roveyayinevi.com.tr\/index.php\/urun\/milli-jeopolitika-ve-jeostratejinin-insa-zihniyeti-21-yuzyil-turkiyesi\/","title":{"rendered":"Milli Jeopolitika ve Jeostratejinin \u0130n\u015fa Zihniyeti: 21. Y\u00fczy\u0131l T\u00fcrkiye&#8217;si"},"content":{"rendered":"<p>\u00c7e\u015fitli stratejistler taraf\u0131ndan ortaya at\u0131lan jeopolitik ve jeostratejik tezler devletlerin ve medeniyetlerin g\u00fc\u00e7lenip zay\u0131flamas\u0131n\u0131 \u00f6ng\u00f6rmektedir. Bu noktada bu tezler hangi devletin ve medeniyetin i\u00e7inden \u00e7\u0131km\u0131\u015fsa o devleti ve medeniyeti y\u00f6nlendirmeyi ama\u00e7lamaktad\u0131r. Fukuyama\u2019n\u0131n Tarihin Sonu tezi ile T\u00fcrk-\u0130slam Medeniyetinin veya \u00c7in Medeniyetinin kendi jeopolitik ve jeostratejik durumlar\u0131 a\u00e7\u0131klanamaz. Brzezinski ABD\u2019nin imk\u00e2n ve kabiliyetleri do\u011frultusunda B\u00fcy\u00fck Satran\u00e7 Tahtas\u0131 olarak nitelendirdi\u011fi Avrasya\u2019da ABD\u2019nin hangi politikalar\u0131 uygulamas\u0131 gerekti\u011fini ifade etmi\u015ftir. Huntington Medeniyetler \u00c7at\u0131\u015fmas\u0131\u2019nda ise Bat\u0131 Medeniyeti\u2019nin kar\u015f\u0131s\u0131na rakip olabilecek medeniyetlere kar\u015f\u0131 kendi medeniyetini \u00f6nceden uyarmakta ve d\u00fc\u015fman olarak baz\u0131 medeniyetleri g\u00f6stermektedir. \u0130\u015fte bu do\u011frultuda T\u00fcrkiye\u2019nin kendi jeopolitik ve jeostratejik tezini kendi k\u00fclt\u00fcrel bak\u0131\u015f a\u00e7\u0131s\u0131na dayanan bir derinle\u015fme ile in\u015fa etmesi gerekli g\u00f6r\u00fclmektedir. Bat\u0131c\u0131 veya Avrasyac\u0131 de\u011ferler ile siyasi, iktisadi, askeri ve sosyal politikalar \u00fcretmek T\u00fcrkiye\u2019yi ba\u015far\u0131ya ula\u015ft\u0131rmayacak ve di\u011fer medeniyetlerin bir taklit\u00e7isi konumuna d\u00fc\u015f\u00fcrecektir. Bu \u00e7al\u0131\u015fmada T\u00fcrkiye\u2019nin \u00f6zg\u00fcn sosyal d\u00fc\u015f\u00fcnce ba\u011flam\u0131nda kendi jeopolitik ve jeostratejik tezlerini \u00fcretmesinin \u00f6nemi, gereklilikleri, yapmas\u0131 gerekenler, rakipleri gibi konular \u00fczerinde durulmu\u015ftur. \u00d6zellikle Bat\u0131l\u0131 \u00fclkelerin jeopolitik ve jeostratejik hedeflerine ula\u015fmas\u0131 i\u00e7in izledi\u011fi y\u00f6ntemleri ve ama\u00e7lar\u0131 ile T\u00fcrk-\u0130slam Medeniyeti\u2019nin jeopolitik ve jeostratejik hedeflerine ula\u015fmak i\u00e7in izledi\u011fi y\u00f6ntemleri ve ama\u00e7lar\u0131n\u0131n ayn\u0131 olmad\u0131\u011f\u0131ndan hareketle mukayeseli y\u00f6ntem kullan\u0131lm\u0131\u015f ve medeniyetler aras\u0131ndaki anlay\u0131\u015f ile zihniyet farkl\u0131l\u0131klar\u0131 vurgulanm\u0131\u015ft\u0131r.<\/p>\n","protected":false},"excerpt":{"rendered":"<p>\u00c7e\u015fitli stratejistler taraf\u0131ndan ortaya at\u0131lan jeopolitik ve jeostratejik tezler devletlerin ve medeniyetlerin g\u00fc\u00e7lenip zay\u0131flamas\u0131n\u0131 \u00f6ng\u00f6rmektedir. Bu noktada bu tezler hangi devletin ve medeniyetin i\u00e7inden \u00e7\u0131km\u0131\u015fsa o<span class=\"excerpt-hellip\"> [\u2026]<\/span><\/p>\n","protected":false},"featured_media":0,"template":"","meta":{"_monsterinsights_skip_tracking":false,"_monsterinsights_sitenote_active":false,"_monsterinsights_sitenote_note":"","_monsterinsights_sitenote_category":0},"product_brand":[],"product_cat":[13590,12337],"product_tag":[],"class_list":{"0":"post-764105","1":"product","2":"type-product","3":"status-publish","5":"product_cat-arastirma-inceleme-politika-siyaset","6":"product_cat-politika-siyaset","7":"pa_cilt-ciltsiz","8":"pa_tur-kitap","9":"pa_yayinevi-astana-yayinlari","10":"pa_yazar-mertcan-unluoglu","12":"first","13":"instock","14":"sale","15":"shipping-taxable","16":"purchasable","17":"product-type-simple"},"_links":{"self":[{"href":"https:\/\/roveyayinevi.com.tr\/index.php\/wp-json\/wp\/v2\/product\/764105","targetHints":{"allow":["GET"]}}],"collection":[{"href":"https:\/\/roveyayinevi.com.tr\/index.php\/wp-json\/wp\/v2\/product"}],"about":[{"href":"https:\/\/roveyayinevi.com.tr\/index.php\/wp-json\/wp\/v2\/types\/product"}],"wp:attachment":[{"href":"https:\/\/roveyayinevi.com.tr\/index.php\/wp-json\/wp\/v2\/media?parent=764105"}],"wp:term":[{"taxonomy":"product_brand","embeddable":true,"href":"https:\/\/roveyayinevi.com.tr\/index.php\/wp-json\/wp\/v2\/product_brand?post=764105"},{"taxonomy":"product_cat","embeddable":true,"href":"https:\/\/roveyayinevi.com.tr\/index.php\/wp-json\/wp\/v2\/product_cat?post=764105"},{"taxonomy":"product_tag","embeddable":true,"href":"https:\/\/roveyayinevi.com.tr\/index.php\/wp-json\/wp\/v2\/product_tag?post=764105"}],"curies":[{"name":"wp","href":"https:\/\/api.w.org\/{rel}","templated":true}]}}