{"id":764102,"date":"2025-08-28T11:00:31","date_gmt":"2025-08-28T08:00:31","guid":{"rendered":"https:\/\/roveyayinevi.com.tr\/index.php\/urun\/osmanli-toplumsal-yapisi-kurulustan-dagilisa-bir-cozumleme-denemesi\/"},"modified":"2026-04-15T03:29:52","modified_gmt":"2026-04-15T00:29:52","slug":"osmanli-toplumsal-yapisi-kurulustan-dagilisa-bir-cozumleme-denemesi","status":"publish","type":"product","link":"https:\/\/roveyayinevi.com.tr\/index.php\/urun\/osmanli-toplumsal-yapisi-kurulustan-dagilisa-bir-cozumleme-denemesi\/","title":{"rendered":"Osmanl\u0131 Toplumsal Yap\u0131s\u0131: Kurulu\u015ftan Da\u011f\u0131l\u0131\u015fa Bir \u00c7\u00f6z\u00fcmleme Denemesi"},"content":{"rendered":"<p>Hem T\u00fcrk tarihini ger\u00e7ek y\u00f6n\u00fcyle anlamak ve yorumlayarak, bunun yan\u0131 s\u0131ra T\u00fcrk tarihini do\u011fru de\u011ferlendirmek i\u00e7in Osmanl\u0131 toplumsal yap\u0131s\u0131n\u0131 ayr\u0131nt\u0131l\u0131 \u015fekilde irdelemek zorunludur. Bu ba\u011flamda kaleme al\u0131nan eserlerin say\u0131ca az oldu\u011funu ifade etmek bizim i\u00e7in hem \u00fcz\u00fcnt\u00fc verici olmakla beraber; bizim i\u00e7in bireysel manada bo\u015flu\u011fu doldurmaya hizmet eden bir bilimsel \u00e7al\u0131\u015fmaya imza atmaktan da memnuniyet duymaktay\u0131z. Her \u015feyden \u00f6nce unutulmamal\u0131d\u0131r ki Osmanl\u0131 Devlet Gelene\u011fi uzun T\u00fcrk devlet gelene\u011fi ba\u015fta olmak \u00fczere; Yunan ve \u0130slam Uygarl\u0131\u011f\u0131n\u0131n da bir nevi kayna\u015fmas\u0131n\u0131n \u00fcr\u00fcn\u00fcd\u00fcr. Bununla beraber, T\u00fcrkl\u00fck karakterinin a\u011f\u0131r bast\u0131\u011f\u0131 ger\u00e7e\u011fini kabul etmek gerekti\u011fi \u00f6zellikle vurgulanmal\u0131d\u0131r.<\/p>\n","protected":false},"excerpt":{"rendered":"<p>Hem T\u00fcrk tarihini ger\u00e7ek y\u00f6n\u00fcyle anlamak ve yorumlayarak, bunun yan\u0131 s\u0131ra T\u00fcrk tarihini do\u011fru de\u011ferlendirmek i\u00e7in Osmanl\u0131 toplumsal yap\u0131s\u0131n\u0131 ayr\u0131nt\u0131l\u0131 \u015fekilde irdelemek zorunludur. Bu ba\u011flamda kaleme<span class=\"excerpt-hellip\"> [\u2026]<\/span><\/p>\n","protected":false},"featured_media":0,"template":"","meta":{"_monsterinsights_skip_tracking":false,"_monsterinsights_sitenote_active":false,"_monsterinsights_sitenote_note":"","_monsterinsights_sitenote_category":0},"product_brand":[],"product_cat":[13517,12304],"product_tag":[],"class_list":{"0":"post-764102","1":"product","2":"type-product","3":"status-publish","5":"product_cat-osmanli-tarihi","6":"product_cat-tarih","7":"pa_cilt-ciltsiz","8":"pa_tur-kitap","9":"pa_yayinevi-astana-yayinlari","10":"pa_yazar-ahmet-cihan-ilyas-dogan","12":"first","13":"instock","14":"sale","15":"shipping-taxable","16":"purchasable","17":"product-type-simple"},"_links":{"self":[{"href":"https:\/\/roveyayinevi.com.tr\/index.php\/wp-json\/wp\/v2\/product\/764102","targetHints":{"allow":["GET"]}}],"collection":[{"href":"https:\/\/roveyayinevi.com.tr\/index.php\/wp-json\/wp\/v2\/product"}],"about":[{"href":"https:\/\/roveyayinevi.com.tr\/index.php\/wp-json\/wp\/v2\/types\/product"}],"wp:attachment":[{"href":"https:\/\/roveyayinevi.com.tr\/index.php\/wp-json\/wp\/v2\/media?parent=764102"}],"wp:term":[{"taxonomy":"product_brand","embeddable":true,"href":"https:\/\/roveyayinevi.com.tr\/index.php\/wp-json\/wp\/v2\/product_brand?post=764102"},{"taxonomy":"product_cat","embeddable":true,"href":"https:\/\/roveyayinevi.com.tr\/index.php\/wp-json\/wp\/v2\/product_cat?post=764102"},{"taxonomy":"product_tag","embeddable":true,"href":"https:\/\/roveyayinevi.com.tr\/index.php\/wp-json\/wp\/v2\/product_tag?post=764102"}],"curies":[{"name":"wp","href":"https:\/\/api.w.org\/{rel}","templated":true}]}}