{"id":764101,"date":"2025-08-28T11:00:29","date_gmt":"2025-08-28T08:00:29","guid":{"rendered":"https:\/\/roveyayinevi.com.tr\/index.php\/urun\/osmanli-turkcesi-3\/"},"modified":"2026-04-15T03:29:51","modified_gmt":"2026-04-15T00:29:51","slug":"osmanli-turkcesi-3","status":"publish","type":"product","link":"https:\/\/roveyayinevi.com.tr\/index.php\/urun\/osmanli-turkcesi-3\/","title":{"rendered":"Osmanl\u0131 T\u00fcrk\u00e7esi"},"content":{"rendered":"<p>\u0130nsanlar tarih boyunca anla\u015fmak ve k\u00fclt\u00fcr aktar\u0131m\u0131n\u0131 sa\u011flamak i\u00e7in \u00e7e\u015fitli diller kullanm\u0131\u015flard\u0131r. Toplumlar \u00f6zellikle sonraki ku\u015faklara tarih, k\u00fclt\u00fcr, gelenek, inan\u00e7, de\u011ferler vb. hususlarda bilgi aktar\u0131m\u0131n\u0131 sa\u011flamak i\u00e7in yaz\u0131ya ihtiya\u00e7 duymu\u015flard\u0131r. Olu\u015fturduklar\u0131 dili m\u00fcmk\u00fcn oldu\u011funca koruyup geli\u015ftirmi\u015flerdir ki sonraki nesillerle aralar\u0131ndaki ba\u011f kopmas\u0131n. Osmanl\u0131 T\u00fcrk\u00e7esi de benzer ihtiya\u00e7 ve kayg\u0131larla olu\u015fturulmu\u015f bir dildir. As\u0131rlar boyu her konuda pek \u00e7ok k\u0131ymetli eser bu dilde kaleme al\u0131nm\u0131\u015ft\u0131r. Ecdad\u0131m\u0131z\u0131n divan, mesnev\u00ee gibi eserlerinden c\u00e2mi kitabelerine, i\u00e7inde s\u0131rland\u0131klar\u0131 t\u00fcrbelerinden ihtiyac\u0131 olanlar \u00e2b-\u0131 hayat\u0131 i\u00e7er gibi su i\u00e7sin diye yapt\u0131rd\u0131klar\u0131 \u00e7e\u015fmelerin kitabelerine, her biri birer sanat eseri olan, kabristana girdi\u011fimizde bize f\u0131s\u0131ldayan mezar ta\u015flar\u0131ndaki kitabelerden sadece bedenleri de\u011fil g\u00f6n\u00fclleri de yekdi\u011ferine ba\u011flayan k\u00f6pr\u00fc kitabelerine kadar as\u0131rlar boyu s\u00fcrm\u00fc\u015f bir medeniyetin T\u00fcrk\u00e7esidir Osmanl\u0131 T\u00fcrk\u00e7esi. Biz de bu muazzam medeniyetin dilinin yeniden hat\u0131rlanmas\u0131nda hatalar\u0131yla, sevaplar\u0131yla okyanusta katre misali olan eserimizle bulunmak istedik.<\/p>\n","protected":false},"excerpt":{"rendered":"<p>\u0130nsanlar tarih boyunca anla\u015fmak ve k\u00fclt\u00fcr aktar\u0131m\u0131n\u0131 sa\u011flamak i\u00e7in \u00e7e\u015fitli diller kullanm\u0131\u015flard\u0131r. Toplumlar \u00f6zellikle sonraki ku\u015faklara tarih, k\u00fclt\u00fcr, gelenek, inan\u00e7, de\u011ferler vb. hususlarda bilgi aktar\u0131m\u0131n\u0131 sa\u011flamak<span class=\"excerpt-hellip\"> [\u2026]<\/span><\/p>\n","protected":false},"featured_media":0,"template":"","meta":{"_monsterinsights_skip_tracking":false,"_monsterinsights_sitenote_active":false,"_monsterinsights_sitenote_note":"","_monsterinsights_sitenote_category":0},"product_brand":[],"product_cat":[20225,12291],"product_tag":[],"class_list":{"0":"post-764101","1":"product","2":"type-product","3":"status-publish","5":"product_cat-dil-bilim","6":"product_cat-edebiyat","7":"pa_cilt-ciltsiz","8":"pa_tur-kitap","9":"pa_yayinevi-astana-yayinlari","10":"pa_yazar-doc-dr-ayse-farsakoglu-eroglu","12":"first","13":"instock","14":"sale","15":"shipping-taxable","16":"purchasable","17":"product-type-simple"},"_links":{"self":[{"href":"https:\/\/roveyayinevi.com.tr\/index.php\/wp-json\/wp\/v2\/product\/764101","targetHints":{"allow":["GET"]}}],"collection":[{"href":"https:\/\/roveyayinevi.com.tr\/index.php\/wp-json\/wp\/v2\/product"}],"about":[{"href":"https:\/\/roveyayinevi.com.tr\/index.php\/wp-json\/wp\/v2\/types\/product"}],"wp:attachment":[{"href":"https:\/\/roveyayinevi.com.tr\/index.php\/wp-json\/wp\/v2\/media?parent=764101"}],"wp:term":[{"taxonomy":"product_brand","embeddable":true,"href":"https:\/\/roveyayinevi.com.tr\/index.php\/wp-json\/wp\/v2\/product_brand?post=764101"},{"taxonomy":"product_cat","embeddable":true,"href":"https:\/\/roveyayinevi.com.tr\/index.php\/wp-json\/wp\/v2\/product_cat?post=764101"},{"taxonomy":"product_tag","embeddable":true,"href":"https:\/\/roveyayinevi.com.tr\/index.php\/wp-json\/wp\/v2\/product_tag?post=764101"}],"curies":[{"name":"wp","href":"https:\/\/api.w.org\/{rel}","templated":true}]}}