{"id":764098,"date":"2025-08-28T11:00:25","date_gmt":"2025-08-28T08:00:25","guid":{"rendered":"https:\/\/roveyayinevi.com.tr\/index.php\/urun\/kadin-suclulugu\/"},"modified":"2026-04-15T03:29:51","modified_gmt":"2026-04-15T00:29:51","slug":"kadin-suclulugu","status":"publish","type":"product","link":"https:\/\/roveyayinevi.com.tr\/index.php\/urun\/kadin-suclulugu\/","title":{"rendered":"Kad\u0131n Su\u00e7lulu\u011fu"},"content":{"rendered":"<p>\u201cKad\u0131n Su\u00e7lulu\u011fu\u201d, ceza hukuku sistemi i\u00e7inde ma\u011fdur olarak g\u00f6r\u00fclmeye ve de\u011ferlendirilmeye al\u0131\u015f\u0131lm\u0131\u015f kad\u0131n\u0131n, san\u0131k sandalyesinde oldu\u011fundaki durumunu anlamak isteyen bir \u00e7al\u0131\u015fmad\u0131r. Bunun i\u00e7in \u00f6nce birbirinden farkl\u0131 kad\u0131n su\u00e7lulu\u011fu yakla\u015f\u0131mlar\u0131na de\u011finilmi\u015f, daha sonra tarihsel olarak kad\u0131na \u00f6zg\u00fc su\u00e7 kabul edilen fiiller ile genel olarak herkesin i\u015fledi\u011fi su\u00e7lar\u0131 kad\u0131n\u0131n i\u015flemesi halindeki g\u00f6r\u00fcn\u00fcm ele al\u0131nm\u0131\u015ft\u0131r. Hem su\u00e7lar\u0131n olgu olarak tespitinde, hem de bir b\u00fct\u00fcn olarak, kovu\u015fturma ve infaz s\u00fcrecinde, bu ba\u015fl\u0131klar alt\u0131nda ortaya konulan resmin ataerkil sistemle ka\u00e7\u0131n\u0131lmaz bir ili\u015fkisi bulunmaktad\u0131r. Ataerkil sistem, su\u00e7 i\u015flemi\u015f kad\u0131n\u0131n, kad\u0131n kimli\u011fi sebebiyle, i\u015fledi\u011fi su\u00e7un g\u00f6rmezden gelinmesinden, s\u00f6z konusu fiilin kar\u015f\u0131l\u0131\u011f\u0131 olan cezadan \u00e7ok daha a\u011f\u0131r \u015fekilde yapt\u0131r\u0131ma u\u011framas\u0131na s\u0131\u00e7rayan bir bak\u0131\u015f a\u00e7\u0131s\u0131na sahiptir. Bu y\u00fczden tarihsel s\u00fcre\u00e7ten gelen bu e\u011filimle, kad\u0131n faili ortalama bir fail olarak de\u011ferlendirememi\u015ftir. Bu ba\u011flamda kad\u0131n\u0131n i\u015fledi\u011fi \u201csu\u00e7\u201d ve bu su\u00e7u i\u015fleyen \u201ckad\u0131n\u201d, ayr\u0131 ayr\u0131 \u00f6nem ve \u00f6zellikler ta\u015f\u0131maktad\u0131r. Bu kitapta toplum ve hukuk sistemi i\u00e7inde su\u00e7 olarak tan\u0131mlanan eylemleri ger\u00e7ekle\u015ftiren kad\u0131nlar\u0131n, bu eylemlerle i\u00e7ine girdikleri, b\u00fcr\u00fcnd\u00fckleri \u201csu\u00e7luluk\u201d durumu, kad\u0131n bak\u0131\u015f a\u00e7\u0131s\u0131yla ele\u015ftirel bir \u015fekilde resmedilmeye, her alanda oldu\u011fu gibi faillik konusunda da e\u015fitlik talebi dile getirilmeye \u00e7al\u0131\u015f\u0131lm\u0131\u015ft\u0131r.<\/p>\n","protected":false},"excerpt":{"rendered":"<p>\u201cKad\u0131n Su\u00e7lulu\u011fu\u201d, ceza hukuku sistemi i\u00e7inde ma\u011fdur olarak g\u00f6r\u00fclmeye ve de\u011ferlendirilmeye al\u0131\u015f\u0131lm\u0131\u015f kad\u0131n\u0131n, san\u0131k sandalyesinde oldu\u011fundaki durumunu anlamak isteyen bir \u00e7al\u0131\u015fmad\u0131r. Bunun i\u00e7in \u00f6nce birbirinden farkl\u0131<span class=\"excerpt-hellip\"> [\u2026]<\/span><\/p>\n","protected":false},"featured_media":0,"template":"","meta":{"_monsterinsights_skip_tracking":false,"_monsterinsights_sitenote_active":false,"_monsterinsights_sitenote_note":"","_monsterinsights_sitenote_category":0},"product_brand":[],"product_cat":[15350,17602],"product_tag":[],"class_list":{"0":"post-764098","1":"product","2":"type-product","3":"status-publish","5":"product_cat-hukuk","6":"product_cat-hukuk-uzerine","7":"pa_cilt-ciltsiz","8":"pa_tur-kitap","9":"pa_yayinevi-astana-yayinlari","10":"pa_yazar-h-dilara-agaoglu-canay","12":"first","13":"instock","14":"sale","15":"shipping-taxable","16":"purchasable","17":"product-type-simple"},"_links":{"self":[{"href":"https:\/\/roveyayinevi.com.tr\/index.php\/wp-json\/wp\/v2\/product\/764098","targetHints":{"allow":["GET"]}}],"collection":[{"href":"https:\/\/roveyayinevi.com.tr\/index.php\/wp-json\/wp\/v2\/product"}],"about":[{"href":"https:\/\/roveyayinevi.com.tr\/index.php\/wp-json\/wp\/v2\/types\/product"}],"wp:attachment":[{"href":"https:\/\/roveyayinevi.com.tr\/index.php\/wp-json\/wp\/v2\/media?parent=764098"}],"wp:term":[{"taxonomy":"product_brand","embeddable":true,"href":"https:\/\/roveyayinevi.com.tr\/index.php\/wp-json\/wp\/v2\/product_brand?post=764098"},{"taxonomy":"product_cat","embeddable":true,"href":"https:\/\/roveyayinevi.com.tr\/index.php\/wp-json\/wp\/v2\/product_cat?post=764098"},{"taxonomy":"product_tag","embeddable":true,"href":"https:\/\/roveyayinevi.com.tr\/index.php\/wp-json\/wp\/v2\/product_tag?post=764098"}],"curies":[{"name":"wp","href":"https:\/\/api.w.org\/{rel}","templated":true}]}}