{"id":764094,"date":"2025-08-28T11:00:21","date_gmt":"2025-08-28T08:00:21","guid":{"rendered":"https:\/\/roveyayinevi.com.tr\/index.php\/urun\/kalkinma-perspektifinden-turk-cumhuriyetleri\/"},"modified":"2026-04-15T03:29:51","modified_gmt":"2026-04-15T00:29:51","slug":"kalkinma-perspektifinden-turk-cumhuriyetleri","status":"publish","type":"product","link":"https:\/\/roveyayinevi.com.tr\/index.php\/urun\/kalkinma-perspektifinden-turk-cumhuriyetleri\/","title":{"rendered":"Kalk\u0131nma Perspektifinden T\u00fcrk Cumhuriyetleri"},"content":{"rendered":"<p>Sovyetler Birli\u011fi\u2019nden ba\u011f\u0131ms\u0131zl\u0131klar\u0131n\u0131 kazand\u0131ktan sonra T\u00fcrk Cumhuriyetleri ekonomik kalk\u0131nmay\u0131 sa\u011flama yolunda hangi politikalar\u0131 izlediler? Bu politikalar sonucunda kalk\u0131nma d\u00fczeylerinde ne gibi iyile\u015fmeler meydana geldi? S\u00fcrd\u00fcr\u00fclebilir bir b\u00fcy\u00fcme s\u00fcrecine girebildiler mi? Daha y\u00fcksek gelir d\u00fczeyine ula\u015fmak i\u00e7in gidermeleri gereken temel eksiklikleri nelerdir? Elinizdeki kitap bu sorular\u0131n cevab\u0131n\u0131 aramaktad\u0131r. Bu ama\u00e7 do\u011frultusunda d\u00f6rt ana b\u00f6l\u00fcmden te\u015fekk\u00fcl eden \u00e7al\u0131\u015fman\u0131n ilk b\u00f6l\u00fcm\u00fcnde T\u00fcrk Cumhuriyetleri\u2019nin ekonomik kalk\u0131nma d\u00fczeyleri, uluslararas\u0131 kabul g\u00f6ren geli\u015fmi\u015flik g\u00f6stergeleri \u00e7er\u00e7evesinde somutla\u015ft\u0131r\u0131lmakta ve gelir da\u011f\u0131l\u0131m\u0131 ile yoksulluk profilleri yine uluslararas\u0131 kabul g\u00f6ren k\u0131staslar \u00e7er\u00e7evesinde tasvir ve tahlil edilmektedir. \u0130kinci b\u00f6l\u00fcmde s\u00f6z konusu \u00fclkelerin ekonomik kalk\u0131nmay\u0131 belirleyen temel fakt\u00f6rler a\u00e7\u0131s\u0131ndan varl\u0131k durumlar\u0131n\u0131n tespiti yap\u0131lmaktad\u0131r. \u00dc\u00e7\u00fcnc\u00fc b\u00f6l\u00fcmde, ba\u011f\u0131ms\u0131zl\u0131klar\u0131ndan g\u00fcn\u00fcm\u00fcze ekonomik kalk\u0131nma s\u00fcrecinde izledikleri makro ekonomik politikalar\u0131n sonu\u00e7lar\u0131 de\u011ferlendirilmekte son b\u00f6l\u00fcmde ise, g\u00fcn\u00fcm\u00fczde d\u00fcnya \u00fcretim ve ticaretindeki yerleri belirginle\u015ftirilmektedir. \u0130lgili konudaki T\u00fcrk\u00e7e literat\u00fcr\u00fcn eksikli\u011fi nazara al\u0131nd\u0131\u011f\u0131nda, \u00e7al\u0131\u015fman\u0131n \u00f6nemli bir bo\u015flu\u011fun doldurulmas\u0131na katk\u0131 yapaca\u011f\u0131 a\u00e7\u0131kt\u0131r.<\/p>\n","protected":false},"excerpt":{"rendered":"<p>Sovyetler Birli\u011fi\u2019nden ba\u011f\u0131ms\u0131zl\u0131klar\u0131n\u0131 kazand\u0131ktan sonra T\u00fcrk Cumhuriyetleri ekonomik kalk\u0131nmay\u0131 sa\u011flama yolunda hangi politikalar\u0131 izlediler? Bu politikalar sonucunda kalk\u0131nma d\u00fczeylerinde ne gibi iyile\u015fmeler meydana geldi? S\u00fcrd\u00fcr\u00fclebilir bir<span class=\"excerpt-hellip\"> [\u2026]<\/span><\/p>\n","protected":false},"featured_media":0,"template":"","meta":{"_monsterinsights_skip_tracking":false,"_monsterinsights_sitenote_active":false,"_monsterinsights_sitenote_note":"","_monsterinsights_sitenote_category":0},"product_brand":[],"product_cat":[12304],"product_tag":[],"class_list":{"0":"post-764094","1":"product","2":"type-product","3":"status-publish","5":"product_cat-tarih","6":"pa_cilt-ciltsiz","7":"pa_tur-kitap","8":"pa_yayinevi-astana-yayinlari","9":"pa_yazar-adem-dogan","11":"first","12":"instock","13":"sale","14":"shipping-taxable","15":"purchasable","16":"product-type-simple"},"_links":{"self":[{"href":"https:\/\/roveyayinevi.com.tr\/index.php\/wp-json\/wp\/v2\/product\/764094","targetHints":{"allow":["GET"]}}],"collection":[{"href":"https:\/\/roveyayinevi.com.tr\/index.php\/wp-json\/wp\/v2\/product"}],"about":[{"href":"https:\/\/roveyayinevi.com.tr\/index.php\/wp-json\/wp\/v2\/types\/product"}],"wp:attachment":[{"href":"https:\/\/roveyayinevi.com.tr\/index.php\/wp-json\/wp\/v2\/media?parent=764094"}],"wp:term":[{"taxonomy":"product_brand","embeddable":true,"href":"https:\/\/roveyayinevi.com.tr\/index.php\/wp-json\/wp\/v2\/product_brand?post=764094"},{"taxonomy":"product_cat","embeddable":true,"href":"https:\/\/roveyayinevi.com.tr\/index.php\/wp-json\/wp\/v2\/product_cat?post=764094"},{"taxonomy":"product_tag","embeddable":true,"href":"https:\/\/roveyayinevi.com.tr\/index.php\/wp-json\/wp\/v2\/product_tag?post=764094"}],"curies":[{"name":"wp","href":"https:\/\/api.w.org\/{rel}","templated":true}]}}