{"id":764092,"date":"2025-08-28T11:00:18","date_gmt":"2025-08-28T08:00:18","guid":{"rendered":"https:\/\/roveyayinevi.com.tr\/index.php\/urun\/muhtasar-ibazi-inanc-esaslari\/"},"modified":"2026-04-15T03:29:51","modified_gmt":"2026-04-15T00:29:51","slug":"muhtasar-ibazi-inanc-esaslari","status":"publish","type":"product","link":"https:\/\/roveyayinevi.com.tr\/index.php\/urun\/muhtasar-ibazi-inanc-esaslari\/","title":{"rendered":"Muhtasar &#8211; \u0130bazi \u0130nan\u00e7 Esaslar\u0131"},"content":{"rendered":"<p>Kurucu liderlerinin ya\u015fad\u0131klar\u0131 s\u00fcre\u00e7 dikkate al\u0131nd\u0131\u011f\u0131nda \u0130b\u00e2ziyye\u2019nin \u0130slam tarihinde te\u015fekk\u00fcl eden ilk f\u0131rkalardan birisi oldu\u011funu rahatl\u0131kla s\u00f6yleyebiliriz. \u0130b\u00e2z\u00ee olmayan kaynaklar f\u0131rkay\u0131 Abdullah b. \u0130b\u00e2z\u2019a nispet etmekle birlikte \u0130b\u00e2ziler d\u00fc\u015f\u00fcnce mimar\u0131 olarak \u0130m\u00e2m C\u00e2bir b. Zeyd\u2019i kabul ederler. Hasan Basri\u2019nin \u00e7a\u011fda\u015f\u0131 ve sad\u0131k dostu olan C\u00e2bir b. Zeyd Abdullah b. Abbas ba\u015fta olmak \u00fczere \u00e7ok say\u0131da sahabeden ilim alm\u0131\u015ft\u0131r. \u0130b\u00e2ziyye devletin \u015f\u00fbr\u00e2 esas\u0131na dayal\u0131 olmas\u0131n\u0131 ve halk\u0131n onay\u0131n\u0131 me\u015fruiyet \u015fart\u0131 olarak g\u00f6rd\u00fc\u011f\u00fcnden bu \u00f6zelliklere haiz olmayan siyasi idarelerin bask\u0131s\u0131na maruz kalm\u0131\u015ft\u0131r. Siyasi ve ekonomik bask\u0131lar f\u0131rkan\u0131n kendisini gizli bir \u015fekilde faaliyet y\u00fcr\u00fctmeye zorlam\u0131\u015ft\u0131r. Sonu\u00e7ta, birisi i\u00e7eriden di\u011feri d\u0131\u015far\u0131dan bilinen \u00e7ift kimlikli bir yap\u0131 ortaya \u00e7\u0131km\u0131\u015ft\u0131r. Siyas\u00ee bask\u0131ya maruz kalan f\u0131rkalar\u0131n ger\u00e7ek kimliklerini ortaya koyamamalar\u0131 \u00e7ok g\u00f6r\u00fclen bir durumdur. \u0130b\u00e2ziler, bask\u0131 s\u00fcre\u00e7lerinde kaynaklar\u0131n\u0131 gizlemek zorunda kalm\u0131\u015flard\u0131r. Gizlilik s\u00fcrecinde sava\u015flar, g\u00f6\u00e7ler ve farkl\u0131 sebeplerden dolay\u0131 \u00e7ok say\u0131da \u0130b\u00e2z\u00ee kaynak kaybolmu\u015ftur. Ancak \u0130b\u00e2z\u00ee bilginler f\u0131rsat bulduk\u00e7a gizde kalan kaynaklar\u0131n\u0131 ne\u015fretmeye ve d\u00fc\u015f\u00fcncelerini anlatan yeni kitaplar yazmaya \u00f6zen g\u00f6stermektedirler. Elimizdeki kaynak Umanl\u0131 \u0130b\u00e2z\u00ee bilgin es S\u00e2lim\u00ee taraf\u0131ndan \u015fiirsel dille yaz\u0131lm\u0131\u015f muhtasar \u0130b\u00e2z\u00ee akaididir. Eserde yer alan orjinali manzum metinler terc\u00fcme edilmi\u015f daha sonra Umman Ba\u015f M\u00fcft\u00fcs\u00fc Semahat\u0131 \u015eeyh Ahmed b. Hamad b. S\u00fcleyman el- Halil\u00ee\u2019nin \u015ferhlerinden yararlan\u0131larak a\u00e7\u0131klanm\u0131\u015ft\u0131r. Okuyucu bu eserde, \u0130b\u00e2ziyye f\u0131rkas\u0131na ait din\u00ee ve siyas\u00ee g\u00f6r\u00fc\u015flerin bir \u00f6zetini bulacakt\u0131r.<\/p>\n","protected":false},"excerpt":{"rendered":"<p>Kurucu liderlerinin ya\u015fad\u0131klar\u0131 s\u00fcre\u00e7 dikkate al\u0131nd\u0131\u011f\u0131nda \u0130b\u00e2ziyye\u2019nin \u0130slam tarihinde te\u015fekk\u00fcl eden ilk f\u0131rkalardan birisi oldu\u011funu rahatl\u0131kla s\u00f6yleyebiliriz. \u0130b\u00e2z\u00ee olmayan kaynaklar f\u0131rkay\u0131 Abdullah b. \u0130b\u00e2z\u2019a nispet etmekle<span class=\"excerpt-hellip\"> [\u2026]<\/span><\/p>\n","protected":false},"featured_media":0,"template":"","meta":{"_monsterinsights_skip_tracking":false,"_monsterinsights_sitenote_active":false,"_monsterinsights_sitenote_note":"","_monsterinsights_sitenote_category":0},"product_brand":[],"product_cat":[12718,12719,12720],"product_tag":[],"class_list":{"0":"post-764092","1":"product","2":"type-product","3":"status-publish","5":"product_cat-din","6":"product_cat-islam","7":"product_cat-tasavvuf-mezhepler-tarikatlar","8":"pa_cilt-ciltsiz","9":"pa_tur-kitap","10":"pa_yayinevi-astana-yayinlari","11":"pa_yazar-orhan-ates","13":"first","14":"instock","15":"sale","16":"shipping-taxable","17":"purchasable","18":"product-type-simple"},"_links":{"self":[{"href":"https:\/\/roveyayinevi.com.tr\/index.php\/wp-json\/wp\/v2\/product\/764092","targetHints":{"allow":["GET"]}}],"collection":[{"href":"https:\/\/roveyayinevi.com.tr\/index.php\/wp-json\/wp\/v2\/product"}],"about":[{"href":"https:\/\/roveyayinevi.com.tr\/index.php\/wp-json\/wp\/v2\/types\/product"}],"wp:attachment":[{"href":"https:\/\/roveyayinevi.com.tr\/index.php\/wp-json\/wp\/v2\/media?parent=764092"}],"wp:term":[{"taxonomy":"product_brand","embeddable":true,"href":"https:\/\/roveyayinevi.com.tr\/index.php\/wp-json\/wp\/v2\/product_brand?post=764092"},{"taxonomy":"product_cat","embeddable":true,"href":"https:\/\/roveyayinevi.com.tr\/index.php\/wp-json\/wp\/v2\/product_cat?post=764092"},{"taxonomy":"product_tag","embeddable":true,"href":"https:\/\/roveyayinevi.com.tr\/index.php\/wp-json\/wp\/v2\/product_tag?post=764092"}],"curies":[{"name":"wp","href":"https:\/\/api.w.org\/{rel}","templated":true}]}}