{"id":764091,"date":"2025-08-28T11:00:17","date_gmt":"2025-08-28T08:00:17","guid":{"rendered":"https:\/\/roveyayinevi.com.tr\/index.php\/urun\/ibazi-bilgin-imam-cabir-b-zeydin-fetvalari-fetava\/"},"modified":"2026-04-15T03:29:51","modified_gmt":"2026-04-15T00:29:51","slug":"ibazi-bilgin-imam-cabir-b-zeydin-fetvalari-fetava","status":"publish","type":"product","link":"https:\/\/roveyayinevi.com.tr\/index.php\/urun\/ibazi-bilgin-imam-cabir-b-zeydin-fetvalari-fetava\/","title":{"rendered":"\u0130bazi Bilgin \u0130mam Cabir b. Zeyd\u2019in Fetvalar\u0131 &#8211; Fetava"},"content":{"rendered":"<p>\u0130mam C\u00e2bir b. Zeyd, \u0130b\u00e2z\u00ee kaynaklar taraf\u0131ndan f\u0131rkan\u0131n kurucu lideri olarak kabul edilir. Hasan Basri\u2019nin \u00e7a\u011fda\u015f\u0131 ve Basra\u2019da fetvas\u0131na ba\u015fvurulan \u00f6nemli bir alimdir. Bedir ehlinden yetmi\u015f sahabeyi g\u00f6rm\u00fc\u015ft\u00fcr ve \u0130bn Abbas\u2019\u0131n talebesidir. \u0130b\u00e2z\u00eeler, iktidar\u0131 k\u0131l\u0131\u00e7 zoru ile ele ge\u00e7iren \u00dcmeyye iktidar\u0131n\u0131n me\u015fruiyetini kabul etmedikleri i\u00e7in \u00e7ok ciddi bask\u0131lara maruz kalm\u0131\u015flard\u0131r. \u0130ktidar\u0131n orant\u0131s\u0131z g\u00fc\u00e7 kullan\u0131m\u0131 f\u0131rkay\u0131 kitm\u00e2n ad\u0131n\u0131 verdikleri bir s\u00fcrece; gizlilik i\u00e7erisinde hareket etmeye zorlam\u0131\u015ft\u0131r. \u0130m\u00e2m Cabir b. Zeyd gizlilik s\u00fcrecinde taraftarlar\u0131 ile mektupla\u015fm\u0131\u015f ve onlar\u0131n sorular\u0131n\u0131 mektuplar arac\u0131l\u0131\u011f\u0131 ile cevaplam\u0131\u015ft\u0131r. \u0130ktidar\u0131n bask\u0131s\u0131 nedeniyle gizli tutulan bu mektuplar \u0130b\u00e2ziler taraf\u0131ndan saklanm\u0131\u015ft\u0131r. Yak\u0131n ge\u00e7mi\u015fte Ferh\u00e2t el Ca\u2019bir\u00ee taraf\u0131ndan tahkik edilip yay\u0131nlanan on sekiz mektup \u00f6nce taraf\u0131m\u0131zdan Res\u00e2il ad\u0131yla dilimize \u00e7evrilip ne\u015fredilmi\u015ftir. Akabinde mektuplarda yer alan fetvalar cem edilerek bu kitap olu\u015fturulmu\u015ftur. \u0130b\u00e2z\u00ee f\u0131k\u0131h ve hadis alg\u0131s\u0131n\u0131 anlama ve d\u00f6nemin sosyo k\u00fclt\u00fcrel ya\u015fam\u0131n\u0131 kavrama a\u00e7\u0131s\u0131ndan \u0130mam C\u00e2bir b. Zeyd\u2019in fetvalar\u0131 olduk\u00e7a \u00f6nemlidir. Ayr\u0131ca okuyucuya \u0130b\u00e2ziyye f\u0131rkas\u0131n\u0131 kendi kaynaklar\u0131ndan okuma imkan\u0131 verdi\u011fi i\u00e7in bu \u00e7al\u0131\u015fmay\u0131 \u00f6nemli bulmaktay\u0131z.<\/p>\n","protected":false},"excerpt":{"rendered":"<p>\u0130mam C\u00e2bir b. Zeyd, \u0130b\u00e2z\u00ee kaynaklar taraf\u0131ndan f\u0131rkan\u0131n kurucu lideri olarak kabul edilir. Hasan Basri\u2019nin \u00e7a\u011fda\u015f\u0131 ve Basra\u2019da fetvas\u0131na ba\u015fvurulan \u00f6nemli bir alimdir. Bedir ehlinden yetmi\u015f<span class=\"excerpt-hellip\"> [\u2026]<\/span><\/p>\n","protected":false},"featured_media":0,"template":"","meta":{"_monsterinsights_skip_tracking":false,"_monsterinsights_sitenote_active":false,"_monsterinsights_sitenote_note":"","_monsterinsights_sitenote_category":0},"product_brand":[],"product_cat":[12718,12719,45552],"product_tag":[],"class_list":{"0":"post-764091","1":"product","2":"type-product","3":"status-publish","5":"product_cat-din","6":"product_cat-islam","7":"product_cat-meal-tefsir-hadis","8":"pa_cilt-ciltsiz","9":"pa_tur-kitap","10":"pa_yayinevi-astana-yayinlari","11":"pa_yazar-orhan-ates","13":"first","14":"instock","15":"sale","16":"shipping-taxable","17":"purchasable","18":"product-type-simple"},"_links":{"self":[{"href":"https:\/\/roveyayinevi.com.tr\/index.php\/wp-json\/wp\/v2\/product\/764091","targetHints":{"allow":["GET"]}}],"collection":[{"href":"https:\/\/roveyayinevi.com.tr\/index.php\/wp-json\/wp\/v2\/product"}],"about":[{"href":"https:\/\/roveyayinevi.com.tr\/index.php\/wp-json\/wp\/v2\/types\/product"}],"wp:attachment":[{"href":"https:\/\/roveyayinevi.com.tr\/index.php\/wp-json\/wp\/v2\/media?parent=764091"}],"wp:term":[{"taxonomy":"product_brand","embeddable":true,"href":"https:\/\/roveyayinevi.com.tr\/index.php\/wp-json\/wp\/v2\/product_brand?post=764091"},{"taxonomy":"product_cat","embeddable":true,"href":"https:\/\/roveyayinevi.com.tr\/index.php\/wp-json\/wp\/v2\/product_cat?post=764091"},{"taxonomy":"product_tag","embeddable":true,"href":"https:\/\/roveyayinevi.com.tr\/index.php\/wp-json\/wp\/v2\/product_tag?post=764091"}],"curies":[{"name":"wp","href":"https:\/\/api.w.org\/{rel}","templated":true}]}}