{"id":764090,"date":"2025-08-28T11:00:15","date_gmt":"2025-08-28T08:00:15","guid":{"rendered":"https:\/\/roveyayinevi.com.tr\/index.php\/urun\/mutezile-ibaziyye-etkilesimi\/"},"modified":"2026-04-15T03:29:51","modified_gmt":"2026-04-15T00:29:51","slug":"mutezile-ibaziyye-etkilesimi","status":"publish","type":"product","link":"https:\/\/roveyayinevi.com.tr\/index.php\/urun\/mutezile-ibaziyye-etkilesimi\/","title":{"rendered":"Mu&#8217;tezile \u0130baziyye Etkile\u015fimi"},"content":{"rendered":"<p>Mu\u2019tezile ve \u0130b\u00e2ziyye \u0130slam tarihinde ortaya \u00e7\u0131kan ilk f\u0131rkalar aras\u0131nda yer al\u0131r. Mu\u2019tezile ak\u0131lc\u0131 ekol i\u00e7erisinde de\u011ferlendirilirken \u0130b\u00e2ziyye literal okumay\u0131 temel alan bu nedenle de Kur\u2019an\u2019\u0131n as\u0131l maksad\u0131n\u0131 kavrayamayan bir f\u0131rka olarak anlat\u0131l\u0131r. Ancak \u0130b\u00e2ziyye\u2019nin bir \u00e7ok konuda Mu\u2018tezile ile benzer g\u00f6r\u00fc\u015flere sahip olmas\u0131 ara\u015ft\u0131rmac\u0131lar\u0131n dikkatini \u00e7ekmi\u015ftir. \u0130b\u00e2zili\u011fin literal yan\u0131 ile Mu\u2019tez\u00eele\u2019nin savundu\u011fu ak\u0131lc\u0131 g\u00f6r\u00fc\u015flere sahip olmas\u0131 bir \u00e7eli\u015fki olarak g\u00f6z\u00fckmektedir. \u00d6ncelikle bat\u0131l\u0131 ara\u015ft\u0131rmac\u0131lar bu \u00e7eli\u015fkiyi \u00e7\u00f6z\u00fcmleme ad\u0131na yapt\u0131klar\u0131 \u00e7al\u0131\u015fmalarda \u0130b\u00e2ziyye\u2019nin Mu\u2019tezil\u00ee fikirlerden etkilendi\u011fi sonucuna varm\u0131\u015flard\u0131r. Ayn\u0131 inanca sahip d\u00fc\u015f\u00fcnce geleneklerinin birbirlerinden etkilenmesi olduk\u00e7a do\u011fal ve olumlu bir durumdur. Ancak her iki f\u0131rkan\u0131n olu\u015fum s\u00fcre\u00e7leri dikkate al\u0131nd\u0131\u011f\u0131nda \u0130b\u00e2ziyye\u2019nin Mu\u2019tezile\u2019den \u00e7ok \u00f6nce te\u015fekk\u00fcl etti\u011fini ve Mu\u2019tezile\u2019nin t\u00fcm\u00fcyle d\u00fc\u015f\u00fcnsel ve\u00e7hesini olu\u015fturmad\u0131\u011f\u0131 \u00f6nceki s\u00fcre\u00e7te Halku\u2019l-Kur\u2019an konusu istisna olmak \u00fczere \u0130b\u00e2ziyye\u2019nin fikr\u00ee geli\u015fimini tamamlad\u0131\u011f\u0131n\u0131 s\u00f6ylenebiliriz. \u0130b\u00e2z\u00ee bilginler f\u0131rkalar aras\u0131 etkile\u015fime olumlu bakman\u0131n yan\u0131nda f\u0131rkalar aras\u0131ndaki ayr\u0131l\u0131klar\u0131 \u00f6ne \u00e7\u0131karman\u0131n ve ayr\u0131l\u0131klar \u00fczerinden konular\u0131n tart\u0131\u015f\u0131lmas\u0131n\u0131 M\u00fcsl\u00fcmanlar\u0131n birlik ve beraberli\u011fi a\u00e7\u0131s\u0131ndan sa\u011fl\u0131kl\u0131 bulmazlar. Mezheb\u00ee kimli\u011fin \u0130slam\u00ee kimli\u011fin \u00f6n\u00fcne ge\u00e7irilmesini uygun g\u00f6rmezler ve bu ba\u011flamda kendilerini Ehl-i taklit de\u011fil Ehl-i takyit (ki\u015filere de\u011fil delillere \u00f6nem veren bir topluluk) olarak tarif ederler. Her iki f\u0131rkan\u0131n te\u015fekk\u00fcl\u00fc, \u00f6nemli simalar\u0131 ve d\u00fc\u015f\u00fcnsel yap\u0131lar\u0131 dikkate al\u0131narak haz\u0131rlanan bu \u00e7al\u0131\u015fman\u0131n mezhebi d\u00fc\u015fmanl\u0131klar\u0131n ortadan kalkmas\u0131na katk\u0131 sunmas\u0131n\u0131 umuyoruz.<\/p>\n","protected":false},"excerpt":{"rendered":"<p>Mu\u2019tezile ve \u0130b\u00e2ziyye \u0130slam tarihinde ortaya \u00e7\u0131kan ilk f\u0131rkalar aras\u0131nda yer al\u0131r. Mu\u2019tezile ak\u0131lc\u0131 ekol i\u00e7erisinde de\u011ferlendirilirken \u0130b\u00e2ziyye literal okumay\u0131 temel alan bu nedenle de Kur\u2019an\u2019\u0131n<span class=\"excerpt-hellip\"> [\u2026]<\/span><\/p>\n","protected":false},"featured_media":0,"template":"","meta":{"_monsterinsights_skip_tracking":false,"_monsterinsights_sitenote_active":false,"_monsterinsights_sitenote_note":"","_monsterinsights_sitenote_category":0},"product_brand":[],"product_cat":[12718,12719,12720],"product_tag":[],"class_list":{"0":"post-764090","1":"product","2":"type-product","3":"status-publish","5":"product_cat-din","6":"product_cat-islam","7":"product_cat-tasavvuf-mezhepler-tarikatlar","8":"pa_cilt-ciltsiz","9":"pa_tur-kitap","10":"pa_yayinevi-astana-yayinlari","11":"pa_yazar-orhan-ates","13":"first","14":"instock","15":"sale","16":"shipping-taxable","17":"purchasable","18":"product-type-simple"},"_links":{"self":[{"href":"https:\/\/roveyayinevi.com.tr\/index.php\/wp-json\/wp\/v2\/product\/764090","targetHints":{"allow":["GET"]}}],"collection":[{"href":"https:\/\/roveyayinevi.com.tr\/index.php\/wp-json\/wp\/v2\/product"}],"about":[{"href":"https:\/\/roveyayinevi.com.tr\/index.php\/wp-json\/wp\/v2\/types\/product"}],"wp:attachment":[{"href":"https:\/\/roveyayinevi.com.tr\/index.php\/wp-json\/wp\/v2\/media?parent=764090"}],"wp:term":[{"taxonomy":"product_brand","embeddable":true,"href":"https:\/\/roveyayinevi.com.tr\/index.php\/wp-json\/wp\/v2\/product_brand?post=764090"},{"taxonomy":"product_cat","embeddable":true,"href":"https:\/\/roveyayinevi.com.tr\/index.php\/wp-json\/wp\/v2\/product_cat?post=764090"},{"taxonomy":"product_tag","embeddable":true,"href":"https:\/\/roveyayinevi.com.tr\/index.php\/wp-json\/wp\/v2\/product_tag?post=764090"}],"curies":[{"name":"wp","href":"https:\/\/api.w.org\/{rel}","templated":true}]}}