{"id":764089,"date":"2025-08-28T11:00:14","date_gmt":"2025-08-28T08:00:14","guid":{"rendered":"https:\/\/roveyayinevi.com.tr\/index.php\/urun\/saglik-turizminde-yeni-acilimlar-cankiri-tuz-magarasi-ornegi\/"},"modified":"2026-04-15T03:29:51","modified_gmt":"2026-04-15T00:29:51","slug":"saglik-turizminde-yeni-acilimlar-cankiri-tuz-magarasi-ornegi","status":"publish","type":"product","link":"https:\/\/roveyayinevi.com.tr\/index.php\/urun\/saglik-turizminde-yeni-acilimlar-cankiri-tuz-magarasi-ornegi\/","title":{"rendered":"Sa\u011fl\u0131k Turizminde Yeni A\u00e7\u0131l\u0131mlar: \u00c7ank\u0131r\u0131 Tuz Ma\u011faras\u0131 \u00d6rne\u011fi"},"content":{"rendered":"<p>Kentsel ve k\u0131rsal yerle\u015fim alanlar\u0131n\u0131n en \u00f6nemli sorunlar\u0131ndan biri, hi\u00e7 ku\u015fku yok ki, yeterli sa\u011fl\u0131k ko\u015fullar\u0131na sahip k\u0131l\u0131nmalar\u0131d\u0131r. Bu alanda, hem merkezi y\u00f6netime, hem de yerel y\u00f6netimlere \u00f6nemli sorumluluklar d\u00fc\u015fmektedir. Son birka\u00e7 y\u0131ld\u0131r b\u00fct\u00fcn d\u00fcnyay\u0131 ve \u00fclkemizi \u00e7ok yak\u0131ndan etkilemi\u015f olan korona vir\u00fcs salg\u0131n\u0131n\u0131n da a\u00e7\u0131k\u00e7a ortaya koymu\u015f oldu\u011fu gibi, insan ve \u00e7evre sa\u011fl\u0131\u011f\u0131n\u0131n yeterince sa\u011flanabilmesinin, istem ve sunum yasalar\u0131n\u0131n, bir ba\u015fka deyi\u015fle, piyasa g\u00fc\u00e7lerinin etkile\u015fimine b\u0131rak\u0131lamayacak \u00f6l\u00e7\u00fcde \u00f6nemli oldu\u011fu yads\u0131namaz. Sa\u011fl\u0131k hizmetleri ba\u011flam\u0131nda, en az son k\u0131rk y\u0131ld\u0131r d\u00fcnya ekonomik ya\u015fam\u0131na egemen olan neo-liberalizmin art\u0131k yerini devletin \u00f6nc\u00fcl\u00fc\u011f\u00fcne terk etmesinin zorunlu oldu\u011fu art\u0131k a\u00e7\u0131k\u00e7a ortaya \u00e7\u0131km\u0131\u015ft\u0131r. \u00dcniversitelerimizde ve ara\u015ft\u0131rma kurumlar\u0131m\u0131zda bug\u00fcne de\u011fin sa\u011fl\u0131kla ilgili olarak yap\u0131lan ara\u015ft\u0131rmalar\u0131n daha \u00e7ok genel sa\u011fl\u0131k politikalar\u0131yla ilgili oldu\u011fu dikkat \u00e7eker. Oysa, \u00c7ank\u0131r\u0131 Karatekin \u00dcniversitesi\u2019nin \u00e7at\u0131s\u0131 alt\u0131nda ger\u00e7ekle\u015ftirilen ve \u00c7ank\u0131r\u0131 Tuz Ma\u011faras\u0131 \u00d6rne\u011fini sa\u011fl\u0131k turizmi a\u00e7\u0131s\u0131ndan ele alan elimizdeki kitap, bu genel g\u00f6zlemin takdire de\u011fer bir istisnas\u0131d\u0131r. Prof. Dr. Azize Serap Tun\u00e7er ve Do\u00e7. Dr. Sinan Bulut taraf\u0131ndan yap\u0131lan g\u00f6rg\u00fcl ara\u015ft\u0131rmalara dayanan bu yay\u0131nda sa\u011fl\u0131k hizmetlerine ve sa\u011fl\u0131k turizmine genel bir yakla\u015f\u0131m\u0131n ard\u0131ndan, insanl\u0131k tarihinde ma\u011faralar\u0131n \u00f6nemi ele al\u0131nmakta ve \u00fclkemizin t\u00fcrl\u00fc y\u00f6relerindeki kimi ma\u011faralar\u0131n \u00f6zelliklerine ve tuzun bu alandaki \u00f6nemine yer verilmektedir. Tuzun \u00e7evreyle ili\u015fkisinin de ele al\u0131nd\u0131\u011f\u0131 ara\u015ft\u0131rmada, \u00c7ank\u0131r\u0131 halk\u0131n\u0131n tuz tedavisine bak\u0131\u015f a\u00e7\u0131lar\u0131 konusunda da ilgin\u00e7 saptamalar var. Kitap, genel nitelikteki \u00f6nerilerle ve kentlilik bilincinin \u00f6nemine ili\u015fkin de\u011ferlendirmelerle sonu\u00e7lanmaktad\u0131r \u0130ki de\u011ferli \u00f6\u011fretim \u00fcyesinin, bulunduklar\u0131 y\u00f6renin \u00f6zel ko\u015fullar\u0131n\u0131 da dikkate alarak ger\u00e7ekle\u015ftirmi\u015f olduklar\u0131 bu g\u00f6rg\u00fcl ve \u00f6rnek al\u0131nmaya de\u011fer \u00e7ok y\u00f6nl\u00fc \u00e7al\u0131\u015fman\u0131n sa\u011fl\u0131k ve turizm politikalar\u0131yla her d\u00fczeyde ilgilenenlere \u0131\u015f\u0131k tutaca\u011f\u0131na ku\u015fku yoktur. \u00c7al\u0131\u015fman\u0131n \u00f6nemli bir y\u00f6n\u00fc de, \u00fcniversite-kent ili\u015fkileri a\u00e7\u0131s\u0131ndan \u00f6vg\u00fcye de\u011fer olmas\u0131d\u0131r. Yazarlar\u0131 bu de\u011ferli akademik katk\u0131lar\u0131ndan dolay\u0131 kutluyorum. Prof. Dr. Ru\u015fen KELE\u015e Ankara, Temmuz 2022<\/p>\n","protected":false},"excerpt":{"rendered":"<p>Kentsel ve k\u0131rsal yerle\u015fim alanlar\u0131n\u0131n en \u00f6nemli sorunlar\u0131ndan biri, hi\u00e7 ku\u015fku yok ki, yeterli sa\u011fl\u0131k ko\u015fullar\u0131na sahip k\u0131l\u0131nmalar\u0131d\u0131r. Bu alanda, hem merkezi y\u00f6netime, hem de yerel<span class=\"excerpt-hellip\"> [\u2026]<\/span><\/p>\n","protected":false},"featured_media":0,"template":"","meta":{"_monsterinsights_skip_tracking":false,"_monsterinsights_sitenote_active":false,"_monsterinsights_sitenote_note":"","_monsterinsights_sitenote_category":0},"product_brand":[],"product_cat":[12324],"product_tag":[],"class_list":{"0":"post-764089","1":"product","2":"type-product","3":"status-publish","5":"product_cat-sosyoloji","6":"pa_cilt-ciltsiz","7":"pa_tur-kitap","8":"pa_yayinevi-astana-yayinlari","9":"pa_yazar-azize-serap-tuncer-sinan-bulut","11":"first","12":"instock","13":"sale","14":"shipping-taxable","15":"purchasable","16":"product-type-simple"},"_links":{"self":[{"href":"https:\/\/roveyayinevi.com.tr\/index.php\/wp-json\/wp\/v2\/product\/764089","targetHints":{"allow":["GET"]}}],"collection":[{"href":"https:\/\/roveyayinevi.com.tr\/index.php\/wp-json\/wp\/v2\/product"}],"about":[{"href":"https:\/\/roveyayinevi.com.tr\/index.php\/wp-json\/wp\/v2\/types\/product"}],"wp:attachment":[{"href":"https:\/\/roveyayinevi.com.tr\/index.php\/wp-json\/wp\/v2\/media?parent=764089"}],"wp:term":[{"taxonomy":"product_brand","embeddable":true,"href":"https:\/\/roveyayinevi.com.tr\/index.php\/wp-json\/wp\/v2\/product_brand?post=764089"},{"taxonomy":"product_cat","embeddable":true,"href":"https:\/\/roveyayinevi.com.tr\/index.php\/wp-json\/wp\/v2\/product_cat?post=764089"},{"taxonomy":"product_tag","embeddable":true,"href":"https:\/\/roveyayinevi.com.tr\/index.php\/wp-json\/wp\/v2\/product_tag?post=764089"}],"curies":[{"name":"wp","href":"https:\/\/api.w.org\/{rel}","templated":true}]}}