{"id":764088,"date":"2025-08-28T11:00:13","date_gmt":"2025-08-28T08:00:13","guid":{"rendered":"https:\/\/roveyayinevi.com.tr\/index.php\/urun\/salgina-direncli-kent-icin-sosyal-direnclilik\/"},"modified":"2026-04-15T03:29:51","modified_gmt":"2026-04-15T00:29:51","slug":"salgina-direncli-kent-icin-sosyal-direnclilik","status":"publish","type":"product","link":"https:\/\/roveyayinevi.com.tr\/index.php\/urun\/salgina-direncli-kent-icin-sosyal-direnclilik\/","title":{"rendered":"Salg\u0131na Diren\u00e7li Kent \u0130\u00e7in Sosyal Diren\u00e7lilik"},"content":{"rendered":"<p>Y\u00fcksek d\u00fczeyde e\u011fitim ve \u00f6\u011fretimle u\u011fra\u015fan \u00fcniversitelerin temel i\u015flevlerinden biri de bilimsel ara\u015ft\u0131rma yapmakt\u0131r. Bu nedenle de, son zamanlarda \u00fcniversitelerin ne ama\u00e7la oldu\u011fu bilinemeyen bir nedenle \u201cara\u015ft\u0131rma \u00fcniversiteleri\u201d ve onlar\u0131n d\u0131\u015f\u0131nda kalanlar olarak s\u0131n\u0131fland\u0131r\u0131lmas\u0131 giri\u015fimlerini anlaml\u0131 bulmamaktay\u0131m. \u00c7\u00fcnk\u00fc, kimi \u00fcniversiteleri ara\u015ft\u0131rma i\u015flevinin d\u0131\u015f\u0131nda tutmak, i\u015fin do\u011fas\u0131na ayk\u0131r\u0131 bir yakla\u015f\u0131md\u0131r. \u00dcniversitelerin ara\u015ft\u0131rma i\u015flevleri ku\u015fkusuz hem uluslararas\u0131, hem de ulusal \u00e7apta \u00f6nem ta\u015f\u0131yan g\u00fcncel sorunlarla ilgili konular\u0131 kapsayabilece\u011fi gibi, \u00fcniversitenin bulundu\u011fu kentin ve y\u00f6renin yak\u0131n \u00e7evresinin sorunlar\u0131n\u0131 da kapsamak zorundad\u0131r. \u00dcniversitelerin i\u00e7e d\u00f6n\u00fck, s\u00f6z yerindeyse \u201ckabu\u011funa \u00e7ekilmi\u015f\u201d kurulu\u015flar olmamalar\u0131 gere\u011fi an\u0131msan\u0131rsa, yerel sorunlar\u0131n \u00fcniversite ara\u015ft\u0131rma izlencelerinde yer almas\u0131ndan daha do\u011fal bir \u015fey d\u00fc\u015f\u00fcn\u00fclemez. Ne var ki bu t\u00fcrl\u00fc deneyim ve kazan\u0131mlara az say\u0131da \u00fcniversitemizde rastl\u0131yoruz.  \u00c7ank\u0131r\u0131 Karatekin \u00dcniversitesi bunlardan biridir. \u00dcniversite\u2019nin \u00f6\u011fretim \u00fcyelerinden Prof. Dr. Azize serap Tun\u00e7er, \u00dcniversitesinin yer ald\u0131\u011f\u0131 \u00c7ank\u0131r\u0131\u2019n\u0131n kimi \u00f6nemli sorunlar\u0131n\u0131 masaya yat\u0131rmakta takdire de\u011fer \u00e7abalar harc\u0131yor. Bunlardan yeni bir tanesi elinizdeki, Salg\u0131na Diren\u00e7li Kent \u0130\u00e7in Sosyal Diren\u00e7lilik (\u00c7ank\u0131r\u0131 \u0130li \u00d6rne\u011fi) ba\u015fl\u0131\u011f\u0131n\u0131 ta\u015f\u0131yan de\u011ferli incelemedir. Ba\u015fl\u0131ca be\u015f b\u00f6l\u00fcmden olu\u015fan kitapta, Salg\u0131n\u0131n Genel Etkileri\u2019nin ard\u0131ndan Kentler ve Salg\u0131ndan Etkilenme Durumlar\u0131 ele al\u0131nd\u0131ktan sonra Toplumsal Diren\u00e7lili\u011fin K\u0131r\u0131lganl\u0131klar\u0131 genel \u00e7izgileriyle inceleniyor. As\u0131l \u00f6nemlisi, yazar\u0131n \u00c7ank\u0131r\u0131 Kentinde Toplumsal Diren\u00e7lilik ba\u015fl\u0131\u011f\u0131m\u0131 ta\u015f\u0131yan b\u00f6l\u00fcmde yapt\u0131\u011f\u0131 saptamalar ve de\u011ferlendirmelerdir. Son B\u00f6l\u00fcmde ayr\u0131nt\u0131lar\u0131yla a\u00e7\u0131klanan \u00c7ank\u0131r\u0131 ilinde Pandemi D\u00f6nemi Diren\u00e7lilik \u00d6l\u00e7\u00fcm\u00fc Anketinin bulgular\u0131ysa, \u00e7al\u0131\u015fman\u0131n \u00f6zg\u00fcn bilimsel niteli\u011fini g\u00fc\u00e7lendirmektedir. Hem \u00f6z, hem de bi\u00e7im y\u00f6n\u00fcnden ba\u015far\u0131l\u0131 bir \u00e7al\u0131\u015fma \u00fcr\u00fcn\u00fcn\u00fcn okuyuculara sunulmas\u0131nda \u00f6nemli katk\u0131lar\u0131 olan de\u011ferli u\u011fra\u015f arkada\u015f\u0131m Say\u0131n Prof. Dr. Azize Serap Tun\u00e7er\u2019i kutluyorum. Bu t\u00fcr \u00e7al\u0131\u015fmalar\u0131n gen\u00e7lere ve b\u00fct\u00fcn \u00fcniversitelerimize \u00f6rnek olmas\u0131n\u0131 diliyorum. \u00dcniversiteler \u00fclke sorunlar\u0131n\u0131n \u00e7\u00f6z\u00fcm\u00fcne katk\u0131da bulunmak i\u00e7in vard\u0131r. Prof. Dr. Ru\u015fen KELE\u015e Ankara, 12 Temmuz 2022<\/p>\n","protected":false},"excerpt":{"rendered":"<p>Y\u00fcksek d\u00fczeyde e\u011fitim ve \u00f6\u011fretimle u\u011fra\u015fan \u00fcniversitelerin temel i\u015flevlerinden biri de bilimsel ara\u015ft\u0131rma yapmakt\u0131r. Bu nedenle de, son zamanlarda \u00fcniversitelerin ne ama\u00e7la oldu\u011fu bilinemeyen bir nedenle<span class=\"excerpt-hellip\"> [\u2026]<\/span><\/p>\n","protected":false},"featured_media":0,"template":"","meta":{"_monsterinsights_skip_tracking":false,"_monsterinsights_sitenote_active":false,"_monsterinsights_sitenote_note":"","_monsterinsights_sitenote_category":0},"product_brand":[],"product_cat":[12324],"product_tag":[],"class_list":{"0":"post-764088","1":"product","2":"type-product","3":"status-publish","5":"product_cat-sosyoloji","6":"pa_cilt-ciltsiz","7":"pa_tur-kitap","8":"pa_yayinevi-astana-yayinlari","9":"pa_yazar-prof-dr-azize-serap-tuncer","11":"first","12":"instock","13":"sale","14":"shipping-taxable","15":"purchasable","16":"product-type-simple"},"_links":{"self":[{"href":"https:\/\/roveyayinevi.com.tr\/index.php\/wp-json\/wp\/v2\/product\/764088","targetHints":{"allow":["GET"]}}],"collection":[{"href":"https:\/\/roveyayinevi.com.tr\/index.php\/wp-json\/wp\/v2\/product"}],"about":[{"href":"https:\/\/roveyayinevi.com.tr\/index.php\/wp-json\/wp\/v2\/types\/product"}],"wp:attachment":[{"href":"https:\/\/roveyayinevi.com.tr\/index.php\/wp-json\/wp\/v2\/media?parent=764088"}],"wp:term":[{"taxonomy":"product_brand","embeddable":true,"href":"https:\/\/roveyayinevi.com.tr\/index.php\/wp-json\/wp\/v2\/product_brand?post=764088"},{"taxonomy":"product_cat","embeddable":true,"href":"https:\/\/roveyayinevi.com.tr\/index.php\/wp-json\/wp\/v2\/product_cat?post=764088"},{"taxonomy":"product_tag","embeddable":true,"href":"https:\/\/roveyayinevi.com.tr\/index.php\/wp-json\/wp\/v2\/product_tag?post=764088"}],"curies":[{"name":"wp","href":"https:\/\/api.w.org\/{rel}","templated":true}]}}