{"id":764086,"date":"2025-08-28T11:00:10","date_gmt":"2025-08-28T08:00:10","guid":{"rendered":"https:\/\/roveyayinevi.com.tr\/index.php\/urun\/bir-memluk-edibi-ibn-nubate-el-misri-ve-serhul-uyunu\/"},"modified":"2026-04-15T03:29:51","modified_gmt":"2026-04-15T00:29:51","slug":"bir-memluk-edibi-ibn-nubate-el-misri-ve-serhul-uyunu","status":"publish","type":"product","link":"https:\/\/roveyayinevi.com.tr\/index.php\/urun\/bir-memluk-edibi-ibn-nubate-el-misri-ve-serhul-uyunu\/","title":{"rendered":"Bir Meml\u00fck Edibi \u0130bn N\u00fcbate El-M\u0131sri ve Serhu&#8217;l &#8216;Uyun&#8217;u"},"content":{"rendered":"<p>\u0130bn N\u00fcb\u00e2te el-M\u0131sr\u00ee, Meml\u00fckler d\u00f6neminde ya\u015fam\u0131\u015f \u00f6nemli \u00e2lim ve ediplerdendir. End\u00fcl\u00fcs edebiyat\u0131na k\u00fc\u00e7\u00fck ya\u015flarda ilgi duymaya ba\u015flam\u0131\u015f ve hayat\u0131n\u0131n ilerleyen a\u015famalar\u0131nda End\u00fcl\u00fcs edebiyat\u0131yla ilgili \u00e7e\u015fitli \u00fcr\u00fcnler ortaya koymu\u015ftur. \u00c7al\u0131\u015fmada ele al\u0131nan Serhu\u2019l-\u2018uy\u00fbn isimli eserinde de \u0130bn N\u00fcb\u00e2te, End\u00fcl\u00fcsl\u00fc \u015fair \u0130bn Zeyd\u00fbn\u2019un yazd\u0131\u011f\u0131 hezliyy\u00e2t t\u00fcr\u00fc bir ris\u00e2leyi \u015ferh etmi\u015ftir. Hezliyy\u00e2t kelimesi \u015faka, mizah manas\u0131nda Arap\u00e7a hezl k\u00f6k\u00fcnden t\u00fcremi\u015ftir. Bu t\u00fcr ris\u00e2lelerde ciddi mevzular mizah\u00ee bir \u00fcslupla ele al\u0131n\u0131r. \u0130bn Zeyd\u00fbn ris\u00e2lesini, d\u00f6nemin \u00f6nemli devlet adamlar\u0131ndan vezir Eb\u00fb \u2018\u00c2mir b. \u2018Abd\u00fbs taraf\u0131ndan sevgilisi Vell\u00e2de\u2019ye yaz\u0131lan bir ris\u00e2leye cevaben Vell\u00e2de\u2019nin a\u011fz\u0131ndan, a\u011f\u0131r alay ifadeleri kullanarak yazm\u0131\u015ft\u0131r. S\u00f6z konusu \u015ferh, sadece bu ris\u00e2lenin a\u00e7\u0131klamas\u0131ndan ibaret olmay\u0131p, edebiyat, tarih, felsefe, kimya, astroloji, t\u0131p vb. bir\u00e7ok disipline dair bilgiler ihtiva etmesi sebebiyle ansiklopedik bir eser h\u00fcviyeti ta\u015f\u0131maktad\u0131r.<\/p>\n","protected":false},"excerpt":{"rendered":"<p>\u0130bn N\u00fcb\u00e2te el-M\u0131sr\u00ee, Meml\u00fckler d\u00f6neminde ya\u015fam\u0131\u015f \u00f6nemli \u00e2lim ve ediplerdendir. End\u00fcl\u00fcs edebiyat\u0131na k\u00fc\u00e7\u00fck ya\u015flarda ilgi duymaya ba\u015flam\u0131\u015f ve hayat\u0131n\u0131n ilerleyen a\u015famalar\u0131nda End\u00fcl\u00fcs edebiyat\u0131yla ilgili \u00e7e\u015fitli \u00fcr\u00fcnler<span class=\"excerpt-hellip\"> [\u2026]<\/span><\/p>\n","protected":false},"featured_media":0,"template":"","meta":{"_monsterinsights_skip_tracking":false,"_monsterinsights_sitenote_active":false,"_monsterinsights_sitenote_note":"","_monsterinsights_sitenote_category":0},"product_brand":[],"product_cat":[12718,12719],"product_tag":[],"class_list":{"0":"post-764086","1":"product","2":"type-product","3":"status-publish","5":"product_cat-din","6":"product_cat-islam","7":"pa_cilt-ciltsiz","8":"pa_tur-kitap","9":"pa_yayinevi-astana-yayinlari","10":"pa_yazar-halime-coban","12":"first","13":"instock","14":"sale","15":"shipping-taxable","16":"purchasable","17":"product-type-simple"},"_links":{"self":[{"href":"https:\/\/roveyayinevi.com.tr\/index.php\/wp-json\/wp\/v2\/product\/764086","targetHints":{"allow":["GET"]}}],"collection":[{"href":"https:\/\/roveyayinevi.com.tr\/index.php\/wp-json\/wp\/v2\/product"}],"about":[{"href":"https:\/\/roveyayinevi.com.tr\/index.php\/wp-json\/wp\/v2\/types\/product"}],"wp:attachment":[{"href":"https:\/\/roveyayinevi.com.tr\/index.php\/wp-json\/wp\/v2\/media?parent=764086"}],"wp:term":[{"taxonomy":"product_brand","embeddable":true,"href":"https:\/\/roveyayinevi.com.tr\/index.php\/wp-json\/wp\/v2\/product_brand?post=764086"},{"taxonomy":"product_cat","embeddable":true,"href":"https:\/\/roveyayinevi.com.tr\/index.php\/wp-json\/wp\/v2\/product_cat?post=764086"},{"taxonomy":"product_tag","embeddable":true,"href":"https:\/\/roveyayinevi.com.tr\/index.php\/wp-json\/wp\/v2\/product_tag?post=764086"}],"curies":[{"name":"wp","href":"https:\/\/api.w.org\/{rel}","templated":true}]}}