{"id":764083,"date":"2025-08-28T11:00:06","date_gmt":"2025-08-28T08:00:06","guid":{"rendered":"https:\/\/roveyayinevi.com.tr\/index.php\/urun\/goz-izleme-cihazlarinin-etkili-ve-verimli-kullanim-durumlari\/"},"modified":"2026-04-15T03:29:51","modified_gmt":"2026-04-15T00:29:51","slug":"goz-izleme-cihazlarinin-etkili-ve-verimli-kullanim-durumlari","status":"publish","type":"product","link":"https:\/\/roveyayinevi.com.tr\/index.php\/urun\/goz-izleme-cihazlarinin-etkili-ve-verimli-kullanim-durumlari\/","title":{"rendered":"G\u00f6z \u0130zleme Cihazlar\u0131n\u0131n Etkili ve Verimli Kullan\u0131m Durumlar\u0131"},"content":{"rendered":"<p>G\u00f6z izleme cihazlar\u0131n\u0131n kullan\u0131m\u0131 son y\u0131llarda h\u0131zla artmaktad\u0131r. Bu cihazlar\u0131n daha etkili ve verimli kullan\u0131mlar\u0131 i\u00e7in ara\u015ft\u0131rmac\u0131lar\u0131n g\u00f6z izleme cihazlar\u0131 ile ya\u015fad\u0131klar\u0131 deneyimlerinin ortaya \u00e7\u0131kar\u0131lmas\u0131 \u00f6nemlidir. Kullan\u0131c\u0131 deneyimini ortaya \u00e7\u0131karmak, cihaz\u0131n i\u015flevselli\u011finin yan\u0131nda kullan\u0131labilirlik, ihtiya\u00e7 ve beklentilere cevap verme durumlar\u0131n\u0131 da belirler. G\u00f6z izleme cihazlar\u0131 ile yap\u0131lan bir\u00e7ok \u00e7al\u0131\u015fma ara\u015ft\u0131rma odakl\u0131 olup bu cihazlarda kar\u015f\u0131la\u015f\u0131lan sorunlar, al\u0131nmas\u0131 gereken \u00f6nlemler, di\u011fer veri toplama ara\u00e7lar\u0131na g\u00f6re avantaj ya da dezavantajlar\u0131 gibi farkl\u0131l\u0131klardan pek bahsedilmemektedir. Kitap kapsam\u0131nda g\u00f6z izleme cihaz\u0131 ile ara\u015ft\u0131rma yapan kullan\u0131c\u0131lar\u0131n deneyimleri ele al\u0131narak; hangi cihaz\u0131n hangi ara\u015ft\u0131rmalarda daha verimli olaca\u011f\u0131, hangi muhtemel sorunlarla kar\u015f\u0131la\u015f\u0131p bunlara nas\u0131l \u00e7\u00f6z\u00fcmler getirece\u011fi gibi sorular\u0131na yan\u0131tlar yer almaktad\u0131r.<\/p>\n","protected":false},"excerpt":{"rendered":"<p>G\u00f6z izleme cihazlar\u0131n\u0131n kullan\u0131m\u0131 son y\u0131llarda h\u0131zla artmaktad\u0131r. Bu cihazlar\u0131n daha etkili ve verimli kullan\u0131mlar\u0131 i\u00e7in ara\u015ft\u0131rmac\u0131lar\u0131n g\u00f6z izleme cihazlar\u0131 ile ya\u015fad\u0131klar\u0131 deneyimlerinin ortaya \u00e7\u0131kar\u0131lmas\u0131 \u00f6nemlidir.<span class=\"excerpt-hellip\"> [\u2026]<\/span><\/p>\n","protected":false},"featured_media":0,"template":"","meta":{"_monsterinsights_skip_tracking":false,"_monsterinsights_sitenote_active":false,"_monsterinsights_sitenote_note":"","_monsterinsights_sitenote_category":0},"product_brand":[],"product_cat":[13005,38128],"product_tag":[],"class_list":{"0":"post-764083","1":"product","2":"type-product","3":"status-publish","5":"product_cat-bilim-muhendislik","6":"product_cat-tip-bilimleri","7":"pa_cilt-ciltsiz","8":"pa_tur-kitap","9":"pa_yayinevi-astana-yayinlari","10":"pa_yazar-ali-dertli","11":"pa_yazar-dr-embiya-celik","13":"first","14":"instock","15":"sale","16":"shipping-taxable","17":"purchasable","18":"product-type-simple"},"_links":{"self":[{"href":"https:\/\/roveyayinevi.com.tr\/index.php\/wp-json\/wp\/v2\/product\/764083","targetHints":{"allow":["GET"]}}],"collection":[{"href":"https:\/\/roveyayinevi.com.tr\/index.php\/wp-json\/wp\/v2\/product"}],"about":[{"href":"https:\/\/roveyayinevi.com.tr\/index.php\/wp-json\/wp\/v2\/types\/product"}],"wp:attachment":[{"href":"https:\/\/roveyayinevi.com.tr\/index.php\/wp-json\/wp\/v2\/media?parent=764083"}],"wp:term":[{"taxonomy":"product_brand","embeddable":true,"href":"https:\/\/roveyayinevi.com.tr\/index.php\/wp-json\/wp\/v2\/product_brand?post=764083"},{"taxonomy":"product_cat","embeddable":true,"href":"https:\/\/roveyayinevi.com.tr\/index.php\/wp-json\/wp\/v2\/product_cat?post=764083"},{"taxonomy":"product_tag","embeddable":true,"href":"https:\/\/roveyayinevi.com.tr\/index.php\/wp-json\/wp\/v2\/product_tag?post=764083"}],"curies":[{"name":"wp","href":"https:\/\/api.w.org\/{rel}","templated":true}]}}