{"id":764081,"date":"2025-08-28T11:00:04","date_gmt":"2025-08-28T08:00:04","guid":{"rendered":"https:\/\/roveyayinevi.com.tr\/index.php\/urun\/afet-risk-yonetimine-oznel-yaklasimlar\/"},"modified":"2026-04-15T03:29:51","modified_gmt":"2026-04-15T00:29:51","slug":"afet-risk-yonetimine-oznel-yaklasimlar","status":"publish","type":"product","link":"https:\/\/roveyayinevi.com.tr\/index.php\/urun\/afet-risk-yonetimine-oznel-yaklasimlar\/","title":{"rendered":"Afet Risk Y\u00f6netimine \u00d6znel Yakla\u015f\u0131mlar"},"content":{"rendered":"<p>Bu eser, zihinlerdeki tasar\u0131m a\u015famas\u0131ndan elinize ula\u015fana kadar ki s\u00fcre\u00e7te b\u00fcy\u00fck bir heyecan ve \u00f6zveriyle haz\u0131rlanm\u0131\u015ft\u0131r. Kitab\u0131n i\u00e7eri\u011finde yer alan b\u00f6l\u00fcmler, \u00f6zellikle son y\u0131llarda topluma ciddi zarar veren konular \u00f6zelinde titizlikle \u00e7al\u0131\u015f\u0131larak bir araya getirilmi\u015ftir. Do\u011fa ve insan kaynakl\u0131 etkenlerin neden oldu\u011fu sorunlar\u0131n b\u00f6l\u00fcm yazarlar\u0131n\u0131n \u00f6znel yakla\u015f\u0131mlar\u0131yla haz\u0131rland\u0131\u011f\u0131 bu eserin okuyuculara faydal\u0131 olmas\u0131 ise en b\u00fcy\u00fck temennimizdir. Afetlerden dolay\u0131 olu\u015fan y\u0131k\u0131c\u0131 etkilerin azalt\u0131lmas\u0131 konusunda risk tabanl\u0131 \u00e7al\u0131\u015fmalar\u0131n \u00f6nemine dikkat \u00e7ekti\u011fimiz kitapta her konunun i\u00e7eri\u011finde g\u00fcncel bilgilere yer verilmeye \u00e7al\u0131\u015f\u0131lm\u0131\u015ft\u0131r. Bu noktada de\u011ferli okurlar\u0131m\u0131z\u0131n afet gibi \u00f6nemli bir konu hakk\u0131nda bilgi da\u011farc\u0131\u011f\u0131na sa\u011flayaca\u011f\u0131m\u0131z katk\u0131 ise bizler i\u00e7in \u00e7ok k\u0131ymetlidir. Afetlerde risk y\u00f6netiminin farkl\u0131 t\u00fcrler \u00f6zelinde yazarlar\u0131n bak\u0131\u015f a\u00e7\u0131lar\u0131yla de\u011ferlendirildi\u011fi eserimizin kitapl\u0131klar\u0131n\u0131zda ve akl\u0131n\u0131zda yer etmesi ise bizi fazlas\u0131yla gururland\u0131racakt\u0131r.<\/p>\n","protected":false},"excerpt":{"rendered":"<p>Bu eser, zihinlerdeki tasar\u0131m a\u015famas\u0131ndan elinize ula\u015fana kadar ki s\u00fcre\u00e7te b\u00fcy\u00fck bir heyecan ve \u00f6zveriyle haz\u0131rlanm\u0131\u015ft\u0131r. Kitab\u0131n i\u00e7eri\u011finde yer alan b\u00f6l\u00fcmler, \u00f6zellikle son y\u0131llarda topluma ciddi<span class=\"excerpt-hellip\"> [\u2026]<\/span><\/p>\n","protected":false},"featured_media":0,"template":"","meta":{"_monsterinsights_skip_tracking":false,"_monsterinsights_sitenote_active":false,"_monsterinsights_sitenote_note":"","_monsterinsights_sitenote_category":0},"product_brand":[],"product_cat":[13005],"product_tag":[],"class_list":{"0":"post-764081","1":"product","2":"type-product","3":"status-publish","5":"product_cat-bilim-muhendislik","6":"pa_cilt-ciltsiz","7":"pa_tur-kitap","8":"pa_yayinevi-astana-yayinlari","9":"pa_yazar-kolektif","11":"first","12":"instock","13":"sale","14":"shipping-taxable","15":"purchasable","16":"product-type-simple"},"_links":{"self":[{"href":"https:\/\/roveyayinevi.com.tr\/index.php\/wp-json\/wp\/v2\/product\/764081","targetHints":{"allow":["GET"]}}],"collection":[{"href":"https:\/\/roveyayinevi.com.tr\/index.php\/wp-json\/wp\/v2\/product"}],"about":[{"href":"https:\/\/roveyayinevi.com.tr\/index.php\/wp-json\/wp\/v2\/types\/product"}],"wp:attachment":[{"href":"https:\/\/roveyayinevi.com.tr\/index.php\/wp-json\/wp\/v2\/media?parent=764081"}],"wp:term":[{"taxonomy":"product_brand","embeddable":true,"href":"https:\/\/roveyayinevi.com.tr\/index.php\/wp-json\/wp\/v2\/product_brand?post=764081"},{"taxonomy":"product_cat","embeddable":true,"href":"https:\/\/roveyayinevi.com.tr\/index.php\/wp-json\/wp\/v2\/product_cat?post=764081"},{"taxonomy":"product_tag","embeddable":true,"href":"https:\/\/roveyayinevi.com.tr\/index.php\/wp-json\/wp\/v2\/product_tag?post=764081"}],"curies":[{"name":"wp","href":"https:\/\/api.w.org\/{rel}","templated":true}]}}