{"id":764078,"date":"2025-08-28T11:00:00","date_gmt":"2025-08-28T08:00:00","guid":{"rendered":"https:\/\/roveyayinevi.com.tr\/index.php\/urun\/ibazi-fikhi\/"},"modified":"2026-04-15T03:29:51","modified_gmt":"2026-04-15T00:29:51","slug":"ibazi-fikhi","status":"publish","type":"product","link":"https:\/\/roveyayinevi.com.tr\/index.php\/urun\/ibazi-fikhi\/","title":{"rendered":"\u0130bazi F\u0131kh\u0131"},"content":{"rendered":"<p>\u0130b\u00e2ziyye mezhebi \u0130sl\u00e2m Tarihinde ortaya \u00e7\u0131kan ilk f\u0131kh\u00ee mezheptir. Bu denli k\u00f6kl\u00fc bir ge\u00e7mi\u015fe sahip olmas\u0131na ra\u011fmen H\u00e2ric\u00eelik g\u00f6lgesinde kalm\u0131\u015f olup f\u0131kh\u00ee y\u00f6n\u00fc ihmal edilmi\u015ftir. Bununla birlikte mezhebin \u00f6nemini artt\u0131ran \u00f6zelliklerin ba\u015f\u0131nda mezhebin kurucusu olan C\u00e2bir b. Zeyd\u2019in \u0130sl\u00e2m\u00ee ilimlere vukufiyeti ve bir\u00e7ok sah\u00e2biden ilmi dersler alm\u0131\u015f olmas\u0131d\u0131r. Nitekim \u0130bn Abb\u00e2s\u2019\u0131n C\u00e2bir hakk\u0131nda s\u00f6yledi\u011fi \u2018\u2018E\u011fer t\u00fcm Basra halk\u0131 C\u00e2bir\u2019in ilmiyle yetinirse, C\u00e2bir\u2019in Allah&#8217;\u0131n kitab\u0131 hakk\u0131ndaki ilmi onlara yeter ve artar\u2019\u2019 s\u00f6z\u00fc bu \u00f6nemin tasdiki gibidir. Buna ra\u011fmen \u0130b\u00e2z\u00ee f\u0131kh\u0131n\u0131n yeterince tan\u0131nd\u0131\u011f\u0131 s\u00f6ylenemez. \u00c7\u00fcnk\u00fc \u0130b\u00e2z\u00ee f\u0131kh\u0131n\u0131n g\u00f6lgede kalmas\u0131n\u0131n sebeplerinden en \u00f6nemlisi, \u0130b\u00e2z\u00eelerin H\u00e2ric\u00ee olarak yans\u0131t\u0131lmas\u0131d\u0131r. Oysaki \u0130b\u00e2z\u00eeler daha ilk d\u00f6nemden itibaren H\u00e2ric\u00eeli\u011fin ana betimleyicisi olan \u015fiddet ve M\u00fcsl\u00fcmanlar\u0131n tekfir edilmesine kar\u015f\u0131 \u00e7\u0131km\u0131\u015flard\u0131r. \u00d6zellikle mezheplerinin genel H\u00e2ric\u00ee tan\u0131m\u0131ndan ayr\u0131 de\u011ferlendirilmesi gerekti\u011fini \u0131srarla vurgulam\u0131\u015flard\u0131r. Ancak \u0130b\u00e2z\u00ee kaynaklar\u0131na gere\u011fince m\u00fcracaat edilmemesi, bu mezhebin bilinmesini engellemi\u015f ve f\u0131kh\u00ee y\u00f6n\u00fcn\u00fcn ihmal edilmesine sebep olmu\u015ftur.\u0130b\u00e2z\u00ee f\u0131kh\u0131n\u0131n \u0130b\u00e2d\u00e2t k\u0131sm\u0131n\u0131n konu edildi\u011fi bu \u00e7al\u0131\u015fmada, \u0130b\u00e2z\u00eeyye mezhebi Hanef\u00ee, M\u00e2lik\u00ee, \u015e\u00e2fi\u00ee ve Hanbel\u00ee mezhepleriyle mukayese edilmi\u015ftir. Bu kitap sayesinde okuyucu, f\u0131k\u0131htaki ib\u00e2d\u00e2t b\u00f6l\u00fcm\u00fcn\u00fcn muhtelif konular\u0131nda \u0130b\u00e2ziyye mezhebinin g\u00f6r\u00fc\u015f ve delillerinin yan\u0131 s\u0131ra Hanef\u00ee, M\u00e2lik\u00ee, \u015e\u00e2fi\u00ee ve Hanbel\u00ee mezheplerinin de g\u00f6r\u00fc\u015flerini delilleriyle bulabilecektir.\u0130b\u00e2ziyye f\u0131kh\u0131n\u0131n Hanef\u00ee, M\u00e2lik\u00ee, \u015e\u00e2fi\u00ee ve Hanbel\u00ee mezhepleriyle sistematik bir \u015fekilde mukayese edildi\u011fi bu kitap \u00fclkemizde yap\u0131lan ilk \u00e7al\u0131\u015fma olmas\u0131 hasebiyle \u00f6zg\u00fcn bir niteli\u011fe sahiptir. Bu \u00e7al\u0131\u015fmayla \u0130b\u00e2ziyye mezhebine kar\u015f\u0131 var olan \u00f6n yarg\u0131lar\u0131n ortadan kalkmas\u0131n\u0131 temenni etmekteyiz.<\/p>\n","protected":false},"excerpt":{"rendered":"<p>\u0130b\u00e2ziyye mezhebi \u0130sl\u00e2m Tarihinde ortaya \u00e7\u0131kan ilk f\u0131kh\u00ee mezheptir. Bu denli k\u00f6kl\u00fc bir ge\u00e7mi\u015fe sahip olmas\u0131na ra\u011fmen H\u00e2ric\u00eelik g\u00f6lgesinde kalm\u0131\u015f olup f\u0131kh\u00ee y\u00f6n\u00fc ihmal edilmi\u015ftir. Bununla<span class=\"excerpt-hellip\"> [\u2026]<\/span><\/p>\n","protected":false},"featured_media":0,"template":"","meta":{"_monsterinsights_skip_tracking":false,"_monsterinsights_sitenote_active":false,"_monsterinsights_sitenote_note":"","_monsterinsights_sitenote_category":0},"product_brand":[],"product_cat":[13036,12718,12719],"product_tag":[],"class_list":{"0":"post-764078","1":"product","2":"type-product","3":"status-publish","5":"product_cat-arastirma-inceleme-islam","6":"product_cat-din","7":"product_cat-islam","8":"pa_cilt-ciltsiz","9":"pa_tur-kitap","10":"pa_yayinevi-astana-yayinlari","11":"pa_yazar-dr-sadi-olmez","13":"first","14":"instock","15":"sale","16":"shipping-taxable","17":"purchasable","18":"product-type-simple"},"_links":{"self":[{"href":"https:\/\/roveyayinevi.com.tr\/index.php\/wp-json\/wp\/v2\/product\/764078","targetHints":{"allow":["GET"]}}],"collection":[{"href":"https:\/\/roveyayinevi.com.tr\/index.php\/wp-json\/wp\/v2\/product"}],"about":[{"href":"https:\/\/roveyayinevi.com.tr\/index.php\/wp-json\/wp\/v2\/types\/product"}],"wp:attachment":[{"href":"https:\/\/roveyayinevi.com.tr\/index.php\/wp-json\/wp\/v2\/media?parent=764078"}],"wp:term":[{"taxonomy":"product_brand","embeddable":true,"href":"https:\/\/roveyayinevi.com.tr\/index.php\/wp-json\/wp\/v2\/product_brand?post=764078"},{"taxonomy":"product_cat","embeddable":true,"href":"https:\/\/roveyayinevi.com.tr\/index.php\/wp-json\/wp\/v2\/product_cat?post=764078"},{"taxonomy":"product_tag","embeddable":true,"href":"https:\/\/roveyayinevi.com.tr\/index.php\/wp-json\/wp\/v2\/product_tag?post=764078"}],"curies":[{"name":"wp","href":"https:\/\/api.w.org\/{rel}","templated":true}]}}