{"id":764077,"date":"2025-08-28T10:59:59","date_gmt":"2025-08-28T07:59:59","guid":{"rendered":"https:\/\/roveyayinevi.com.tr\/index.php\/urun\/bir-cezaevinin-anatomisi\/"},"modified":"2026-04-15T03:29:51","modified_gmt":"2026-04-15T00:29:51","slug":"bir-cezaevinin-anatomisi","status":"publish","type":"product","link":"https:\/\/roveyayinevi.com.tr\/index.php\/urun\/bir-cezaevinin-anatomisi\/","title":{"rendered":"Bir Cezaevinin Anatomisi"},"content":{"rendered":"<p>Cezaevleri, d\u0131\u015far\u0131dan bakan i\u00e7in bir kapal\u0131 kutu gibidir. Peki, izledi\u011fimiz filmler, belgeseller veya okudu\u011fumuz kitaplardan g\u00f6rd\u00fc\u011f\u00fcm\u00fcz \u201ckapal\u0131 kutular\u201dda neler oluyor? D\u0131\u015far\u0131daki bir birey bu kapal\u0131 kutular\u0131 bir yap\u0131dan, mek\u00e2ndan ibaret g\u00f6rebilirken, kapal\u0131 kutunun y\u00fcksek duvarlar\u0131n\u0131n \u00f6tesinde neler ya\u015fan\u0131yor? \u0130\u00e7eride veya d\u0131\u015far\u0131da olmak, mahk\u00fbm ya da h\u00fcr olmak aras\u0131ndaki ince \u00e7izgide bu mek\u00e2nlar\u0131n \u00f6nemi nedir? Bu sorular ve daha fazlas\u0131; infaz koruma memurlar\u0131, cezaevine girip \u00e7\u0131km\u0131\u015f h\u00fck\u00fcml\u00fcler, cezaevi deneyimi olmayanlar ve sadece polis nezarethanesinde kalm\u0131\u015f bireylerle y\u00fcz y\u00fcze ger\u00e7ekle\u015ftirilen derinlikli m\u00fclakatlardan elde edilen veriler \u0131\u015f\u0131\u011f\u0131nda a\u00e7\u0131klanmaya \u00e7al\u0131\u015f\u0131lm\u0131\u015ft\u0131r. Ara\u015ft\u0131rman\u0131n temsil mek\u00e2nlar\u0131 ise \u201cKaraman M Tipi Kapal\u0131 Cezaevi\u201d ile \u201cKaraman A\u00e7\u0131k Ceza \u0130nfaz Kurumu\u201d olarak se\u00e7ilmi\u015ftir.\u0130nsan hayat\u0131n\u0131n kritik bir d\u00f6nemini ve toplumsal hayat\u0131n incelenmeye de\u011fer bir boyutunu te\u015fkil eden kapat\u0131lma olgusu ve cezaevi mek\u00e2n\u0131, sosyolojik ara\u015ft\u0131rma prati\u011finde hassas bir e\u015fikte yer almaktad\u0131r. Herhangi bir \u00f6tekile\u015ftirmeye maruz b\u0131rakmadan, meseleyi her odaktan g\u00f6rebilmek ve hakk\u0131yla anlatabilmek hi\u00e7 kolay de\u011fildir. Bu \u00e7al\u0131\u015fmada s\u00f6z konusu hassasiyetler g\u00f6zetilmi\u015f, sosyal bilim penceresinden mesele ciddiyetle ele al\u0131nm\u0131\u015f ve pek \u00e7ok yeni veriye ula\u015f\u0131lm\u0131\u015ft\u0131r.<\/p>\n","protected":false},"excerpt":{"rendered":"<p>Cezaevleri, d\u0131\u015far\u0131dan bakan i\u00e7in bir kapal\u0131 kutu gibidir. Peki, izledi\u011fimiz filmler, belgeseller veya okudu\u011fumuz kitaplardan g\u00f6rd\u00fc\u011f\u00fcm\u00fcz \u201ckapal\u0131 kutular\u201dda neler oluyor? D\u0131\u015far\u0131daki bir birey bu kapal\u0131 kutular\u0131<span class=\"excerpt-hellip\"> [\u2026]<\/span><\/p>\n","protected":false},"featured_media":0,"template":"","meta":{"_monsterinsights_skip_tracking":false,"_monsterinsights_sitenote_active":false,"_monsterinsights_sitenote_note":"","_monsterinsights_sitenote_category":0},"product_brand":[],"product_cat":[12325,12324],"product_tag":[],"class_list":{"0":"post-764077","1":"product","2":"type-product","3":"status-publish","5":"product_cat-diger-sosyoloji","6":"product_cat-sosyoloji","7":"pa_cilt-ciltsiz","8":"pa_tur-kitap","9":"pa_yayinevi-astana-yayinlari","10":"pa_yazar-arife-asli-demirci","12":"first","13":"instock","14":"sale","15":"shipping-taxable","16":"purchasable","17":"product-type-simple"},"_links":{"self":[{"href":"https:\/\/roveyayinevi.com.tr\/index.php\/wp-json\/wp\/v2\/product\/764077","targetHints":{"allow":["GET"]}}],"collection":[{"href":"https:\/\/roveyayinevi.com.tr\/index.php\/wp-json\/wp\/v2\/product"}],"about":[{"href":"https:\/\/roveyayinevi.com.tr\/index.php\/wp-json\/wp\/v2\/types\/product"}],"wp:attachment":[{"href":"https:\/\/roveyayinevi.com.tr\/index.php\/wp-json\/wp\/v2\/media?parent=764077"}],"wp:term":[{"taxonomy":"product_brand","embeddable":true,"href":"https:\/\/roveyayinevi.com.tr\/index.php\/wp-json\/wp\/v2\/product_brand?post=764077"},{"taxonomy":"product_cat","embeddable":true,"href":"https:\/\/roveyayinevi.com.tr\/index.php\/wp-json\/wp\/v2\/product_cat?post=764077"},{"taxonomy":"product_tag","embeddable":true,"href":"https:\/\/roveyayinevi.com.tr\/index.php\/wp-json\/wp\/v2\/product_tag?post=764077"}],"curies":[{"name":"wp","href":"https:\/\/api.w.org\/{rel}","templated":true}]}}