{"id":764075,"date":"2025-08-28T10:59:56","date_gmt":"2025-08-28T07:59:56","guid":{"rendered":"https:\/\/roveyayinevi.com.tr\/index.php\/urun\/kuresel-rekabette-lojistik-koylerin-onemi\/"},"modified":"2026-04-15T03:29:51","modified_gmt":"2026-04-15T00:29:51","slug":"kuresel-rekabette-lojistik-koylerin-onemi","status":"publish","type":"product","link":"https:\/\/roveyayinevi.com.tr\/index.php\/urun\/kuresel-rekabette-lojistik-koylerin-onemi\/","title":{"rendered":"K\u00fcresel Rekabette Lojistik K\u00f6ylerin \u00d6nemi"},"content":{"rendered":"<p>K\u00fcresel ticaretin h\u0131zla artmas\u0131n\u0131n yan\u0131nda, k\u00fcresel \u00fcretimin daha fazla payla\u015f\u0131lmas\u0131, \u00fcr\u00fcnlerin k\u0131salan raf \u00f6m\u00fcrleri ve gittik\u00e7e artan k\u00fcresel rekabet sonucunda lojistik hizmetler, \u201cstratejik rekabet avantaj\u0131\u201d sa\u011flaman\u0131n \u00f6nemli bir arac\u0131 haline gelmi\u015ftir. K\u00fcresel ticaret dinamiklerindeki de\u011fi\u015fimler hem ticaret ak\u0131mlar\u0131n\u0131n y\u00f6n\u00fcn\u00fc hem de hacmini belirlemektedir. Bu dinamikler paralelinde k\u00fcresel \u00e7apta yeni lojistik \u00fcsler ortaya \u00e7\u0131kmakta, d\u00fcnya ticareti de buna ba\u011fl\u0131 olarak s\u00fcrekli artmaktad\u0131r. D\u00fcnya ticaretindeki d\u00f6n\u00fc\u015f\u00fcm ve yeni olu\u015fumlar\u0131n etkisi yo\u011fun bir \u015fekilde lojistik sekt\u00f6r\u00fc \u00fczerinde g\u00f6r\u00fclmektedir. Hemen hemen b\u00fct\u00fcn sekt\u00f6rlerle bire bir, do\u011frudan ili\u015fkisi olan lojistik, uluslararas\u0131 pazarlarda rekabet avantaj\u0131n\u0131n elde edilmesinde kilit rol \u00fcstlenmektedir. \u00dcr\u00fcn ve\/veya hizmetlerin hedef pazarlara rakiplerden \u00f6nce daha h\u0131zl\u0131 ve daha ekonomik bi\u00e7imde ula\u015ft\u0131r\u0131lmas\u0131 lojistik faaliyetlerin \u00f6z\u00fcn\u00fc te\u015fkil etmektedir G\u00fcn\u00fcm\u00fczde lojistik k\u00f6ylerin y\u00fck ta\u015f\u0131mac\u0131l\u0131\u011f\u0131 ilgili t\u00fcm hizmetlerin en iyi verildi\u011fi ve m\u00fc\u015fterilerin idari, teknik, sosyal ve t\u00fcm ihtiya\u00e7lar\u0131n\u0131n kar\u015f\u0131land\u0131\u011f\u0131 alanlar olmas\u0131 nedeniyle bu merkezlerin kurulmas\u0131 zorunlu hale gelmi\u015ftir. Lojistik k\u00f6yler sayesinde lojisti\u011fe dair t\u00fcm faaliyetler bir araya getirilerek maliyet, h\u0131z, etkinlik, iyile\u015ftirme ve s\u00fcrd\u00fcr\u00fclebilirlik a\u00e7\u0131s\u0131ndan \u00e7evresel fayda sa\u011flayan \u00f6nemli bir rekabet avantaj\u0131 yakalanmaktad\u0131r. Lojistik k\u00f6y uygulamalar\u0131 ile bir yandan \u015fehrin y\u00fck yo\u011funluklar\u0131 bir arada toplanarak \u015fehir i\u00e7i y\u00fck trafi\u011fi azalt\u0131l\u0131rken; di\u011fer yandan y\u00fck odaklar\u0131n\u0131n \u015fehrin muhtelif yerlerine yay\u0131larak \u015fehrin b\u00fct\u00fcnl\u00fc\u011f\u00fcn\u00fc bozmas\u0131 durumunu ortadan kald\u0131r\u0131lmaktad\u0131r. K\u00fcreselle\u015fmenin etkisi ile \u00fclkeler aras\u0131ndaki s\u0131n\u0131rlar\u0131n ortadan kalkmas\u0131, rekabetin ulusal alandan uluslararas\u0131 alanlara yay\u0131lmas\u0131 ve teknolojide b\u00fcy\u00fck geli\u015fmelerin ya\u015fanmas\u0131 lojistik faaliyetleri ve lojistik sekt\u00f6r\u00fcn\u00fcn geli\u015fimini her ge\u00e7en g\u00fcn etkilemektedir. Bu kitapta, d\u00fcnyada ve T\u00fcrkiye\u2019deki lojistik k\u00f6yler incelenmi\u015f ve analizleri yap\u0131larak \u00f6neriler sunulmu\u015f olup, akademik ve lojistik sekt\u00f6r de kullan\u0131lmak amac\u0131yla haz\u0131rlanm\u0131\u015f. Kitap iki b\u00f6l\u00fcmden olu\u015fmaktad\u0131r, birinci b\u00f6l\u00fcmde genel olarak lojistik kavram\u0131 el al\u0131nm\u0131\u015ft\u0131r. \u0130kinci b\u00f6l\u00fcmde ise lojistik k\u00f6y kavram\u0131n\u0131n d\u00fcnyada ve T\u00fcrkiye\u2019de deki olu\u015fumlar\u0131 ve \u00f6zellikleri incelenmi\u015ftir. Eserin bilimsel \u00e7al\u0131\u015fma yapanlara, \u00f6\u011frencilere ve lojistikle ilgilenen t\u00fcm kesimlere yaral\u0131 olmas\u0131n\u0131 diliyorum.<\/p>\n","protected":false},"excerpt":{"rendered":"<p>K\u00fcresel ticaretin h\u0131zla artmas\u0131n\u0131n yan\u0131nda, k\u00fcresel \u00fcretimin daha fazla payla\u015f\u0131lmas\u0131, \u00fcr\u00fcnlerin k\u0131salan raf \u00f6m\u00fcrleri ve gittik\u00e7e artan k\u00fcresel rekabet sonucunda lojistik hizmetler, \u201cstratejik rekabet avantaj\u0131\u201d sa\u011flaman\u0131n<span class=\"excerpt-hellip\"> [\u2026]<\/span><\/p>\n","protected":false},"featured_media":0,"template":"","meta":{"_monsterinsights_skip_tracking":false,"_monsterinsights_sitenote_active":false,"_monsterinsights_sitenote_note":"","_monsterinsights_sitenote_category":0},"product_brand":[],"product_cat":[13059,12337],"product_tag":[],"class_list":{"0":"post-764075","1":"product","2":"type-product","3":"status-publish","5":"product_cat-diger-politika-siyaset","6":"product_cat-politika-siyaset","7":"pa_cilt-ciltsiz","8":"pa_tur-kitap","9":"pa_yayinevi-astana-yayinlari","10":"pa_yazar-doc-dr-mustafa-yucel","12":"first","13":"instock","14":"sale","15":"shipping-taxable","16":"purchasable","17":"product-type-simple"},"_links":{"self":[{"href":"https:\/\/roveyayinevi.com.tr\/index.php\/wp-json\/wp\/v2\/product\/764075","targetHints":{"allow":["GET"]}}],"collection":[{"href":"https:\/\/roveyayinevi.com.tr\/index.php\/wp-json\/wp\/v2\/product"}],"about":[{"href":"https:\/\/roveyayinevi.com.tr\/index.php\/wp-json\/wp\/v2\/types\/product"}],"wp:attachment":[{"href":"https:\/\/roveyayinevi.com.tr\/index.php\/wp-json\/wp\/v2\/media?parent=764075"}],"wp:term":[{"taxonomy":"product_brand","embeddable":true,"href":"https:\/\/roveyayinevi.com.tr\/index.php\/wp-json\/wp\/v2\/product_brand?post=764075"},{"taxonomy":"product_cat","embeddable":true,"href":"https:\/\/roveyayinevi.com.tr\/index.php\/wp-json\/wp\/v2\/product_cat?post=764075"},{"taxonomy":"product_tag","embeddable":true,"href":"https:\/\/roveyayinevi.com.tr\/index.php\/wp-json\/wp\/v2\/product_tag?post=764075"}],"curies":[{"name":"wp","href":"https:\/\/api.w.org\/{rel}","templated":true}]}}