{"id":764073,"date":"2025-08-28T10:59:54","date_gmt":"2025-08-28T07:59:54","guid":{"rendered":"https:\/\/roveyayinevi.com.tr\/index.php\/urun\/saglikta-kalite-ve-mukemmellik-arayisi-alti-sigma\/"},"modified":"2026-04-15T03:29:51","modified_gmt":"2026-04-15T00:29:51","slug":"saglikta-kalite-ve-mukemmellik-arayisi-alti-sigma","status":"publish","type":"product","link":"https:\/\/roveyayinevi.com.tr\/index.php\/urun\/saglikta-kalite-ve-mukemmellik-arayisi-alti-sigma\/","title":{"rendered":"Sa\u011fl\u0131kta Kalite ve M\u00fckemmellik Aray\u0131\u015f\u0131 &#8211; Alt\u0131 Sigma"},"content":{"rendered":"<p>Kusursuz \u00e7al\u0131\u015fan bir sistem m\u00fckemmellik midir? Yoksa m\u00fckemmellik hi\u00e7 ula\u015f\u0131lamayan bir \u00fctopya m\u0131d\u0131r? \u015e\u00fcphesiz i\u015fletme bilimi var olduk\u00e7a ara\u015ft\u0131rmac\u0131lar bu sorulara cevap aramaya devam edeceklerdir. M\u00fckemmel bir ya\u015fam, bir insan i\u00e7in belki sadece zorlay\u0131c\u0131 ve rahats\u0131z edici bir ama\u00e7t\u0131r. \u0130nsan hayat\u0131nda m\u00fckemmellik aray\u0131\u015f\u0131 i\u00e7in \u00e7abalamak kayg\u0131lara yol a\u00e7ar d\u00fc\u015f\u00fcncesi gibi, ula\u015f\u0131lamaz idealler pe\u015finde ko\u015fmak olarak da alg\u0131lanabilir. Ancak i\u015fletmeler i\u00e7in durum farkl\u0131, \u201c\u015fu anda iyi bir konumday\u0131z\u201d derken bile bulundu\u011funuz konumu kaybetme ihtimaliniz \u00e7ok y\u00fcksek, i\u015fletmeler i\u00e7in riskler \u00e7ok fazla ve \u00e7ok h\u0131zl\u0131 yay\u0131l\u0131yor. Rekabetin bu denli yo\u011fun oldu\u011fu bir ortamda hedeflerin g\u00fcncel ve uygulanabilir olmas\u0131 gerekir. Ula\u015f\u0131lmak istenen hedef ger\u00e7ekle\u015ftik\u00e7e, s\u0131n\u0131rlar kendini yeniler, de\u011fi\u015fimi ve geli\u015fimi ama\u00e7 haline getirir. Asla unutmuyoruz, m\u00fckemmellik bir \u00e7\u0131ta de\u011fildir, her i\u015fletmenin kendi m\u00fckemmellik s\u0131n\u0131rlar\u0131 vard\u0131r. \u0130\u015fletmemiz s\u00fcrekli d\u00f6nen bir \u00e7ark gibi ve bizler bu olay\u0131n en kusursuz \u015fekilde ger\u00e7ekle\u015fmesi i\u00e7in \u00e7abalayan m\u00fckemmeliyet\u00e7ileriz. \u00c7\u00fcnk\u00fc m\u00fckemmeliyet\u00e7iler bu yolda son derece motive, ba\u015farmaya istekli ve \u00e7ok \u00e7al\u0131\u015fmak i\u00e7in can atanlard\u0131r\u2026<\/p>\n","protected":false},"excerpt":{"rendered":"<p>Kusursuz \u00e7al\u0131\u015fan bir sistem m\u00fckemmellik midir? Yoksa m\u00fckemmellik hi\u00e7 ula\u015f\u0131lamayan bir \u00fctopya m\u0131d\u0131r? \u015e\u00fcphesiz i\u015fletme bilimi var olduk\u00e7a ara\u015ft\u0131rmac\u0131lar bu sorulara cevap aramaya devam edeceklerdir. M\u00fckemmel<span class=\"excerpt-hellip\"> [\u2026]<\/span><\/p>\n","protected":false},"featured_media":0,"template":"","meta":{"_monsterinsights_skip_tracking":false,"_monsterinsights_sitenote_active":false,"_monsterinsights_sitenote_note":"","_monsterinsights_sitenote_category":0},"product_brand":[],"product_cat":[13365],"product_tag":[],"class_list":{"0":"post-764073","1":"product","2":"type-product","3":"status-publish","5":"product_cat-saglik","6":"pa_cilt-ciltsiz","7":"pa_tur-kitap","8":"pa_yayinevi-astana-yayinlari","9":"pa_yazar-doc-dr-mustafa-yucel","10":"pa_yazar-dr-pasa-gultas-amp","12":"first","13":"instock","14":"sale","15":"shipping-taxable","16":"purchasable","17":"product-type-simple"},"_links":{"self":[{"href":"https:\/\/roveyayinevi.com.tr\/index.php\/wp-json\/wp\/v2\/product\/764073","targetHints":{"allow":["GET"]}}],"collection":[{"href":"https:\/\/roveyayinevi.com.tr\/index.php\/wp-json\/wp\/v2\/product"}],"about":[{"href":"https:\/\/roveyayinevi.com.tr\/index.php\/wp-json\/wp\/v2\/types\/product"}],"wp:attachment":[{"href":"https:\/\/roveyayinevi.com.tr\/index.php\/wp-json\/wp\/v2\/media?parent=764073"}],"wp:term":[{"taxonomy":"product_brand","embeddable":true,"href":"https:\/\/roveyayinevi.com.tr\/index.php\/wp-json\/wp\/v2\/product_brand?post=764073"},{"taxonomy":"product_cat","embeddable":true,"href":"https:\/\/roveyayinevi.com.tr\/index.php\/wp-json\/wp\/v2\/product_cat?post=764073"},{"taxonomy":"product_tag","embeddable":true,"href":"https:\/\/roveyayinevi.com.tr\/index.php\/wp-json\/wp\/v2\/product_tag?post=764073"}],"curies":[{"name":"wp","href":"https:\/\/api.w.org\/{rel}","templated":true}]}}