{"id":764072,"date":"2025-08-28T10:59:53","date_gmt":"2025-08-28T07:59:53","guid":{"rendered":"https:\/\/roveyayinevi.com.tr\/index.php\/urun\/bolgesel-rekabet-gucunun-1980-1999-zaman-araligi-analizi\/"},"modified":"2026-04-15T03:29:51","modified_gmt":"2026-04-15T00:29:51","slug":"bolgesel-rekabet-gucunun-1980-1999-zaman-araligi-analizi","status":"publish","type":"product","link":"https:\/\/roveyayinevi.com.tr\/index.php\/urun\/bolgesel-rekabet-gucunun-1980-1999-zaman-araligi-analizi\/","title":{"rendered":"B\u00f6lgesel Rekabet G\u00fcc\u00fcn\u00fcn 1980 &#8211; 1999 Zaman Aral\u0131\u011f\u0131 Analizi"},"content":{"rendered":"<p>Geleneksel De\u011fi\u015fim Analizi, analize konu olan b\u00f6lgenin imalat sanayindeki firmalar\u0131 b\u00f6lgeye \u00e7ekebilme ve b\u00f6lgede tutabilme yetene\u011fini yani rekabet g\u00fcc\u00fcn\u00fc \u00f6l\u00e7en bir analizdir. Bu \u00e7al\u0131\u015fmada da T\u00fcrkiye genelinde sanayi odaklan kavram\u0131 \u00e7er\u00e7evesinde tespit edilen b\u00f6lge ayr\u0131m\u0131nda yer alan; geleneksel sanayi odaklar\u0131, yeni sanayi odaklar\u0131, \u00e7evre iller ve di\u011fer iller kapsam\u0131ndaki her bir b\u00f6lgenin b\u00f6lgesel rekabet g\u00fcc\u00fcn\u00fc \u00f6l\u00e7mek amac\u0131yla geleneksel de\u011fi\u015fim analizi kullan\u0131lm\u0131\u015ft\u0131r. Buna g\u00f6re onar y\u0131ll\u0131k d\u00f6nemler itibariyle 1981-1990 ve 1990-1999 zaman aral\u0131klar\u0131n\u0131 kapsayacak \u015fekilde imalat sanayine y\u00f6nelik end\u00fcstriyel istihdamdaki de\u011fi\u015fim analizi ger\u00e7ekle\u015ftirilmi\u015ftir. S\u00f6z konusu analiz neticesinde, ileri sanayi b\u00f6lgeleri olarak da kabul edilen Geleneksel Sanayi Odaklar\u0131n\u0131n geleneksel end\u00fcstrilerini rasyonalize ederken, i\u015fg\u00fcc\u00fc yo\u011fun dallar\u0131n yeni end\u00fcstrile\u015fmekte olan yeni sanayi odaklar\u0131 kapsam\u0131ndaki b\u00f6lgelere kaymas\u0131n\u0131n yan\u0131nda, sanayile\u015fmi\u015f bu b\u00f6lgelerde b\u00fcy\u00fcmenin maliyetinde art\u0131\u015f g\u00f6sterdi\u011fi tespit edilmi\u015ftir. Dolay\u0131s\u0131yla bu b\u00f6lgelerde bir taraftan sermaye teknoloji yoluyla i\u015fg\u00fcc\u00fcn\u00fcn yerini alma \u00e7abas\u0131 i\u00e7erisindeyken di\u011fer taraftan da i\u015fg\u00fcc\u00fc yo\u011fun faaliyetlerin \u00e7evre illere itildi\u011fi g\u00f6zlenen tespitler aras\u0131ndad\u0131r.<\/p>\n","protected":false},"excerpt":{"rendered":"<p>Geleneksel De\u011fi\u015fim Analizi, analize konu olan b\u00f6lgenin imalat sanayindeki firmalar\u0131 b\u00f6lgeye \u00e7ekebilme ve b\u00f6lgede tutabilme yetene\u011fini yani rekabet g\u00fcc\u00fcn\u00fc \u00f6l\u00e7en bir analizdir. Bu \u00e7al\u0131\u015fmada da T\u00fcrkiye<span class=\"excerpt-hellip\"> [\u2026]<\/span><\/p>\n","protected":false},"featured_media":0,"template":"","meta":{"_monsterinsights_skip_tracking":false,"_monsterinsights_sitenote_active":false,"_monsterinsights_sitenote_note":"","_monsterinsights_sitenote_category":0},"product_brand":[],"product_cat":[13043],"product_tag":[],"class_list":{"0":"post-764072","1":"product","2":"type-product","3":"status-publish","5":"product_cat-ekonomi","6":"pa_cilt-ciltsiz","7":"pa_tur-kitap","8":"pa_yayinevi-astana-yayinlari","9":"pa_yazar-ertan-beceren","11":"first","12":"instock","13":"sale","14":"shipping-taxable","15":"purchasable","16":"product-type-simple"},"_links":{"self":[{"href":"https:\/\/roveyayinevi.com.tr\/index.php\/wp-json\/wp\/v2\/product\/764072","targetHints":{"allow":["GET"]}}],"collection":[{"href":"https:\/\/roveyayinevi.com.tr\/index.php\/wp-json\/wp\/v2\/product"}],"about":[{"href":"https:\/\/roveyayinevi.com.tr\/index.php\/wp-json\/wp\/v2\/types\/product"}],"wp:attachment":[{"href":"https:\/\/roveyayinevi.com.tr\/index.php\/wp-json\/wp\/v2\/media?parent=764072"}],"wp:term":[{"taxonomy":"product_brand","embeddable":true,"href":"https:\/\/roveyayinevi.com.tr\/index.php\/wp-json\/wp\/v2\/product_brand?post=764072"},{"taxonomy":"product_cat","embeddable":true,"href":"https:\/\/roveyayinevi.com.tr\/index.php\/wp-json\/wp\/v2\/product_cat?post=764072"},{"taxonomy":"product_tag","embeddable":true,"href":"https:\/\/roveyayinevi.com.tr\/index.php\/wp-json\/wp\/v2\/product_tag?post=764072"}],"curies":[{"name":"wp","href":"https:\/\/api.w.org\/{rel}","templated":true}]}}