{"id":764070,"date":"2025-08-28T10:59:50","date_gmt":"2025-08-28T07:59:50","guid":{"rendered":"https:\/\/roveyayinevi.com.tr\/index.php\/urun\/cumhuriyetten-gunumuze-turkiyenin-temel-ekonomik-gelismeleri\/"},"modified":"2026-04-15T03:29:51","modified_gmt":"2026-04-15T00:29:51","slug":"cumhuriyetten-gunumuze-turkiyenin-temel-ekonomik-gelismeleri","status":"publish","type":"product","link":"https:\/\/roveyayinevi.com.tr\/index.php\/urun\/cumhuriyetten-gunumuze-turkiyenin-temel-ekonomik-gelismeleri\/","title":{"rendered":"Cumhuriyetten G\u00fcn\u00fcm\u00fcze T\u00fcrkiye\u2019nin Temel Ekonomik Geli\u015fmeleri"},"content":{"rendered":"<p>Bu kitap, Cumhuriyetten g\u00fcn\u00fcm\u00fcze T\u00fcrkiye\u2019nin temel iktisadi geli\u015fmelerinin \u00f6zetlenmesi amac\u0131yla haz\u0131rlanm\u0131\u015ft\u0131r. Kitab\u0131n \u00f6ncelikle ilk k\u0131sm\u0131nda, Cumhuriyetten g\u00fcn\u00fcm\u00fcze T\u00fcrkiye\u2019nin iktisadi geli\u015fmelerine yer verilmi\u015ftir. Kitab\u0131n ikinci k\u0131sm\u0131 ise T\u00fcrkiye\u2019nin temel makroekonomik sorunlar\u0131na ayr\u0131lm\u0131\u015ft\u0131r. Hi\u00e7 ku\u015fku yok ki, T\u00fcrkiye\u2019nin; enflasyon, d\u00f6viz tasarruf a\u00e7\u0131\u011f\u0131, d\u0131\u015f bor\u00e7, gelir da\u011f\u0131l\u0131m\u0131 vb. g\u00fcncel ekonomik sorunlar\u0131n\u0131n b\u00fcy\u00fck bir k\u0131sm\u0131 ge\u00e7mi\u015fte ba\u015flayan ve g\u00fcn\u00fcm\u00fcze kadar devam eden makroekonomik sorunlard\u0131r. Bu \u00e7er\u00e7evede kitab\u0131n ikinci k\u0131sm\u0131, T\u00fcrkiye\u2019nin s\u00fcregelen g\u00fcncel iktisadi sorunlar\u0131n\u0131n detayl\u0131 bir analizini kapsam\u0131\u015ft\u0131r. Kitap, T\u00fcrkiye ekonomisi ile ilgilenen herkes i\u00e7in yararl\u0131 bir kaynak oldu\u011fu kadar, \u00f6nlisans ve lisans programlar\u0131nda T\u00fcrkiye Ekonomisi dersi i\u00e7in temel ders kitab\u0131 olarak okutulabilir. Bunun yan\u0131 s\u0131ra, \u00f6\u011frencilerin mezuniyet sonras\u0131 girdikleri ba\u015fta Kaymakaml\u0131k gibi kurum s\u0131navlar\u0131nda da referans kaynak olarak rahatl\u0131kla kullan\u0131labilir.<\/p>\n","protected":false},"excerpt":{"rendered":"<p>Bu kitap, Cumhuriyetten g\u00fcn\u00fcm\u00fcze T\u00fcrkiye\u2019nin temel iktisadi geli\u015fmelerinin \u00f6zetlenmesi amac\u0131yla haz\u0131rlanm\u0131\u015ft\u0131r. Kitab\u0131n \u00f6ncelikle ilk k\u0131sm\u0131nda, Cumhuriyetten g\u00fcn\u00fcm\u00fcze T\u00fcrkiye\u2019nin iktisadi geli\u015fmelerine yer verilmi\u015ftir. Kitab\u0131n ikinci k\u0131sm\u0131 ise<span class=\"excerpt-hellip\"> [\u2026]<\/span><\/p>\n","protected":false},"featured_media":0,"template":"","meta":{"_monsterinsights_skip_tracking":false,"_monsterinsights_sitenote_active":false,"_monsterinsights_sitenote_note":"","_monsterinsights_sitenote_category":0},"product_brand":[],"product_cat":[12337,14543],"product_tag":[],"class_list":{"0":"post-764070","1":"product","2":"type-product","3":"status-publish","5":"product_cat-politika-siyaset","6":"product_cat-turkiye-siyaseti-ve-politikasi","7":"pa_cilt-ciltsiz","8":"pa_tur-kitap","9":"pa_yayinevi-astana-yayinlari","10":"pa_yazar-doc-dr-umut-cakmak","12":"first","13":"instock","14":"sale","15":"shipping-taxable","16":"purchasable","17":"product-type-simple"},"_links":{"self":[{"href":"https:\/\/roveyayinevi.com.tr\/index.php\/wp-json\/wp\/v2\/product\/764070","targetHints":{"allow":["GET"]}}],"collection":[{"href":"https:\/\/roveyayinevi.com.tr\/index.php\/wp-json\/wp\/v2\/product"}],"about":[{"href":"https:\/\/roveyayinevi.com.tr\/index.php\/wp-json\/wp\/v2\/types\/product"}],"wp:attachment":[{"href":"https:\/\/roveyayinevi.com.tr\/index.php\/wp-json\/wp\/v2\/media?parent=764070"}],"wp:term":[{"taxonomy":"product_brand","embeddable":true,"href":"https:\/\/roveyayinevi.com.tr\/index.php\/wp-json\/wp\/v2\/product_brand?post=764070"},{"taxonomy":"product_cat","embeddable":true,"href":"https:\/\/roveyayinevi.com.tr\/index.php\/wp-json\/wp\/v2\/product_cat?post=764070"},{"taxonomy":"product_tag","embeddable":true,"href":"https:\/\/roveyayinevi.com.tr\/index.php\/wp-json\/wp\/v2\/product_tag?post=764070"}],"curies":[{"name":"wp","href":"https:\/\/api.w.org\/{rel}","templated":true}]}}