{"id":764069,"date":"2025-08-28T10:59:49","date_gmt":"2025-08-28T07:59:49","guid":{"rendered":"https:\/\/roveyayinevi.com.tr\/index.php\/urun\/mekan-tekstilleri-ic-mimarlikta-tekstil\/"},"modified":"2026-04-15T03:29:51","modified_gmt":"2026-04-15T00:29:51","slug":"mekan-tekstilleri-ic-mimarlikta-tekstil","status":"publish","type":"product","link":"https:\/\/roveyayinevi.com.tr\/index.php\/urun\/mekan-tekstilleri-ic-mimarlikta-tekstil\/","title":{"rendered":"Mekan Tekstilleri &#8211; \u0130\u00e7 Mimarl\u0131kta Tekstil"},"content":{"rendered":"<p>Tekstiller hem i\u015flevsel hem deestetik olarak binalar\u0131 ya\u015fan\u0131l\u0131r k\u0131lan unsurlard\u0131r. Mobilyalar\u0131 insan bedenineuyumland\u0131rmak, ya\u015fam alanlar\u0131n\u0131n mahremiyetini sa\u011flamak, stil sahibi mekanlarolu\u015fturmak, binalar\u0131 g\u00f6rsel olarak manip\u00fcle etmek gibi bir\u00e7ok kazan\u0131m\u0131 sa\u011flayabilmeki\u00e7in do\u011fru \u00fcr\u00fcnleri se\u00e7ebilmek gerekir. \u201cMek\u00e2n tekstilleri\u201d mimarl\u0131k, i\u00e7mimarl\u0131k, tekstil tasar\u0131m\u0131, tekstil m\u00fchendisli\u011fi ve tekstil ticaretialanlar\u0131nda e\u011fitim alan \u00f6\u011frenciler ve bu alanlarda uzmanla\u015fm\u0131\u015f olanprofesyonellerin tekstiller hakk\u0131nda ihtiya\u00e7 duyabilecekleri t\u00fcm bilgileri a\u00e7\u0131kve anla\u015f\u0131l\u0131r bir dille aktar\u0131yor.   Birinci b\u00f6l\u00fcmde; tekstilhammaddeleri, kuma\u015f \u00fcretim y\u00f6ntemleri, bitim i\u015flemleri ve desenlendirmey\u00f6ntemleri gibi temel tekstil bilgilerinin mek\u00e2nsal kullan\u0131m ko\u015ful ve \u015fartlar\u0131do\u011frultusunda ele al\u0131nm\u0131\u015ft\u0131r. \u0130kinci b\u00f6l\u00fcmde mekanla ili\u015fkili kullan\u0131malanlar\u0131na g\u00f6re kategorize edilen tekstil \u00fcr\u00fcnleri ve \u00f6zellikleri yeralmaktad\u0131r. \u00dc\u00e7\u00fcnc\u00fc b\u00f6l\u00fcmde; renk, desen, kompozisyon, dekorasyon stilleri, stilb\u00fct\u00fcnl\u00fc\u011f\u00fc gibi estetik kavramlar irdelenmi\u015ftir. Son b\u00f6l\u00fcmde mek\u00e2n tekstilleriend\u00fcstrisinde i\u015f ak\u0131\u015f\u0131, sat\u0131\u015f ve pazarlama s\u00fcre\u00e7leri, inovasyon ves\u00fcrd\u00fcr\u00fclebilirlik konular\u0131 aktar\u0131lm\u0131\u015ft\u0131r. Kitap eklerinde; lif \u00f6zellikleri,kuma\u015f isimleri, standart \u00f6l\u00e7\u00fcler gibi g\u00fcnl\u00fck kullan\u0131mda ihtiya\u00e7 duyulabilecekbilgilere yer verilmi\u015ftir.<\/p>\n","protected":false},"excerpt":{"rendered":"<p>Tekstiller hem i\u015flevsel hem deestetik olarak binalar\u0131 ya\u015fan\u0131l\u0131r k\u0131lan unsurlard\u0131r. Mobilyalar\u0131 insan bedenineuyumland\u0131rmak, ya\u015fam alanlar\u0131n\u0131n mahremiyetini sa\u011flamak, stil sahibi mekanlarolu\u015fturmak, binalar\u0131 g\u00f6rsel olarak manip\u00fcle etmek gibi<span class=\"excerpt-hellip\"> [\u2026]<\/span><\/p>\n","protected":false},"featured_media":0,"template":"","meta":{"_monsterinsights_skip_tracking":false,"_monsterinsights_sitenote_active":false,"_monsterinsights_sitenote_note":"","_monsterinsights_sitenote_category":0},"product_brand":[],"product_cat":[13005,37328],"product_tag":[],"class_list":{"0":"post-764069","1":"product","2":"type-product","3":"status-publish","5":"product_cat-bilim-muhendislik","6":"product_cat-diger-bilim-muhendislik","7":"pa_cilt-ciltsiz","8":"pa_tur-kitap","9":"pa_yayinevi-astana-yayinlari","10":"pa_yazar-basak-badur-ozkendirci","12":"first","13":"instock","14":"sale","15":"shipping-taxable","16":"purchasable","17":"product-type-simple"},"_links":{"self":[{"href":"https:\/\/roveyayinevi.com.tr\/index.php\/wp-json\/wp\/v2\/product\/764069","targetHints":{"allow":["GET"]}}],"collection":[{"href":"https:\/\/roveyayinevi.com.tr\/index.php\/wp-json\/wp\/v2\/product"}],"about":[{"href":"https:\/\/roveyayinevi.com.tr\/index.php\/wp-json\/wp\/v2\/types\/product"}],"wp:attachment":[{"href":"https:\/\/roveyayinevi.com.tr\/index.php\/wp-json\/wp\/v2\/media?parent=764069"}],"wp:term":[{"taxonomy":"product_brand","embeddable":true,"href":"https:\/\/roveyayinevi.com.tr\/index.php\/wp-json\/wp\/v2\/product_brand?post=764069"},{"taxonomy":"product_cat","embeddable":true,"href":"https:\/\/roveyayinevi.com.tr\/index.php\/wp-json\/wp\/v2\/product_cat?post=764069"},{"taxonomy":"product_tag","embeddable":true,"href":"https:\/\/roveyayinevi.com.tr\/index.php\/wp-json\/wp\/v2\/product_tag?post=764069"}],"curies":[{"name":"wp","href":"https:\/\/api.w.org\/{rel}","templated":true}]}}