{"id":764068,"date":"2025-08-28T10:59:48","date_gmt":"2025-08-28T07:59:48","guid":{"rendered":"https:\/\/roveyayinevi.com.tr\/index.php\/urun\/sosyal-girisimciligin-ticari-girisimcilikle-iliskisi\/"},"modified":"2026-04-15T03:29:51","modified_gmt":"2026-04-15T00:29:51","slug":"sosyal-girisimciligin-ticari-girisimcilikle-iliskisi","status":"publish","type":"product","link":"https:\/\/roveyayinevi.com.tr\/index.php\/urun\/sosyal-girisimciligin-ticari-girisimcilikle-iliskisi\/","title":{"rendered":"Sosyal Giri\u015fimcili\u011fin Ticari Giri\u015fimcilikle \u0130li\u015fkisi"},"content":{"rendered":"<p>Giri\u015fimcilik, g\u00fcndelik ya\u015famda farkl\u0131 \u015fekillerde ortaya \u00e7\u0131kabilmektedir. Sosyal giri\u015fimcilik, ticari giri\u015fimcili\u011fi destekleyen, giderek onu tamamlayan bir aland\u0131r. Bu katk\u0131, toplumsal yap\u0131y\u0131 g\u00fc\u00e7lendiren, toplumun de\u011fi\u015fik kesimlerini birlikte \u00e7al\u0131\u015fma konusunda motive eden faaliyetlerin bir sonucudur.Bu kitap, \u201cSosyal Giri\u015fimcili\u011fin Ticari Giri\u015fimcilikle \u0130li\u015fkisi ve Bir Model \u00d6nerisi\u201dni i\u00e7ermektedir. Sosyal giri\u015fimcilerin ticari giri\u015fimcilere olan bak\u0131\u015f a\u00e7\u0131s\u0131, onlar\u0131 tan\u0131mlama \u015fekli; ticari giri\u015fimcilerin de ayn\u0131 \u015fekilde sosyal giri\u015fimcilere bak\u0131\u015f a\u00e7\u0131s\u0131 ve onlar\u0131 tan\u0131mlama \u015fekli ara\u015ft\u0131r\u0131lm\u0131\u015f, bir model \u00f6nerisinde bulunulmu\u015ftur.Kitab\u0131n ilk b\u00f6l\u00fcm\u00fcnde, giri\u015fimcilik kavram\u0131 ayr\u0131nt\u0131l\u0131 olarak ele al\u0131nm\u0131\u015ft\u0131r. \u0130kinci b\u00f6l\u00fcmde, sosyal giri\u015fimcilik konusu incelenmi\u015f ve kavram, ticari giri\u015fimcilikle kar\u015f\u0131la\u015ft\u0131r\u0131lm\u0131\u015ft\u0131r. Bir y\u00fcksek lisans tezinden \u00fcretilen bu kitab\u0131n \u00fc\u00e7\u00fcnc\u00fc b\u00f6l\u00fcm\u00fcnde tezin uygulama k\u0131sm\u0131 aktar\u0131lm\u0131\u015ft\u0131r. Bu eser, kapsaml\u0131, yo\u011fun bir ara\u015ft\u0131rman\u0131n sonucunda olu\u015fturulmu\u015ftur. Bu \u00e7er\u00e7evede, konu ile ilgili ulusal ve uluslararas\u0131 literat\u00fcr taranm\u0131\u015f, alan ara\u015ft\u0131rmas\u0131 titizlikle yap\u0131lm\u0131\u015f ve ki\u015filerle yap\u0131lan g\u00f6r\u00fc\u015fmeler birebir aktar\u0131larak do\u011fru veriler \u0131\u015f\u0131\u011f\u0131nda sonu\u00e7 almaya odaklan\u0131lm\u0131\u015ft\u0131r. Verinin ayr\u0131nt\u0131l\u0131 analizi ve kar\u015f\u0131la\u015ft\u0131rmalar ile i\u00e7erik zenginle\u015ftirilmi\u015ftir.Literat\u00fcrde kaynak \u00e7e\u015fitlili\u011fi; konu ile ilgili yakla\u015f\u0131mlar\u0131n ve yap\u0131lan alan ara\u015ft\u0131rmas\u0131 sonucu elde edilen bilgilerin aktar\u0131lmas\u0131 ile ara\u015ft\u0131rmac\u0131lara, \u00f6\u011frencilere ve uygulamac\u0131lara katk\u0131 sa\u011flanmas\u0131 bu kitap ile ilgili beklentilerimizdir.<\/p>\n","protected":false},"excerpt":{"rendered":"<p>Giri\u015fimcilik, g\u00fcndelik ya\u015famda farkl\u0131 \u015fekillerde ortaya \u00e7\u0131kabilmektedir. Sosyal giri\u015fimcilik, ticari giri\u015fimcili\u011fi destekleyen, giderek onu tamamlayan bir aland\u0131r. Bu katk\u0131, toplumsal yap\u0131y\u0131 g\u00fc\u00e7lendiren, toplumun de\u011fi\u015fik kesimlerini birlikte<span class=\"excerpt-hellip\"> [\u2026]<\/span><\/p>\n","protected":false},"featured_media":0,"template":"","meta":{"_monsterinsights_skip_tracking":false,"_monsterinsights_sitenote_active":false,"_monsterinsights_sitenote_note":"","_monsterinsights_sitenote_category":0},"product_brand":[],"product_cat":[13043,17647],"product_tag":[],"class_list":{"0":"post-764068","1":"product","2":"type-product","3":"status-publish","5":"product_cat-ekonomi","6":"product_cat-is-dunyasi","7":"pa_cilt-ciltsiz","8":"pa_tur-kitap","9":"pa_yayinevi-astana-yayinlari","10":"pa_yazar-nihal-arican-kaygusuz-amp","11":"pa_yazar-prof-dr-kurtulus-yilmaz-genc","13":"first","14":"instock","15":"sale","16":"shipping-taxable","17":"purchasable","18":"product-type-simple"},"_links":{"self":[{"href":"https:\/\/roveyayinevi.com.tr\/index.php\/wp-json\/wp\/v2\/product\/764068","targetHints":{"allow":["GET"]}}],"collection":[{"href":"https:\/\/roveyayinevi.com.tr\/index.php\/wp-json\/wp\/v2\/product"}],"about":[{"href":"https:\/\/roveyayinevi.com.tr\/index.php\/wp-json\/wp\/v2\/types\/product"}],"wp:attachment":[{"href":"https:\/\/roveyayinevi.com.tr\/index.php\/wp-json\/wp\/v2\/media?parent=764068"}],"wp:term":[{"taxonomy":"product_brand","embeddable":true,"href":"https:\/\/roveyayinevi.com.tr\/index.php\/wp-json\/wp\/v2\/product_brand?post=764068"},{"taxonomy":"product_cat","embeddable":true,"href":"https:\/\/roveyayinevi.com.tr\/index.php\/wp-json\/wp\/v2\/product_cat?post=764068"},{"taxonomy":"product_tag","embeddable":true,"href":"https:\/\/roveyayinevi.com.tr\/index.php\/wp-json\/wp\/v2\/product_tag?post=764068"}],"curies":[{"name":"wp","href":"https:\/\/api.w.org\/{rel}","templated":true}]}}