{"id":764067,"date":"2025-08-28T10:59:47","date_gmt":"2025-08-28T07:59:47","guid":{"rendered":"https:\/\/roveyayinevi.com.tr\/index.php\/urun\/islam-ve-bireysellesme\/"},"modified":"2026-04-15T03:29:51","modified_gmt":"2026-04-15T00:29:51","slug":"islam-ve-bireysellesme","status":"publish","type":"product","link":"https:\/\/roveyayinevi.com.tr\/index.php\/urun\/islam-ve-bireysellesme\/","title":{"rendered":"\u0130slam ve Bireyselle\u015fme"},"content":{"rendered":"<p>Dini bireyselle\u015fme veya dinsel bireycilik kavramlar\u0131 hem entelekt\u00fcel hem de akademik anlamda hala bat\u0131 literat\u00fcr\u00fc kapsam\u0131nda de\u011ferlendirilmektedir. \u0130slami yaz\u0131nda bu konu hakk\u0131nda sistematik bir fikir ak\u0131m\u0131 geli\u015fmedi\u011fi gibi entelekt\u00fcel bir literat\u00fcr de tam olarak olu\u015fmad\u0131\u011f\u0131 \u2013en az\u0131ndan T\u00fcrkiye i\u00e7in- ileri s\u00fcr\u00fclebilir. Bu kitap \u0130slam\u2019da bireyselle\u015fme olgusunu ele almaktad\u0131r. \u0130slam toplumlar\u0131 \u00fczerinden tipolojik bir \u00e7al\u0131\u015fma yaparak bireyselle\u015fme bi\u00e7imlerini tespit etmekte, bunu yaparken de teknik malumat\u0131n nakledilmesine de\u011fil \u0130slam toplumlar\u0131nda dini bireyselle\u015fmenin \u00f6zg\u00fcn ko\u015fullar\u0131na odaklanmaktad\u0131r. \u00c7al\u0131\u015fman\u0131n \u00f6nemi ve \u00f6zg\u00fcnl\u00fc\u011f\u00fc, bir bireyselle\u015fme tipolojisi geli\u015ftirmenin yan\u0131nda son iki y\u00fczy\u0131lda \u0130slam toplumunda meydana gelen yenilik\u00e7i fikri hareketler olgusuna \u201cbireyselle\u015fme\u201d perspektifinden bakmas\u0131 ve buna postmodern perspektifi de ekleyerek zenginle\u015ftirmesidir.<\/p>\n","protected":false},"excerpt":{"rendered":"<p>Dini bireyselle\u015fme veya dinsel bireycilik kavramlar\u0131 hem entelekt\u00fcel hem de akademik anlamda hala bat\u0131 literat\u00fcr\u00fc kapsam\u0131nda de\u011ferlendirilmektedir. \u0130slami yaz\u0131nda bu konu hakk\u0131nda sistematik bir fikir ak\u0131m\u0131<span class=\"excerpt-hellip\"> [\u2026]<\/span><\/p>\n","protected":false},"featured_media":0,"template":"","meta":{"_monsterinsights_skip_tracking":false,"_monsterinsights_sitenote_active":false,"_monsterinsights_sitenote_note":"","_monsterinsights_sitenote_category":0},"product_brand":[],"product_cat":[12718,12719],"product_tag":[],"class_list":{"0":"post-764067","1":"product","2":"type-product","3":"status-publish","5":"product_cat-din","6":"product_cat-islam","7":"pa_cilt-ciltsiz","8":"pa_tur-kitap","9":"pa_yayinevi-astana-yayinlari","10":"pa_yazar-siddik-agcoban","12":"first","13":"instock","14":"sale","15":"shipping-taxable","16":"purchasable","17":"product-type-simple"},"_links":{"self":[{"href":"https:\/\/roveyayinevi.com.tr\/index.php\/wp-json\/wp\/v2\/product\/764067","targetHints":{"allow":["GET"]}}],"collection":[{"href":"https:\/\/roveyayinevi.com.tr\/index.php\/wp-json\/wp\/v2\/product"}],"about":[{"href":"https:\/\/roveyayinevi.com.tr\/index.php\/wp-json\/wp\/v2\/types\/product"}],"wp:attachment":[{"href":"https:\/\/roveyayinevi.com.tr\/index.php\/wp-json\/wp\/v2\/media?parent=764067"}],"wp:term":[{"taxonomy":"product_brand","embeddable":true,"href":"https:\/\/roveyayinevi.com.tr\/index.php\/wp-json\/wp\/v2\/product_brand?post=764067"},{"taxonomy":"product_cat","embeddable":true,"href":"https:\/\/roveyayinevi.com.tr\/index.php\/wp-json\/wp\/v2\/product_cat?post=764067"},{"taxonomy":"product_tag","embeddable":true,"href":"https:\/\/roveyayinevi.com.tr\/index.php\/wp-json\/wp\/v2\/product_tag?post=764067"}],"curies":[{"name":"wp","href":"https:\/\/api.w.org\/{rel}","templated":true}]}}