{"id":764066,"date":"2025-08-28T10:59:45","date_gmt":"2025-08-28T07:59:45","guid":{"rendered":"https:\/\/roveyayinevi.com.tr\/index.php\/urun\/meric-medeniyet-ve-modernite\/"},"modified":"2026-04-15T03:29:51","modified_gmt":"2026-04-15T00:29:51","slug":"meric-medeniyet-ve-modernite","status":"publish","type":"product","link":"https:\/\/roveyayinevi.com.tr\/index.php\/urun\/meric-medeniyet-ve-modernite\/","title":{"rendered":"Meri\u00e7, Medeniyet ve Modernite"},"content":{"rendered":"<p>T\u00fcrk-\u0130slam k\u00fclt\u00fcr ve d\u00fc\u015f\u00fcncetarihinin \u00f6nemli d\u00fc\u015f\u00fcn\u00fcrlerinden biri de ku\u015fkusuz 20. y\u00fczy\u0131lda ya\u015fam\u0131\u015f olanCemil Meri\u00e7\u2019tir (1916-1987). Meri\u00e7, gerek \u0130slam medeniyeti gerekse Bat\u0131modernitesi gerekse de T\u00fcrk modernitesi \u00fczerine yapt\u0131\u011f\u0131 derinlemesine vekar\u015f\u0131la\u015ft\u0131rmal\u0131 analizlerle, geni\u015f ufuklu bir d\u00fc\u015f\u00fcnce insan\u0131 olarak tarihtekiyerini alm\u0131\u015ft\u0131r. Onun bu konularda tarihi ve sosyolojik bir perspektiftenyapm\u0131\u015f oldu\u011fu ufuk a\u00e7\u0131c\u0131 \u00e7\u00f6z\u00fcmlemeler g\u00fcn\u00fcm\u00fcz d\u00fcnyas\u0131na da \u0131\u015f\u0131k tutacakniteliktedir. Bu eserde, hakikat aray\u0131c\u0131s\u0131 bir sosyalbiyografinin d\u00fc\u015f\u00fcnsel ser\u00fcveni ve onun ula\u015ft\u0131\u011f\u0131 sonu\u00e7lar \u00fczerinde durulmu\u015ftur.Ba\u015fta onun evrensel boyuttaki bak\u0131\u015f a\u00e7\u0131s\u0131 olmak \u00fczere, \u00f6ncelikle T\u00fcrk-\u0130slamd\u00fcnyas\u0131n\u0131n tarihi ve g\u00fcncel problemleri, Bat\u0131 uygarl\u0131\u011f\u0131n\u0131n yap\u0131s\u0131 ve T\u00fcrkmodernle\u015fmesine ili\u015fkin g\u00f6r\u00fc\u015fleri \u00fczerinde durulmaya \u00e7al\u0131\u015f\u0131lm\u0131\u015ft\u0131r. Sonu\u00e7ta bu\u00e7al\u0131\u015fmayla, Meri\u00e7\u2019in d\u00fc\u015f\u00fcnce d\u00fcnyas\u0131, hem genel olarak sosyal bilim d\u00fc\u015f\u00fcn\u00fcnehem de T\u00fcrk okuruna tan\u0131t\u0131lmas\u0131na\/kazand\u0131r\u0131lmas\u0131na bir katk\u0131da bulunmay\u0131ama\u00e7lam\u0131\u015ft\u0131r.<\/p>\n","protected":false},"excerpt":{"rendered":"<p>T\u00fcrk-\u0130slam k\u00fclt\u00fcr ve d\u00fc\u015f\u00fcncetarihinin \u00f6nemli d\u00fc\u015f\u00fcn\u00fcrlerinden biri de ku\u015fkusuz 20. y\u00fczy\u0131lda ya\u015fam\u0131\u015f olanCemil Meri\u00e7\u2019tir (1916-1987). Meri\u00e7, gerek \u0130slam medeniyeti gerekse Bat\u0131modernitesi gerekse de T\u00fcrk modernitesi \u00fczerine<span class=\"excerpt-hellip\"> [\u2026]<\/span><\/p>\n","protected":false},"featured_media":0,"template":"","meta":{"_monsterinsights_skip_tracking":false,"_monsterinsights_sitenote_active":false,"_monsterinsights_sitenote_note":"","_monsterinsights_sitenote_category":0},"product_brand":[],"product_cat":[16789,12718,12719],"product_tag":[],"class_list":{"0":"post-764066","1":"product","2":"type-product","3":"status-publish","5":"product_cat-diger-islam","6":"product_cat-din","7":"product_cat-islam","8":"pa_cilt-ciltsiz","9":"pa_tur-kitap","10":"pa_yayinevi-astana-yayinlari","11":"pa_yazar-dr-behcet-batur","13":"first","14":"instock","15":"sale","16":"shipping-taxable","17":"purchasable","18":"product-type-simple"},"_links":{"self":[{"href":"https:\/\/roveyayinevi.com.tr\/index.php\/wp-json\/wp\/v2\/product\/764066","targetHints":{"allow":["GET"]}}],"collection":[{"href":"https:\/\/roveyayinevi.com.tr\/index.php\/wp-json\/wp\/v2\/product"}],"about":[{"href":"https:\/\/roveyayinevi.com.tr\/index.php\/wp-json\/wp\/v2\/types\/product"}],"wp:attachment":[{"href":"https:\/\/roveyayinevi.com.tr\/index.php\/wp-json\/wp\/v2\/media?parent=764066"}],"wp:term":[{"taxonomy":"product_brand","embeddable":true,"href":"https:\/\/roveyayinevi.com.tr\/index.php\/wp-json\/wp\/v2\/product_brand?post=764066"},{"taxonomy":"product_cat","embeddable":true,"href":"https:\/\/roveyayinevi.com.tr\/index.php\/wp-json\/wp\/v2\/product_cat?post=764066"},{"taxonomy":"product_tag","embeddable":true,"href":"https:\/\/roveyayinevi.com.tr\/index.php\/wp-json\/wp\/v2\/product_tag?post=764066"}],"curies":[{"name":"wp","href":"https:\/\/api.w.org\/{rel}","templated":true}]}}