{"id":764065,"date":"2025-08-28T10:59:44","date_gmt":"2025-08-28T07:59:44","guid":{"rendered":"https:\/\/roveyayinevi.com.tr\/index.php\/urun\/kuresellesme-ve-turkiye-ekonomisinde-is-cevrimleri\/"},"modified":"2026-04-15T03:29:51","modified_gmt":"2026-04-15T00:29:51","slug":"kuresellesme-ve-turkiye-ekonomisinde-is-cevrimleri","status":"publish","type":"product","link":"https:\/\/roveyayinevi.com.tr\/index.php\/urun\/kuresellesme-ve-turkiye-ekonomisinde-is-cevrimleri\/","title":{"rendered":"K\u00fcreselle\u015fme ve T\u00fcrkiye Ekonomisinde \u0130\u015f \u00c7evrimleri"},"content":{"rendered":"<p>Geli\u015fmekte olan ekonomilerde, tasarrufu ve fonlara eri\u015fimiart\u0131rarak b\u00fcy\u00fcmeyi ve istikrar\u0131 sa\u011flamak amac\u0131yla finansal piyasalarserbestle\u015ftirilmi\u015f ancak, sonu\u00e7 beklenenin aksine finansal istikrars\u0131zl\u0131ktaart\u0131\u015f olmu\u015ftur. D\u00fcnyan\u0131n farkl\u0131 \u00fclkelerindeki makro iktisadi geli\u015fmelerin e\u015fanl\u0131 hareketlerinin dinamiklerinin kavranmas\u0131 ve di\u011fer \u00fclkelerin makro iktisadipolitikalar\u0131n\u0131n \u00fclke ekonomisindeki g\u00f6stergelerin de\u011fi\u015fkenli\u011finde ne gibietkiler yarataca\u011f\u0131n\u0131n anla\u015f\u0131lmas\u0131, etkili istikrar ve b\u00fcy\u00fcme politikalar\u0131n\u0131nsaptanabilmesi a\u00e7\u0131s\u0131ndan gereklidir. Bu ba\u011flamda T\u00fcrkiye ekonomisi \u00f6zelindek\u00fcreselle\u015fme ile i\u015f \u00e7evrimlerinin ili\u015fkisinin irdelenmesi hem akademik a\u00e7\u0131danhem de politika yap\u0131c\u0131 a\u00e7\u0131s\u0131ndan b\u00fcy\u00fck \u00f6nem ta\u015f\u0131maktad\u0131r. T\u00fcrkiye\u2019nin k\u00fcreselle\u015fme s\u00fcrecine h\u00e2kim olan iktisadiistikrars\u0131zl\u0131k, T\u00fcrkiye ekonomisinde i\u015f \u00e7evrimlerinin k\u00fcreselle\u015fme boyutuylairdelenmesini gerekli k\u0131lmaktad\u0131r. Bu \u00e7al\u0131\u015fmada T\u00fcrkiye ekonomisi 1980 y\u0131l\u0131ndang\u00fcn\u00fcm\u00fcze uzanan neoliberalle\u015fme hareketlerini i\u00e7erecek bi\u00e7imde ele al\u0131nmakta vei\u015f \u00e7evrimlerinin de\u011fi\u015fkenli\u011finde d\u0131\u015f ticaretin ve sermaye ak\u0131mlar\u0131n\u0131nserbestle\u015ftirilmesi gibi k\u00fcreselleme s\u00fcrecinde \u00f6nem kazanan de\u011fi\u015fkenlerin etkisiirdelenmektedir.<\/p>\n","protected":false},"excerpt":{"rendered":"<p>Geli\u015fmekte olan ekonomilerde, tasarrufu ve fonlara eri\u015fimiart\u0131rarak b\u00fcy\u00fcmeyi ve istikrar\u0131 sa\u011flamak amac\u0131yla finansal piyasalarserbestle\u015ftirilmi\u015f ancak, sonu\u00e7 beklenenin aksine finansal istikrars\u0131zl\u0131ktaart\u0131\u015f olmu\u015ftur. D\u00fcnyan\u0131n farkl\u0131 \u00fclkelerindeki makro iktisadi<span class=\"excerpt-hellip\"> [\u2026]<\/span><\/p>\n","protected":false},"featured_media":0,"template":"","meta":{"_monsterinsights_skip_tracking":false,"_monsterinsights_sitenote_active":false,"_monsterinsights_sitenote_note":"","_monsterinsights_sitenote_category":0},"product_brand":[],"product_cat":[13043,65318],"product_tag":[],"class_list":{"0":"post-764065","1":"product","2":"type-product","3":"status-publish","5":"product_cat-ekonomi","6":"product_cat-kuresellesme","7":"pa_cilt-ciltsiz","8":"pa_tur-kitap","9":"pa_yayinevi-astana-yayinlari","10":"pa_yazar-doc-dr-pinar-fulya-gebesoglu","12":"first","13":"instock","14":"sale","15":"shipping-taxable","16":"purchasable","17":"product-type-simple"},"_links":{"self":[{"href":"https:\/\/roveyayinevi.com.tr\/index.php\/wp-json\/wp\/v2\/product\/764065","targetHints":{"allow":["GET"]}}],"collection":[{"href":"https:\/\/roveyayinevi.com.tr\/index.php\/wp-json\/wp\/v2\/product"}],"about":[{"href":"https:\/\/roveyayinevi.com.tr\/index.php\/wp-json\/wp\/v2\/types\/product"}],"wp:attachment":[{"href":"https:\/\/roveyayinevi.com.tr\/index.php\/wp-json\/wp\/v2\/media?parent=764065"}],"wp:term":[{"taxonomy":"product_brand","embeddable":true,"href":"https:\/\/roveyayinevi.com.tr\/index.php\/wp-json\/wp\/v2\/product_brand?post=764065"},{"taxonomy":"product_cat","embeddable":true,"href":"https:\/\/roveyayinevi.com.tr\/index.php\/wp-json\/wp\/v2\/product_cat?post=764065"},{"taxonomy":"product_tag","embeddable":true,"href":"https:\/\/roveyayinevi.com.tr\/index.php\/wp-json\/wp\/v2\/product_tag?post=764065"}],"curies":[{"name":"wp","href":"https:\/\/api.w.org\/{rel}","templated":true}]}}