{"id":764061,"date":"2025-08-28T10:59:39","date_gmt":"2025-08-28T07:59:39","guid":{"rendered":"https:\/\/roveyayinevi.com.tr\/index.php\/urun\/ahiska-bolgesindeki-gurculerin-konustugu-turk-agzi\/"},"modified":"2026-04-15T03:29:50","modified_gmt":"2026-04-15T00:29:50","slug":"ahiska-bolgesindeki-gurculerin-konustugu-turk-agzi","status":"publish","type":"product","link":"https:\/\/roveyayinevi.com.tr\/index.php\/urun\/ahiska-bolgesindeki-gurculerin-konustugu-turk-agzi\/","title":{"rendered":"Ah\u0131ska B\u00f6lgesindeki G\u00fcrc\u00fclerin Konu\u015ftu\u011fu T\u00fcrk A\u011fz\u0131"},"content":{"rendered":"<p>Ah\u0131ska, Anadolu T\u00fcrkl\u00fc\u011f\u00fcn\u00fcn Kafkasya\u2019ya uzanan co\u011fraf\u00ee ve demografik bir halkas\u0131d\u0131r. Tarihi milattan \u00f6ncesine dayanan T\u00fcrklerin kadim bir yerle\u015fim b\u00f6lgesidir. Bu b\u00f6lgede ileti\u015fim dili olarak kullan\u0131lan T\u00fcrk\u00e7e, 1944 y\u0131l\u0131na kadar ortak dil olma g\u00fcc\u00fcn\u00fc korumaktayd\u0131. Bu dil, Ah\u0131ska T\u00fcrkleri bu b\u00f6lgeden s\u00fcr\u00fcld\u00fckten sonra da, onlarla bir arada ya\u015fayan ve bu dili onlardan \u00f6\u011frenen G\u00fcrc\u00fclerin haf\u0131zalar\u0131nda hala orijinal haliyle hat\u0131rlanmakta ve konu\u015fulmaktad\u0131r. Bu kitap i\u015fte o dilden derleme ve a\u011f\u0131z \u00f6zelliklerini inceleme sonucunda ortaya \u00e7\u0131km\u0131\u015ft\u0131r. Eserdeki metinler, Ah\u0131ska\u2019da kalan T\u00fcrk\u00e7e ve T\u00fcrk k\u00fclt\u00fcr\u00fcn\u00fcn izlerini yans\u0131tmaktad\u0131r. G\u00fcrc\u00fclerin haf\u0131zalar\u0131nda kalan t\u00fcrk\u00fcler, m\u00e2niler, ninniler, atas\u00f6zleri vb. bu izlerin birer \u00f6rne\u011fidir. Ayr\u0131ca metinlerde 1944 s\u00fcrg\u00fcn\u00fc \u00f6ncesinde T\u00fcrkler ve G\u00fcrc\u00fcler aras\u0131ndaki dostluk ve kom\u015fuluk ili\u015fkilerinin yer ald\u0131\u011f\u0131 gibi \u201ckara g\u00fcn\u201d hat\u0131ralar\u0131 da yer almaktad\u0131r. Bu eser, Anadolu\u2019nun g\u00fczelliklerini yans\u0131tan, kadim T\u00fcrkl\u00fc\u011f\u00fcn s\u00f6z varl\u0131\u011f\u0131n\u0131 i\u00e7eren, g\u00fcn\u00fcm\u00fczde Dede Korkut\u2019un dilini temsil eden Ah\u0131ska T\u00fcrk a\u011fz\u0131 \u00fczerine haz\u0131rlanm\u0131\u015f bir alan \u00e7al\u0131\u015fmas\u0131d\u0131r.<\/p>\n","protected":false},"excerpt":{"rendered":"<p>Ah\u0131ska, Anadolu T\u00fcrkl\u00fc\u011f\u00fcn\u00fcn Kafkasya\u2019ya uzanan co\u011fraf\u00ee ve demografik bir halkas\u0131d\u0131r. Tarihi milattan \u00f6ncesine dayanan T\u00fcrklerin kadim bir yerle\u015fim b\u00f6lgesidir. Bu b\u00f6lgede ileti\u015fim dili olarak kullan\u0131lan T\u00fcrk\u00e7e,<span class=\"excerpt-hellip\"> [\u2026]<\/span><\/p>\n","protected":false},"featured_media":0,"template":"","meta":{"_monsterinsights_skip_tracking":false,"_monsterinsights_sitenote_active":false,"_monsterinsights_sitenote_note":"","_monsterinsights_sitenote_category":0},"product_brand":[],"product_cat":[20234,12291],"product_tag":[],"class_list":{"0":"post-764061","1":"product","2":"type-product","3":"status-publish","5":"product_cat-divan-edebiyati-halk-edebiyati","6":"product_cat-edebiyat","7":"pa_cilt-ciltsiz","8":"pa_tur-kitap","9":"pa_yayinevi-astana-yayinlari","10":"pa_yazar-minara-aliyeva-cinar","12":"first","13":"instock","14":"sale","15":"shipping-taxable","16":"purchasable","17":"product-type-simple"},"_links":{"self":[{"href":"https:\/\/roveyayinevi.com.tr\/index.php\/wp-json\/wp\/v2\/product\/764061","targetHints":{"allow":["GET"]}}],"collection":[{"href":"https:\/\/roveyayinevi.com.tr\/index.php\/wp-json\/wp\/v2\/product"}],"about":[{"href":"https:\/\/roveyayinevi.com.tr\/index.php\/wp-json\/wp\/v2\/types\/product"}],"wp:attachment":[{"href":"https:\/\/roveyayinevi.com.tr\/index.php\/wp-json\/wp\/v2\/media?parent=764061"}],"wp:term":[{"taxonomy":"product_brand","embeddable":true,"href":"https:\/\/roveyayinevi.com.tr\/index.php\/wp-json\/wp\/v2\/product_brand?post=764061"},{"taxonomy":"product_cat","embeddable":true,"href":"https:\/\/roveyayinevi.com.tr\/index.php\/wp-json\/wp\/v2\/product_cat?post=764061"},{"taxonomy":"product_tag","embeddable":true,"href":"https:\/\/roveyayinevi.com.tr\/index.php\/wp-json\/wp\/v2\/product_tag?post=764061"}],"curies":[{"name":"wp","href":"https:\/\/api.w.org\/{rel}","templated":true}]}}