{"id":764060,"date":"2025-08-28T10:59:37","date_gmt":"2025-08-28T07:59:37","guid":{"rendered":"https:\/\/roveyayinevi.com.tr\/index.php\/urun\/mutluluk-ekonomisi-ve-akademisyenlerin-mutluluk-ve-yasam-memnuniyetleri-uzerine-bir-inceleme\/"},"modified":"2026-04-15T03:29:50","modified_gmt":"2026-04-15T00:29:50","slug":"mutluluk-ekonomisi-ve-akademisyenlerin-mutluluk-ve-yasam-memnuniyetleri-uzerine-bir-inceleme","status":"publish","type":"product","link":"https:\/\/roveyayinevi.com.tr\/index.php\/urun\/mutluluk-ekonomisi-ve-akademisyenlerin-mutluluk-ve-yasam-memnuniyetleri-uzerine-bir-inceleme\/","title":{"rendered":"Mutluluk Ekonomisi ve Akademisyenlerin Mutluluk ve Ya\u015fam Memnuniyetleri \u00dczerine Bir \u0130nceleme"},"content":{"rendered":"<p>Mutluluk nedir? sorusu belki de d\u00fc\u015f\u00fcnce tarihinin en eski sorular\u0131ndan biridir. Her insan i\u00e7in asl\u0131nda hayat\u0131n temel gayesinin mutluluk oldu\u011fu kabul edilir. Bu da bir\u00e7ok bilim dal\u0131n\u0131n ilgisini \u00e7ekmi\u015f, ilk zamanlardan g\u00fcn\u00fcm\u00fcze kadar mutlu olman\u0131n ve mutlulu\u011fu etkileyen fakt\u00f6rlerin neler oldu\u011fu hep tart\u0131\u015f\u0131lagelmi\u015ftir. Y\u00fczy\u0131llardan beri a\u00e7\u0131klanmaya \u00e7al\u0131\u015f\u0131lan mutluluk kavram\u0131 zaman i\u00e7inde psikoloji ba\u015fta olmak \u00fczere sosyoloji ve toplum bilimleri gibi bir\u00e7ok alanda irdelenmi\u015f ve zamanla \u201cMutluluk Ekonomisi\u201d ba\u015fl\u0131\u011f\u0131 alt\u0131nda iktisat biliminin de tart\u0131\u015fma alanlar\u0131 i\u00e7erisinde yerini alm\u0131\u015ft\u0131r. Bu kapsamda, bu kitap konuya ilgi duyanlar i\u00e7in mutluluk ekonomisine ili\u015fkin temel bilgileri akademisyenler \u00fczerinden \u00f6rnekleyerek ortaya koymak amac\u0131yla haz\u0131rlanm\u0131\u015ft\u0131r.<\/p>\n","protected":false},"excerpt":{"rendered":"<p>Mutluluk nedir? sorusu belki de d\u00fc\u015f\u00fcnce tarihinin en eski sorular\u0131ndan biridir. Her insan i\u00e7in asl\u0131nda hayat\u0131n temel gayesinin mutluluk oldu\u011fu kabul edilir. Bu da bir\u00e7ok bilim<span class=\"excerpt-hellip\"> [\u2026]<\/span><\/p>\n","protected":false},"featured_media":0,"template":"","meta":{"_monsterinsights_skip_tracking":false,"_monsterinsights_sitenote_active":false,"_monsterinsights_sitenote_note":"","_monsterinsights_sitenote_category":0},"product_brand":[],"product_cat":[12573,12566],"product_tag":[],"class_list":{"0":"post-764060","1":"product","2":"type-product","3":"status-publish","5":"product_cat-akademik-kitaplar","6":"product_cat-egitim","7":"pa_cilt-ciltsiz","8":"pa_tur-kitap","9":"pa_yayinevi-astana-yayinlari","10":"pa_yazar-ogr-gor-dr-zuleyha-ozdemir-sevim","12":"first","13":"instock","14":"sale","15":"shipping-taxable","16":"purchasable","17":"product-type-simple"},"_links":{"self":[{"href":"https:\/\/roveyayinevi.com.tr\/index.php\/wp-json\/wp\/v2\/product\/764060","targetHints":{"allow":["GET"]}}],"collection":[{"href":"https:\/\/roveyayinevi.com.tr\/index.php\/wp-json\/wp\/v2\/product"}],"about":[{"href":"https:\/\/roveyayinevi.com.tr\/index.php\/wp-json\/wp\/v2\/types\/product"}],"wp:attachment":[{"href":"https:\/\/roveyayinevi.com.tr\/index.php\/wp-json\/wp\/v2\/media?parent=764060"}],"wp:term":[{"taxonomy":"product_brand","embeddable":true,"href":"https:\/\/roveyayinevi.com.tr\/index.php\/wp-json\/wp\/v2\/product_brand?post=764060"},{"taxonomy":"product_cat","embeddable":true,"href":"https:\/\/roveyayinevi.com.tr\/index.php\/wp-json\/wp\/v2\/product_cat?post=764060"},{"taxonomy":"product_tag","embeddable":true,"href":"https:\/\/roveyayinevi.com.tr\/index.php\/wp-json\/wp\/v2\/product_tag?post=764060"}],"curies":[{"name":"wp","href":"https:\/\/api.w.org\/{rel}","templated":true}]}}