{"id":764059,"date":"2025-08-28T10:59:36","date_gmt":"2025-08-28T07:59:36","guid":{"rendered":"https:\/\/roveyayinevi.com.tr\/index.php\/urun\/tarihsel-surec-icinde-cevresel-guvenlik-politikalari\/"},"modified":"2026-04-15T03:29:50","modified_gmt":"2026-04-15T00:29:50","slug":"tarihsel-surec-icinde-cevresel-guvenlik-politikalari","status":"publish","type":"product","link":"https:\/\/roveyayinevi.com.tr\/index.php\/urun\/tarihsel-surec-icinde-cevresel-guvenlik-politikalari\/","title":{"rendered":"Tarihsel S\u00fcre\u00e7 \u0130\u00e7inde \u00c7evresel G\u00fcvenlik Politikalar\u0131"},"content":{"rendered":"<p>Buzullar eriyor, bir\u00e7ok b\u00f6lgede kurakl\u0131k ya\u015fan\u0131yor, tar\u0131m arazileri yokoluyor, zaten kirlenen su, hava, toprak kirlili\u011fi s\u00fcrekli art\u0131yor, binlercevaril petrol, plastikler denizleri ve hatta okyanuslar\u0131 kirletiyor, \u00e7at\u0131\u015fma vegerginlik \u015fiddetini art\u0131r\u0131yor ve biyolojik ,kimyasal silahlar insan ve do\u011fay\u0131\u00f6ld\u00fcr\u00fcyor, salg\u0131n hastal\u0131klar milyonlarca can al\u0131yor ve s\u00fcrekli \u015fekil de\u011fi\u015ftiriyor,evlerini zorla terk etmek ve kendine bir ya\u015fam alan\u0131 bulmaya \u00e7al\u0131\u015fan insanlar\u201cm\u00fclteci\u201d olarak a\u015fa\u011f\u0131lan\u0131p eziyet ediliyor, hayvanlar\u0131n habitatlar\u0131 yokediliyor vs\u2026.t\u00fcm bu ya\u015fananlara tepkisiz kalamayan do\u011fa kendini s\u0131n\u0131rlar\u0131 a\u015fanfelaketleri ile g\u00f6steriyor.  <span>Sanki bunlar\u0131n kayna\u011f\u0131nda y\u00fczy\u0131llard\u0131r do\u011fay\u0131 s\u00f6m\u00fcren birka\u00e7 \u00fclkeninmihmandarl\u0131\u011f\u0131ndaki iktisadi, siyasi faaliyetler yokmu\u015f gibi, bu sorunlar\u0131kendilerine g\u00fcvenlik tehdidi olarak g\u00f6r\u00fcp yine ayn\u0131 faaliyetler ile ayn\u0131sorunlar\u0131n artmas\u0131na neden olmaktad\u0131rlar. \u00c7\u00f6z\u00fcm olarak m\u00fcnferit uygulamalarharicinde koruyucu ve uygulanamayan bir dizi uluslararas\u0131 zirve ve programlar\u0131nkararlar\u0131 d\u00fcnyaya sunulmaktad\u0131r. Ancak bu sorunlar \u00e7ok boyutlu iktisadi vesosyal d\u00f6n\u00fc\u015f\u00fcm ile \u00e7\u00f6z\u00fclebilir ve bir g\u00fcvenlik tehdidi olarak da g\u00fcvenlikpolitikalar\u0131 kapsam\u0131nda ge\u00e7mi\u015f ve gelecek, neden ve sonu\u00e7ba\u011flam\u0131nda ara\u015ft\u0131r\u0131larak ve s\u00fcrd\u00fcr\u00fclebilir sosyal, siyasal, ekonomik hattapsikolojik stratejiler ile bu tehditlerin g\u00fcvenlikle\u015ftirilmesi sa\u011flanabilir.<\/p>\n","protected":false},"excerpt":{"rendered":"<p>Buzullar eriyor, bir\u00e7ok b\u00f6lgede kurakl\u0131k ya\u015fan\u0131yor, tar\u0131m arazileri yokoluyor, zaten kirlenen su, hava, toprak kirlili\u011fi s\u00fcrekli art\u0131yor, binlercevaril petrol, plastikler denizleri ve hatta okyanuslar\u0131 kirletiyor, \u00e7at\u0131\u015fma<span class=\"excerpt-hellip\"> [\u2026]<\/span><\/p>\n","protected":false},"featured_media":0,"template":"","meta":{"_monsterinsights_skip_tracking":false,"_monsterinsights_sitenote_active":false,"_monsterinsights_sitenote_note":"","_monsterinsights_sitenote_category":0},"product_brand":[],"product_cat":[12337],"product_tag":[],"class_list":{"0":"post-764059","1":"product","2":"type-product","3":"status-publish","5":"product_cat-politika-siyaset","6":"pa_cilt-ciltsiz","7":"pa_tur-kitap","8":"pa_yayinevi-astana-yayinlari","9":"pa_yazar-dr-sonay-sahin","11":"first","12":"instock","13":"sale","14":"shipping-taxable","15":"purchasable","16":"product-type-simple"},"_links":{"self":[{"href":"https:\/\/roveyayinevi.com.tr\/index.php\/wp-json\/wp\/v2\/product\/764059","targetHints":{"allow":["GET"]}}],"collection":[{"href":"https:\/\/roveyayinevi.com.tr\/index.php\/wp-json\/wp\/v2\/product"}],"about":[{"href":"https:\/\/roveyayinevi.com.tr\/index.php\/wp-json\/wp\/v2\/types\/product"}],"wp:attachment":[{"href":"https:\/\/roveyayinevi.com.tr\/index.php\/wp-json\/wp\/v2\/media?parent=764059"}],"wp:term":[{"taxonomy":"product_brand","embeddable":true,"href":"https:\/\/roveyayinevi.com.tr\/index.php\/wp-json\/wp\/v2\/product_brand?post=764059"},{"taxonomy":"product_cat","embeddable":true,"href":"https:\/\/roveyayinevi.com.tr\/index.php\/wp-json\/wp\/v2\/product_cat?post=764059"},{"taxonomy":"product_tag","embeddable":true,"href":"https:\/\/roveyayinevi.com.tr\/index.php\/wp-json\/wp\/v2\/product_tag?post=764059"}],"curies":[{"name":"wp","href":"https:\/\/api.w.org\/{rel}","templated":true}]}}