{"id":764057,"date":"2025-08-28T10:59:34","date_gmt":"2025-08-28T07:59:34","guid":{"rendered":"https:\/\/roveyayinevi.com.tr\/index.php\/urun\/deneyimsel-kalite-fiyat-adaleti-ve-deneyimsel-deger-arasindaki-iliskilerin-incelenmesine-yonelik-bir-calisma\/"},"modified":"2026-04-15T03:29:50","modified_gmt":"2026-04-15T00:29:50","slug":"deneyimsel-kalite-fiyat-adaleti-ve-deneyimsel-deger-arasindaki-iliskilerin-incelenmesine-yonelik-bir-calisma","status":"publish","type":"product","link":"https:\/\/roveyayinevi.com.tr\/index.php\/urun\/deneyimsel-kalite-fiyat-adaleti-ve-deneyimsel-deger-arasindaki-iliskilerin-incelenmesine-yonelik-bir-calisma\/","title":{"rendered":"Deneyimsel Kalite Fiyat Adaleti ve Deneyimsel De\u011fer Aras\u0131ndaki \u0130li\u015fkilerin \u0130ncelenmesine Y\u00f6nelik Bir \u00c7al\u0131\u015fma"},"content":{"rendered":"<p>Felsefe, psikoloji, t\u00fcketicidavran\u0131\u015flar\u0131 ve pazarlama gibi bir\u00e7ok alanda kullan\u0131lan deneyim kavram\u0131, artanrekabet ortam\u0131nda g\u00f6z \u00f6n\u00fcnde bulundurulmas\u0131 gereken bir konu haline gelmi\u015ftir.T\u00fcketiciler, \u00fcr\u00fcnleri sadece fonksiyonel faydalar\u0131 bak\u0131m\u0131ndan de\u011fil, duygusalboyutlar a\u00e7\u0131s\u0131ndan da de\u011ferlendirmektedir. Ba\u015fka bir ifade ile, \u00fcr\u00fcndensa\u011flanacak yarar, sadece \u00fcr\u00fcn\u00fcn kendisine de\u011fil, m\u00fc\u015fterinin sat\u0131n alma \u00f6ncesive sonras\u0131n\u0131 kapsayan s\u00fcre\u00e7te elde edece\u011fi deneyimlerine de ba\u011fl\u0131d\u0131r.  T\u00fcketiciler taraf\u0131ndan ya\u015fan\u0131landeneyimin b\u00fct\u00fcnc\u00fcl bir de\u011ferlendirmesini yans\u0131tan deneyimsel kalite, \u00fcr\u00fcn veyahizmetlerin kullan\u0131lmas\u0131 sonucu ortaya \u00e7\u0131kan deneyimsel de\u011fer alg\u0131s\u0131n\u0131n\u015fekillenmesinde \u00f6nemli bir role sahiptir. Farkl\u0131 kalite alg\u0131lar\u0131 farkl\u0131de\u011ferlendirmelere yol a\u00e7abilmekte ve ya\u015fan\u0131lan deneyime verilen de\u011ferietkilemektedir.  Bu \u00e7al\u0131\u015fmada, deneyimsel kalite ve deneyimsel de\u011ferkavramlar\u0131n\u0131 a\u00e7\u0131klanmakta, bu kavramlar aras\u0131ndaki ili\u015fki incelenmekte ve fiyatadaleti kavram\u0131n\u0131n arac\u0131l\u0131k etkisi ortaya koyulmaktad\u0131r.<\/p>\n","protected":false},"excerpt":{"rendered":"<p>Felsefe, psikoloji, t\u00fcketicidavran\u0131\u015flar\u0131 ve pazarlama gibi bir\u00e7ok alanda kullan\u0131lan deneyim kavram\u0131, artanrekabet ortam\u0131nda g\u00f6z \u00f6n\u00fcnde bulundurulmas\u0131 gereken bir konu haline gelmi\u015ftir.T\u00fcketiciler, \u00fcr\u00fcnleri sadece fonksiyonel faydalar\u0131 bak\u0131m\u0131ndan<span class=\"excerpt-hellip\"> [\u2026]<\/span><\/p>\n","protected":false},"featured_media":0,"template":"","meta":{"_monsterinsights_skip_tracking":false,"_monsterinsights_sitenote_active":false,"_monsterinsights_sitenote_note":"","_monsterinsights_sitenote_category":0},"product_brand":[],"product_cat":[14841,13043],"product_tag":[],"class_list":{"0":"post-764057","1":"product","2":"type-product","3":"status-publish","5":"product_cat-arastirma-inceleme-kuram","6":"product_cat-ekonomi","7":"pa_cilt-ciltsiz","8":"pa_tur-kitap","9":"pa_yayinevi-astana-yayinlari","10":"pa_yazar-dr-aytac-erdem","12":"first","13":"instock","14":"sale","15":"shipping-taxable","16":"purchasable","17":"product-type-simple"},"_links":{"self":[{"href":"https:\/\/roveyayinevi.com.tr\/index.php\/wp-json\/wp\/v2\/product\/764057","targetHints":{"allow":["GET"]}}],"collection":[{"href":"https:\/\/roveyayinevi.com.tr\/index.php\/wp-json\/wp\/v2\/product"}],"about":[{"href":"https:\/\/roveyayinevi.com.tr\/index.php\/wp-json\/wp\/v2\/types\/product"}],"wp:attachment":[{"href":"https:\/\/roveyayinevi.com.tr\/index.php\/wp-json\/wp\/v2\/media?parent=764057"}],"wp:term":[{"taxonomy":"product_brand","embeddable":true,"href":"https:\/\/roveyayinevi.com.tr\/index.php\/wp-json\/wp\/v2\/product_brand?post=764057"},{"taxonomy":"product_cat","embeddable":true,"href":"https:\/\/roveyayinevi.com.tr\/index.php\/wp-json\/wp\/v2\/product_cat?post=764057"},{"taxonomy":"product_tag","embeddable":true,"href":"https:\/\/roveyayinevi.com.tr\/index.php\/wp-json\/wp\/v2\/product_tag?post=764057"}],"curies":[{"name":"wp","href":"https:\/\/api.w.org\/{rel}","templated":true}]}}