{"id":764056,"date":"2025-08-28T10:59:32","date_gmt":"2025-08-28T07:59:32","guid":{"rendered":"https:\/\/roveyayinevi.com.tr\/index.php\/urun\/yunus-zeyrek-armagani\/"},"modified":"2026-04-15T03:29:50","modified_gmt":"2026-04-15T00:29:50","slug":"yunus-zeyrek-armagani","status":"publish","type":"product","link":"https:\/\/roveyayinevi.com.tr\/index.php\/urun\/yunus-zeyrek-armagani\/","title":{"rendered":"Yunus Zeyrek Arma\u011fan\u0131"},"content":{"rendered":"<p>Bir toplumdaki mill\u00ee ayd\u0131nlar;toplumunu, \u00fclkesini ayakta tutan, ayd\u0131nlatan, vatan\u0131na hizmet eden insanlard\u0131r.\u0130yi e\u011fitim alm\u0131\u015f, ger\u00e7eklerin herkes\u00e7e bilinmesi i\u00e7in canla ba\u015fla hareket edenbu insanlar, halk\u0131n i\u00e7inden \u00e7\u0131k\u0131p birikimlerini ve deneyimlerini halk\u0131nayd\u0131nlanmas\u0131 i\u00e7in kullan\u0131rlar. Bug\u00fcn ebediyete intikal etmi\u015f olan bu ayd\u0131nki\u015filerin adlar\u0131 say\u0131lamayacak kadar \u00e7oktur. Ancak bu insanlar\u0131n adlar\u0131n\u0131 ve m\u00fccadeleleriniya\u015fatarak gen\u00e7 ku\u015faklara tan\u0131tmak da \u015fimdiki ayd\u0131nlar\u0131n borcudur. En temel insan haklar\u0131ihlallerine maruz kalan Ah\u0131ska T\u00fcrklerinin yolunu ayd\u0131nlatan, bu toplumun sesiolan, vatana d\u00f6nme konusunda \u00f6nc\u00fcl\u00fck yapan yak\u0131n zamanda ebediyete u\u011furlad\u0131\u011f\u0131m\u0131zayd\u0131n ki\u015filerden biri de Yunus Zeyrek\u2019tir. Ah\u0131ska Davas\u0131\u2019n\u0131n T\u00fcrkiye kamuoyuncabilinmesi ve kabul edilmesinde en b\u00fcy\u00fck deste\u011fi veren bir yazar ve \u015fair olan,ayn\u0131 zamanda edebiyat, tarih ve k\u00fclt\u00fcr konular\u0131nda sadece Ah\u0131ska T\u00fcrklerinede\u011fil b\u00fct\u00fcn Kafkasya ve T\u00fcrkistan\u2019daki T\u00fcrk ve M\u00fcsl\u00fcman halklar\u0131n dertleriyle tasalanan,onlar i\u00e7in hayat\u0131 boyunca kalem oynatan bu T\u00fcrk ayd\u0131n\u0131n\u0131 gelecek ku\u015faklara bir arma\u011fanlatan\u0131tman\u0131n yerinde bir karar oldu\u011funa kalbimizle inand\u0131k. Bu eser de, T\u00fcrktarihinde yerini alan Yunus Zeyrek\u2019in gelecekte fikirlerinin ve emeklerinin tamolarak anla\u015f\u0131lmas\u0131 i\u00e7in m\u00fctevaz\u0131 bir katk\u0131 olarak haz\u0131rlanm\u0131\u015ft\u0131r.<\/p>\n","protected":false},"excerpt":{"rendered":"<p>Bir toplumdaki mill\u00ee ayd\u0131nlar;toplumunu, \u00fclkesini ayakta tutan, ayd\u0131nlatan, vatan\u0131na hizmet eden insanlard\u0131r.\u0130yi e\u011fitim alm\u0131\u015f, ger\u00e7eklerin herkes\u00e7e bilinmesi i\u00e7in canla ba\u015fla hareket edenbu insanlar, halk\u0131n i\u00e7inden \u00e7\u0131k\u0131p<span class=\"excerpt-hellip\"> [\u2026]<\/span><\/p>\n","protected":false},"featured_media":0,"template":"","meta":{"_monsterinsights_skip_tracking":false,"_monsterinsights_sitenote_active":false,"_monsterinsights_sitenote_note":"","_monsterinsights_sitenote_category":0},"product_brand":[],"product_cat":[18545,12291],"product_tag":[],"class_list":{"0":"post-764056","1":"product","2":"type-product","3":"status-publish","5":"product_cat-anlati","6":"product_cat-edebiyat","7":"pa_cilt-ciltsiz","8":"pa_tur-kitap","9":"pa_yayinevi-astana-yayinlari","10":"pa_yazar-minara-aliyeva-cinar","12":"first","13":"instock","14":"sale","15":"shipping-taxable","16":"purchasable","17":"product-type-simple"},"_links":{"self":[{"href":"https:\/\/roveyayinevi.com.tr\/index.php\/wp-json\/wp\/v2\/product\/764056","targetHints":{"allow":["GET"]}}],"collection":[{"href":"https:\/\/roveyayinevi.com.tr\/index.php\/wp-json\/wp\/v2\/product"}],"about":[{"href":"https:\/\/roveyayinevi.com.tr\/index.php\/wp-json\/wp\/v2\/types\/product"}],"wp:attachment":[{"href":"https:\/\/roveyayinevi.com.tr\/index.php\/wp-json\/wp\/v2\/media?parent=764056"}],"wp:term":[{"taxonomy":"product_brand","embeddable":true,"href":"https:\/\/roveyayinevi.com.tr\/index.php\/wp-json\/wp\/v2\/product_brand?post=764056"},{"taxonomy":"product_cat","embeddable":true,"href":"https:\/\/roveyayinevi.com.tr\/index.php\/wp-json\/wp\/v2\/product_cat?post=764056"},{"taxonomy":"product_tag","embeddable":true,"href":"https:\/\/roveyayinevi.com.tr\/index.php\/wp-json\/wp\/v2\/product_tag?post=764056"}],"curies":[{"name":"wp","href":"https:\/\/api.w.org\/{rel}","templated":true}]}}