{"id":764054,"date":"2025-08-28T10:59:29","date_gmt":"2025-08-28T07:59:29","guid":{"rendered":"https:\/\/roveyayinevi.com.tr\/index.php\/urun\/karar-yanliliklari-teorileri-kapsaminda-lisans-ogrencilerinin-belirsizlik-altinda-karar-verme-surecleri\/"},"modified":"2026-04-15T03:29:50","modified_gmt":"2026-04-15T00:29:50","slug":"karar-yanliliklari-teorileri-kapsaminda-lisans-ogrencilerinin-belirsizlik-altinda-karar-verme-surecleri","status":"publish","type":"product","link":"https:\/\/roveyayinevi.com.tr\/index.php\/urun\/karar-yanliliklari-teorileri-kapsaminda-lisans-ogrencilerinin-belirsizlik-altinda-karar-verme-surecleri\/","title":{"rendered":"Karar Yanl\u0131l\u0131klar\u0131 Teorileri Kapsam\u0131nda Lisans \u00d6\u011frencilerinin Belirsizlik Alt\u0131nda Karar Verme S\u00fcre\u00e7leri"},"content":{"rendered":"<p>Anaak\u0131m iktisad\u0131n rasyonelbirey tan\u0131mlamas\u0131na g\u00f6re bireyin, kar\u015f\u0131 kar\u015f\u0131ya kalm\u0131\u015f oldu\u011fu t\u00fcmalternatifleri ve bu alternatiflerin sonu\u00e7lar\u0131n\u0131 bildi\u011fi, belirsizlik alt\u0131ndakarar verirken t\u00fcm olas\u0131l\u0131klar\u0131 hesaplad\u0131\u011f\u0131, tam bilgiye sahip oldu\u011fu veb\u00f6ylece her zaman kendisi i\u00e7in en ideal karar\u0131 alabilece\u011fi iddia edilmektedir. Ancakdavran\u0131\u015fsal iktisat, anaak\u0131m\u0131n bu varsay\u0131mlar\u0131n\u0131n ger\u00e7ek ya\u015famda kar\u015f\u0131l\u0131\u011f\u0131n\u0131nolmad\u0131\u011f\u0131n\u0131 ve bireylerin karar verme s\u00fcre\u00e7lerinde bili\u015fsel yanl\u0131l\u0131klarlahareket etti\u011fini, bir\u00e7ok sistematik hataya d\u00fc\u015ft\u00fc\u011f\u00fcn\u00fc ve \u00e7o\u011fu zaman sezgiseldavrand\u0131\u011f\u0131n\u0131 ortaya koymaktad\u0131r. \u00c7\u00fcnk\u00fc bireyler esas\u0131nda s\u0131n\u0131rl\u0131 zihinselkapasiteye, s\u0131n\u0131rl\u0131 zamana, s\u0131n\u0131rl\u0131 iradeye ve s\u0131n\u0131rl\u0131 yeteneklere sahip olanvarl\u0131klard\u0131r. Ekonomik, \u00e7evresel, fiziksel, sosyal ve daha bir\u00e7ok alana etkieden e\u011fitimin ise bireyin hayat\u0131nda olduk\u00e7a uzun vadeli, karma\u015f\u0131k ve \u00f6nemli birkonu oldu\u011fu bilinmektedir. Dolay\u0131s\u0131yla bireylerin e\u011fitim kararlar\u0131n\u0131n, kararverme s\u00fcre\u00e7lerinde kar\u015f\u0131la\u015ft\u0131klar\u0131 belirsizliklerin, sahip olduklar\u0131 yanl\u0131l\u0131klar\u0131nincelenmesi ve kendisine fayda sa\u011flamayan hi\u00e7bir se\u00e7ene\u011fi tercih etmeyen bireye\u011fitim karar\u0131nda rasyonel midir? sorusu ayr\u0131ca \u00f6nem kazanmaktad\u0131r.<\/p>\n","protected":false},"excerpt":{"rendered":"<p>Anaak\u0131m iktisad\u0131n rasyonelbirey tan\u0131mlamas\u0131na g\u00f6re bireyin, kar\u015f\u0131 kar\u015f\u0131ya kalm\u0131\u015f oldu\u011fu t\u00fcmalternatifleri ve bu alternatiflerin sonu\u00e7lar\u0131n\u0131 bildi\u011fi, belirsizlik alt\u0131ndakarar verirken t\u00fcm olas\u0131l\u0131klar\u0131 hesaplad\u0131\u011f\u0131, tam bilgiye sahip oldu\u011fu<span class=\"excerpt-hellip\"> [\u2026]<\/span><\/p>\n","protected":false},"featured_media":0,"template":"","meta":{"_monsterinsights_skip_tracking":false,"_monsterinsights_sitenote_active":false,"_monsterinsights_sitenote_note":"","_monsterinsights_sitenote_category":0},"product_brand":[],"product_cat":[12573,12566],"product_tag":[],"class_list":{"0":"post-764054","1":"product","2":"type-product","3":"status-publish","5":"product_cat-akademik-kitaplar","6":"product_cat-egitim","7":"pa_cilt-ciltsiz","8":"pa_tur-kitap","9":"pa_yayinevi-astana-yayinlari","10":"pa_yazar-tugba-inci","12":"first","13":"instock","14":"sale","15":"shipping-taxable","16":"purchasable","17":"product-type-simple"},"_links":{"self":[{"href":"https:\/\/roveyayinevi.com.tr\/index.php\/wp-json\/wp\/v2\/product\/764054","targetHints":{"allow":["GET"]}}],"collection":[{"href":"https:\/\/roveyayinevi.com.tr\/index.php\/wp-json\/wp\/v2\/product"}],"about":[{"href":"https:\/\/roveyayinevi.com.tr\/index.php\/wp-json\/wp\/v2\/types\/product"}],"wp:attachment":[{"href":"https:\/\/roveyayinevi.com.tr\/index.php\/wp-json\/wp\/v2\/media?parent=764054"}],"wp:term":[{"taxonomy":"product_brand","embeddable":true,"href":"https:\/\/roveyayinevi.com.tr\/index.php\/wp-json\/wp\/v2\/product_brand?post=764054"},{"taxonomy":"product_cat","embeddable":true,"href":"https:\/\/roveyayinevi.com.tr\/index.php\/wp-json\/wp\/v2\/product_cat?post=764054"},{"taxonomy":"product_tag","embeddable":true,"href":"https:\/\/roveyayinevi.com.tr\/index.php\/wp-json\/wp\/v2\/product_tag?post=764054"}],"curies":[{"name":"wp","href":"https:\/\/api.w.org\/{rel}","templated":true}]}}